{"id":4924,"date":"2025-12-17T02:37:18","date_gmt":"2025-12-17T01:37:18","guid":{"rendered":"https:\/\/yourdailyjewellery.eu\/shop-2\/armband-gold-4-flow\/"},"modified":"2025-12-17T02:37:18","modified_gmt":"2025-12-17T01:37:18","slug":"armband-gold-4-flow","status":"publish","type":"product","link":"https:\/\/yourdailyjewellery.eu\/de\/shop-2\/armband-gold-4-flow\/","title":{"rendered":"Armband Gold 4 flow"},"content":{"rendered":"<h4>Armband Gold 4 flow \u2013 Goldener Glanz mit Sonnenstrahlen-Effekt<\/h4>\n<p>F\u00fcr Liebhaberinnen von reinem Gold und maximalem Glanz ist das <b>Armband Gold 4 flow<\/b> da. Dieses exklusive St\u00fcck unterscheidet sich von seinen farbigen \u201eSchwestern\u201c dadurch, dass es komplett in Gold geh\u00fcllt ist. Die f\u00fcnf Blumenmotive haben keine farbige F\u00fcllung, sondern bestechen durch eine wundersch\u00f6ne <strong>strahlenf\u00f6rmige Textur<\/strong> (sog. Sunray- oder Guilloch\u00e9-Effekt), die an Sonnenstrahlen erinnert, die aus der Mitte der Bl\u00fcte aufsteigen.  <\/p>\n<p><b>Warum dieses Modell der Inbegriff von Eleganz ist:<\/b><\/p>\n<ul>\n<li>\n<p><b>Lichtspiel:<\/b> Dank der feinen Rillen auf der Oberfl\u00e4che der Bl\u00fcten wird das Licht in verschiedenen Winkeln gebrochen. Das Armband funkelt so bei Bewegung wundersch\u00f6n, als w\u00e4re es mit Diamanten besetzt, obwohl es sich um reines Metall handelt. <\/p>\n<\/li>\n<li>\n<p><b>Monochromer Luxus:<\/b> Der \u201eTon-in-Ton\u201c-Stil (komplett goldene Ausf\u00fchrung) wirkt sehr edel, raffiniert und zeitlos. Er erinnert an Schmuckst\u00fccke aus den Werkst\u00e4tten der renommiertesten Juweliere der Welt. <\/p>\n<\/li>\n<li>\n<p><b>Absolute Vielseitigkeit:<\/b> Da es keine spezifische Emailfarbe enth\u00e4lt, passt es absolut zu allem. Es ist das vielseitigste St\u00fcck in Ihrer Schmuckschatulle. <\/p>\n<\/li>\n<li>\n<p><b>Premium-Qualit\u00e4t:<\/b> Hergestellt aus robustem <b>Chirurgenstahl 316L<\/b> (Etikett S.STEEL) mit 18k Vergoldung. Es ist 100% wasserdicht, sodass Sie damit baden, duschen und Sport treiben k\u00f6nnen, ohne dass es an Glanz verliert. <\/p>\n<\/li>\n<\/ul>\n<p><b>Wie tr\u00e4gt man es?<\/b><\/p>\n<ol>\n<li>\n<p><b>Golden Goddess:<\/b> Tragen Sie es zu gebr\u00e4unter Haut und wei\u00dfen oder beigen Outfits. Die goldene Farbe l\u00e4sst Sie f\u00f6rmlich strahlen. <\/p>\n<\/li>\n<li>\n<p><b>Master Stacking:<\/b> Kombinieren Sie es mit farbigen Versionen (z.B. Black oder Green 4 flow). Das ganzgoldene Armband verbindet sie harmonisch und rundet sie ab. <\/p>\n<\/li>\n<\/ol>\n","protected":false},"excerpt":{"rendered":"<p>Entdecken Sie die Sch\u00f6nheit reinen Metalls mit dem Armband <b>Gold 4 flow<\/b>. Dieses wundersch\u00f6ne Armband zieren 5 goldene Bl\u00fcten mit einer speziellen <strong>strahlenf\u00f6rmigen Textur<\/strong> (Sunray-Finish), die schillernde Reflexe erzeugt. Hergestellt aus hochwertigem <b>Chirurgenstahl<\/b>, ist es 100% wasserdicht, hypoallergen und farbbest\u00e4ndig. Ein luxuri\u00f6ses Accessoire, das zu jedem Outfit passt.   <\/p>\n","protected":false},"featured_media":4925,"comment_status":"closed","ping_status":"closed","template":"","meta":{"_monsterinsights_skip_tracking":false,"_monsterinsights_sitenote_active":false,"_monsterinsights_sitenote_note":"","_monsterinsights_sitenote_category":0,"_joinchat":[]},"product_brand":[],"product_cat":[183],"product_tag":[],"class_list":{"0":"post-4924","1":"product","2":"type-product","3":"status-publish","4":"has-post-thumbnail","6":"product_cat-armbander","8":"first","9":"instock","10":"taxable","11":"shipping-taxable","12":"purchasable","13":"product-type-simple"},"_links":{"self":[{"href":"https:\/\/yourdailyjewellery.eu\/de\/wp-json\/wp\/v2\/product\/4924","targetHints":{"allow":["GET"]}}],"collection":[{"href":"https:\/\/yourdailyjewellery.eu\/de\/wp-json\/wp\/v2\/product"}],"about":[{"href":"https:\/\/yourdailyjewellery.eu\/de\/wp-json\/wp\/v2\/types\/product"}],"replies":[{"embeddable":true,"href":"https:\/\/yourdailyjewellery.eu\/de\/wp-json\/wp\/v2\/comments?post=4924"}],"wp:featuredmedia":[{"embeddable":true,"href":"https:\/\/yourdailyjewellery.eu\/de\/wp-json\/wp\/v2\/media\/4925"}],"wp:attachment":[{"href":"https:\/\/yourdailyjewellery.eu\/de\/wp-json\/wp\/v2\/media?parent=4924"}],"wp:term":[{"taxonomy":"product_brand","embeddable":true,"href":"https:\/\/yourdailyjewellery.eu\/de\/wp-json\/wp\/v2\/product_brand?post=4924"},{"taxonomy":"product_cat","embeddable":true,"href":"https:\/\/yourdailyjewellery.eu\/de\/wp-json\/wp\/v2\/product_cat?post=4924"},{"taxonomy":"product_tag","embeddable":true,"href":"https:\/\/yourdailyjewellery.eu\/de\/wp-json\/wp\/v2\/product_tag?post=4924"}],"curies":[{"name":"wp","href":"https:\/\/api.w.org\/{rel}","templated":true}]}}