{"id":4914,"date":"2025-12-17T02:37:44","date_gmt":"2025-12-17T01:37:44","guid":{"rendered":"https:\/\/yourdailyjewellery.eu\/shop-2\/kette-sea-2\/"},"modified":"2025-12-17T02:37:44","modified_gmt":"2025-12-17T01:37:44","slug":"kette-sea-2","status":"publish","type":"product","link":"https:\/\/yourdailyjewellery.eu\/de\/shop-2\/kette-sea-2\/","title":{"rendered":"Kette Sea 2"},"content":{"rendered":"<h4>Halskette Sea 2 \u2013 Eine Sommergeschichte in f\u00fcnf Symbolen<\/h4>\n<p>Warum nur einen Anh\u00e4nger w\u00e4hlen, wenn Sie f\u00fcnf haben k\u00f6nnen? <b>Die Halskette Sea 2<\/b> ist eine Feier der Freude, Liebe und des Sommers. Diese verspielte Halskette im \u201eCharm Necklace\u201c-Stil wirkt, als h\u00e4tten Sie im Urlaub nach und nach die sch\u00f6nsten Talismane gesammelt und zu einem einzigartigen Schmuckst\u00fcck vereint. <\/p>\n<p><b>Entdecken Sie die Bedeutung jedes Anh\u00e4ngers:<\/b><\/p>\n<ul>\n<li>\n<p><b>Sonnenblume:<\/b> Die detailreich gearbeitete goldene Blume symbolisiert Sonne, Energie und Optimismus. Es ist ein L\u00e4cheln, das Sie am Hals tragen k\u00f6nnen. <\/p>\n<\/li>\n<li>\n<p><b>Wei\u00dfes Herz:<\/b> Das zarte Herz (in Perlmutt- oder wei\u00dfer Achat-Optik) steht f\u00fcr reine Liebe und Z\u00e4rtlichkeit.<\/p>\n<\/li>\n<li>\n<p><b>Brennendes Herz (Sacred Heart):<\/b> Der zentrale, gr\u00f6\u00dfte Anh\u00e4nger in Herzform mit Strahlen (oder Flammen) am Rand symbolisiert Leidenschaft und starke Emotionen.<\/p>\n<\/li>\n<li>\n<p><b>Blauer Kristall:<\/b> Die geschliffene Perle in wundersch\u00f6ner Aquamarin-Farbe erinnert an die Meeresoberfl\u00e4che und verleiht dem ganzgoldenen Schmuckst\u00fcck einen erfrischenden Farbakzent.<\/p>\n<\/li>\n<li>\n<p><b>Abstraktes Herz:<\/b> Die moderne, offene Herzform (im \u201eScribble\u201c-Stil) verleiht der Halskette eine k\u00fcnstlerische und entspannte Note.<\/p>\n<\/li>\n<\/ul>\n<p><b>Stabile Basis:<\/b> All diese Sch\u00e4tze h\u00e4ngen an einer massiveren <strong>Panzerkette (Curb chain)<\/strong>, die nicht nur gro\u00dfartig aussieht, sondern auch das Gewicht aller Anh\u00e4nger sicher h\u00e4lt. Gefertigt aus robustem <b>Chirurgenstahl 316L<\/b> mit 18k Vergoldung, ist diese Halskette bereit f\u00fcr all Ihre Sommerabenteuer \u2013 einschlie\u00dflich des Badens im Meer. <\/p>\n<p><b>Wie tr\u00e4gt man es?<\/b><\/p>\n<ol>\n<li>\n<p><b>Festival Vibes:<\/b> Es ist das perfekte St\u00fcck f\u00fcr Musikfestivals oder Sommerpartys. Tragen Sie es zu Denim-Shorts und einem H\u00e4kel-Top. <\/p>\n<\/li>\n<li>\n<p><b>Strahlendes Wei\u00df:<\/b> Lassen Sie es auf einem einfachen wei\u00dfen T-Shirt oder Hemd hervorstechen. Seine Vielfalt und Textur beleben sofort das gesamte Outfit. <\/p>\n<\/li>\n<\/ol>\n","protected":false},"excerpt":{"rendered":"<p>Erleben Sie einen Sommer voller Farben mit der Halskette <b>Sea 2<\/b>. Diese trendige goldene \u201eCharm\u201c-Halskette zieren <strong>f\u00fcnf verschiedene Anh\u00e4nger<\/strong>: eine goldene Sonnenblume, ein wei\u00dfes Herzchen, ein zentrales strahlendes Herz, ein blauer Kristall und ein modernes offenes Herz. Befestigt auf einer stabileren Panzerkette. Gefertigt aus hochwertigem <b>Chirurgenstahl<\/b>, ist sie 100% wasserdicht, hypoallergen und farbbest\u00e4ndig.   <\/p>\n","protected":false},"featured_media":4915,"comment_status":"closed","ping_status":"closed","template":"","meta":{"_monsterinsights_skip_tracking":false,"_monsterinsights_sitenote_active":false,"_monsterinsights_sitenote_note":"","_monsterinsights_sitenote_category":0,"_joinchat":[]},"product_brand":[],"product_cat":[196],"product_tag":[],"class_list":{"0":"post-4914","1":"product","2":"type-product","3":"status-publish","4":"has-post-thumbnail","6":"product_cat-halsketten","8":"first","9":"instock","10":"taxable","11":"shipping-taxable","12":"purchasable","13":"product-type-simple"},"_links":{"self":[{"href":"https:\/\/yourdailyjewellery.eu\/de\/wp-json\/wp\/v2\/product\/4914","targetHints":{"allow":["GET"]}}],"collection":[{"href":"https:\/\/yourdailyjewellery.eu\/de\/wp-json\/wp\/v2\/product"}],"about":[{"href":"https:\/\/yourdailyjewellery.eu\/de\/wp-json\/wp\/v2\/types\/product"}],"replies":[{"embeddable":true,"href":"https:\/\/yourdailyjewellery.eu\/de\/wp-json\/wp\/v2\/comments?post=4914"}],"wp:featuredmedia":[{"embeddable":true,"href":"https:\/\/yourdailyjewellery.eu\/de\/wp-json\/wp\/v2\/media\/4915"}],"wp:attachment":[{"href":"https:\/\/yourdailyjewellery.eu\/de\/wp-json\/wp\/v2\/media?parent=4914"}],"wp:term":[{"taxonomy":"product_brand","embeddable":true,"href":"https:\/\/yourdailyjewellery.eu\/de\/wp-json\/wp\/v2\/product_brand?post=4914"},{"taxonomy":"product_cat","embeddable":true,"href":"https:\/\/yourdailyjewellery.eu\/de\/wp-json\/wp\/v2\/product_cat?post=4914"},{"taxonomy":"product_tag","embeddable":true,"href":"https:\/\/yourdailyjewellery.eu\/de\/wp-json\/wp\/v2\/product_tag?post=4914"}],"curies":[{"name":"wp","href":"https:\/\/api.w.org\/{rel}","templated":true}]}}