{"id":4894,"date":"2025-12-17T02:37:47","date_gmt":"2025-12-17T01:37:47","guid":{"rendered":"https:\/\/yourdailyjewellery.eu\/shop-2\/armband-aurora\/"},"modified":"2025-12-17T02:37:47","modified_gmt":"2025-12-17T01:37:47","slug":"armband-aurora","status":"publish","type":"product","link":"https:\/\/yourdailyjewellery.eu\/de\/shop-2\/armband-aurora\/","title":{"rendered":"Armband Aurora"},"content":{"rendered":"<h4>Armband Aurora \u2013 Der Schimmer der Morgensonne<\/h4>\n<p>Wecken Sie Ihre Weiblichkeit mit dem Armband <b>Aurora<\/b>. Dieses bezaubernde <strong>Doppelarmband<\/strong> ist nach der r\u00f6mischen G\u00f6ttin der Morgenr\u00f6te benannt und wirkt auch genau so \u2013 wie die ersten w\u00e4rmenden Sonnenstrahlen auf Ihrer Haut. Die perfekte Harmonie zweier unterschiedlicher Ketten schafft ein Schmuckst\u00fcck, das modern und zugleich zeitlos ist.  <\/p>\n<p><b>Warum dieses Layering-Modell Liebe auf den ersten Blick ist:<\/b><\/p>\n<ul>\n<li>\n<p><b>Spiel der Texturen:<\/b>\n    <\/p>\n<ul>\n<li>Die Basis bildet eine breitere, <strong>flache Herringbone-Kette<\/strong> (Schlangenkette), die sich durch seidige Gl\u00e4tte und Spiegelglanz auszeichnet.<\/li>\n<li>Erg\u00e4nzt wird sie durch eine zarte Rundkette, verziert mit regelm\u00e4\u00dfig angeordneten <strong>goldenen K\u00fcgelchen<\/strong> (Station \/ Satellite Chain), die dem Schmuckst\u00fcck Verspieltheit und eine 3D-Struktur verleiht.<\/li>\n<\/ul>\n<\/li>\n<li>\n<p><b>Maximale Vielseitigkeit (Hand &amp; Fu\u00df):<\/b> Dank der ausreichend langen Verl\u00e4ngerungskette ist dieses Modell ein Meister der Variabilit\u00e4t. Tragen Sie es als opulentes Armband am <strong>Handgelenk<\/strong> zu einem eleganten Sakko, oder befestigen Sie es im Sommer am <strong>Kn\u00f6chel<\/strong> und lassen Sie es in Sandalen strahlen. <\/p>\n<\/li>\n<li>\n<p><b>Instant-Layering:<\/b> Sie m\u00fcssen nicht kompliziert mehrere Armb\u00e4nder kombinieren. Aurora bietet Ihnen den trendigen Layering-Look in einem einzigen, bequemen St\u00fcck. <\/p>\n<\/li>\n<li>\n<p><b>Qualit\u00e4t, die nicht verblasst:<\/b> Hergestellt aus hochwertigem <b>Chirurgenstahl 316L<\/b> mit 18k Vergoldung. Es ist 100% wasserdicht. Egal, ob Sie sich damit sonnen oder im Meer baden, seine goldene Farbe bleibt gleich intensiv.  <\/p>\n<\/li>\n<\/ul>\n<p><b>Wie tr\u00e4gt man es?<\/b><\/p>\n<ol>\n<li>\n<p><b>Golden Glow:<\/b> Es sieht am besten auf gebr\u00e4unter Haut aus. Sein Glanz betont wundersch\u00f6n den Bronzeton Ihrer Beine oder H\u00e4nde. <\/p>\n<\/li>\n<li>\n<p><b>Minimalistischer Chic:<\/b> Es ist ausdrucksstark genug, um das einzige Schmuckst\u00fcck zu sein, das Sie brauchen. Passt hervorragend zu wei\u00dfen Leinenkleidern. <\/p>\n<\/li>\n<\/ol>\n","protected":false},"excerpt":{"rendered":"<p>Strahlen Sie mit dem Armband <b>Aurora<\/b>. Dieses stilvolle <strong>Doppelarmband<\/strong> kombiniert eine flache <strong>Herringbone-Kette<\/strong> (Schlangenkette) mit einer zarten Kette, verziert mit <strong>goldenen K\u00fcgelchen<\/strong>. Es erzeugt einen perfekten Layering-Effekt. Dank der verstellbaren L\u00e4nge eignet es sich zum Tragen am Handgelenk und am Kn\u00f6chel. Hergestellt aus hochwertigem <b>Chirurgenstahl<\/b>, ist es 100% wasserdicht, hypoallergen und farbbest\u00e4ndig.    <\/p>\n","protected":false},"featured_media":4895,"comment_status":"closed","ping_status":"closed","template":"","meta":{"_monsterinsights_skip_tracking":false,"_monsterinsights_sitenote_active":false,"_monsterinsights_sitenote_note":"","_monsterinsights_sitenote_category":0,"_joinchat":[]},"product_brand":[],"product_cat":[183,184],"product_tag":[],"class_list":{"0":"post-4894","1":"product","2":"type-product","3":"status-publish","4":"has-post-thumbnail","6":"product_cat-armbander","7":"product_cat-fuskettchen","9":"first","10":"instock","11":"taxable","12":"shipping-taxable","13":"purchasable","14":"product-type-simple"},"_links":{"self":[{"href":"https:\/\/yourdailyjewellery.eu\/de\/wp-json\/wp\/v2\/product\/4894","targetHints":{"allow":["GET"]}}],"collection":[{"href":"https:\/\/yourdailyjewellery.eu\/de\/wp-json\/wp\/v2\/product"}],"about":[{"href":"https:\/\/yourdailyjewellery.eu\/de\/wp-json\/wp\/v2\/types\/product"}],"replies":[{"embeddable":true,"href":"https:\/\/yourdailyjewellery.eu\/de\/wp-json\/wp\/v2\/comments?post=4894"}],"wp:featuredmedia":[{"embeddable":true,"href":"https:\/\/yourdailyjewellery.eu\/de\/wp-json\/wp\/v2\/media\/4895"}],"wp:attachment":[{"href":"https:\/\/yourdailyjewellery.eu\/de\/wp-json\/wp\/v2\/media?parent=4894"}],"wp:term":[{"taxonomy":"product_brand","embeddable":true,"href":"https:\/\/yourdailyjewellery.eu\/de\/wp-json\/wp\/v2\/product_brand?post=4894"},{"taxonomy":"product_cat","embeddable":true,"href":"https:\/\/yourdailyjewellery.eu\/de\/wp-json\/wp\/v2\/product_cat?post=4894"},{"taxonomy":"product_tag","embeddable":true,"href":"https:\/\/yourdailyjewellery.eu\/de\/wp-json\/wp\/v2\/product_tag?post=4894"}],"curies":[{"name":"wp","href":"https:\/\/api.w.org\/{rel}","templated":true}]}}