{"id":4888,"date":"2025-12-17T02:37:47","date_gmt":"2025-12-17T01:37:47","guid":{"rendered":"https:\/\/yourdailyjewellery.eu\/shop-2\/armband-roma-4\/"},"modified":"2025-12-17T02:37:47","modified_gmt":"2025-12-17T01:37:47","slug":"armband-roma-4","status":"publish","type":"product","link":"https:\/\/yourdailyjewellery.eu\/de\/shop-2\/armband-roma-4\/","title":{"rendered":"Armband Roma 4"},"content":{"rendered":"<h4>Armband Roma 4 \u2013 Symbol der ewigen Verbindung<\/h4>\n<p>G\u00f6nnen Sie sich einen Hauch von Weltluxus mit dem Armband <b>Roma 4<\/b>. Dieses exklusive Schmuckst\u00fcck vereint Geschichte und modernen Glanz. Dominantes Element sind <strong>zwei ineinander verschlungene Kreise<\/strong>, die unendliche Liebe, Freundschaft und eine unzertrennliche Bindung symbolisieren.  <\/p>\n<p><b>Warum dieses Design eine absolute Ikone ist:<\/b><\/p>\n<ul>\n<li>\n<p><b>Luxuri\u00f6ser Kontrast:<\/b> Der erste Kreis ist glatt und mit gravierten <strong>r\u00f6mischen Ziffern<\/strong> verziert, was dem Schmuckst\u00fcck einen klassischen, zeitlosen Charakter verleiht. Der zweite Kreis ist reich mit strahlenden <strong>klaren Kristallen<\/strong> besetzt, die ihm die n\u00f6tige Dosis Glamour verleihen. <\/p>\n<\/li>\n<li>\n<p><b>Doppelte Kette:<\/b> Der Anh\u00e4nger ist an einer feinen <strong>doppelten Kette<\/strong> befestigt. Dieses Detail wirkt am Arm (oder Fu\u00df) viel voller und eleganter als eine einfache Schnur. <\/p>\n<\/li>\n<li>\n<p><b>Vielseitigkeit (2-in-1):<\/b> Dank der l\u00e4ngeren Verl\u00e4ngerungskette ist dieses Modell variabel. Sie k\u00f6nnen es als luxuri\u00f6ses Armband am <strong>Handgelenk<\/strong> oder als stilvolles Schmuckst\u00fcck am <strong>Kn\u00f6chel<\/strong> tragen, wo es in Pumps oder Sandalen wundersch\u00f6n zur Geltung kommt. <\/p>\n<\/li>\n<li>\n<p><b>Dauerhafte Qualit\u00e4t:<\/b> Hergestellt aus hochwertigem <b>Chirurgenstahl 316L<\/b> mit 18 Karat Vergoldung. Es ist 100% wasserdicht, sodass Sie damit duschen und baden k\u00f6nnen, ohne sich um seine Sch\u00f6nheit sorgen zu m\u00fcssen. <\/p>\n<\/li>\n<\/ul>\n<p><b>Wie tr\u00e4gt man es?<\/b><\/p>\n<ol>\n<li>\n<p><b>Eleganter Akzent:<\/b> Es ist das ideale Schmuckst\u00fcck f\u00fcr elegante Outfits \u2013 zu Kost\u00fcmen, Blusen oder Cocktailkleidern. Es wirkt repr\u00e4sentativ und geschmackvoll. <\/p>\n<\/li>\n<li>\n<p><b>Geschenk der Liebe:<\/b> Dank der Symbolik der ineinander verschlungenen Kreise ist es ein perfektes Geschenk f\u00fcr die Partnerin oder die beste Freundin.<\/p>\n<\/li>\n<\/ol>\n","protected":false},"excerpt":{"rendered":"<p>Verlieben Sie sich in das zeitlose Design des Armbands <b>Roma 4<\/b>. Dieses <strong>doppelte Goldarmband<\/strong> ziert ein Anh\u00e4nger aus zwei <strong>ineinander verschlungenen Kreisen<\/strong> \u2013 einer mit <strong>r\u00f6mischen Ziffern<\/strong>, der andere mit <strong>Kristallen<\/strong> besetzt. Dank der verstellbaren L\u00e4nge eignet es sich zum Tragen am Handgelenk und am Kn\u00f6chel. Hergestellt aus hochwertigem <b>Chirurgenstahl<\/b>, ist es 100% wasserdicht, hypoallergen und farbbest\u00e4ndig.   <\/p>\n","protected":false},"featured_media":4889,"comment_status":"closed","ping_status":"closed","template":"","meta":{"_monsterinsights_skip_tracking":false,"_monsterinsights_sitenote_active":false,"_monsterinsights_sitenote_note":"","_monsterinsights_sitenote_category":0,"_joinchat":[]},"product_brand":[],"product_cat":[183,184],"product_tag":[],"class_list":{"0":"post-4888","1":"product","2":"type-product","3":"status-publish","4":"has-post-thumbnail","6":"product_cat-armbander","7":"product_cat-fuskettchen","9":"first","10":"instock","11":"taxable","12":"shipping-taxable","13":"purchasable","14":"product-type-simple"},"_links":{"self":[{"href":"https:\/\/yourdailyjewellery.eu\/de\/wp-json\/wp\/v2\/product\/4888","targetHints":{"allow":["GET"]}}],"collection":[{"href":"https:\/\/yourdailyjewellery.eu\/de\/wp-json\/wp\/v2\/product"}],"about":[{"href":"https:\/\/yourdailyjewellery.eu\/de\/wp-json\/wp\/v2\/types\/product"}],"replies":[{"embeddable":true,"href":"https:\/\/yourdailyjewellery.eu\/de\/wp-json\/wp\/v2\/comments?post=4888"}],"wp:featuredmedia":[{"embeddable":true,"href":"https:\/\/yourdailyjewellery.eu\/de\/wp-json\/wp\/v2\/media\/4889"}],"wp:attachment":[{"href":"https:\/\/yourdailyjewellery.eu\/de\/wp-json\/wp\/v2\/media?parent=4888"}],"wp:term":[{"taxonomy":"product_brand","embeddable":true,"href":"https:\/\/yourdailyjewellery.eu\/de\/wp-json\/wp\/v2\/product_brand?post=4888"},{"taxonomy":"product_cat","embeddable":true,"href":"https:\/\/yourdailyjewellery.eu\/de\/wp-json\/wp\/v2\/product_cat?post=4888"},{"taxonomy":"product_tag","embeddable":true,"href":"https:\/\/yourdailyjewellery.eu\/de\/wp-json\/wp\/v2\/product_tag?post=4888"}],"curies":[{"name":"wp","href":"https:\/\/api.w.org\/{rel}","templated":true}]}}