{"id":4861,"date":"2025-12-17T02:37:08","date_gmt":"2025-12-17T01:37:08","guid":{"rendered":"https:\/\/yourdailyjewellery.eu\/shop-2\/ohrringe-sizilien\/"},"modified":"2025-12-17T02:37:08","modified_gmt":"2025-12-17T01:37:08","slug":"ohrringe-sizilien","status":"publish","type":"product","link":"https:\/\/yourdailyjewellery.eu\/de\/shop-2\/ohrringe-sizilien\/","title":{"rendered":"Ohrringe Sizilien"},"content":{"rendered":"<h4>Ohrringe Sizilien \u2013 Geometrischer Charme und ein Hauch italienischer Sonne<\/h4>\n<p>Lassen Sie sich von der Atmosph\u00e4re des hei\u00dfen italienischen S\u00fcdens verzaubern. Die Ohrringe <b>Sizilien<\/b> sind k\u00fchn, modern und un\u00fcbersehbar. Diese goldenen Ohrringe bestechen durch ihre unkonventionelle <strong>geometrische Trapezform<\/strong> und eine markante <strong>geh\u00e4mmerte Struktur<\/strong>, die an die Reflexionen der Sonne auf der Meeresoberfl\u00e4che erinnert.  <\/p>\n<p><b>Ihre Einzigartigkeit:<\/b><\/p>\n<ul>\n<li>\n<p><b>Moderne Geometrie:<\/b> Vergessen Sie klassische Kreise. Die eckige, trapezf\u00f6rmige Form (Trapez-Creolen) ist ein aktueller Hit, der Ihrem Gesicht sch\u00e4rfere Konturen und einen modernen Look verleiht. <\/p>\n<\/li>\n<li>\n<p><b>Faszinierende Oberfl\u00e4che:<\/b> Das geh\u00e4mmerte Muster (Hammered Finish) erzeugt auf der Oberfl\u00e4che der Ohrringe Hunderte kleiner Facetten, die das Licht brechen und daf\u00fcr sorgen, dass das Schmuckst\u00fcck auch ohne Steine wundersch\u00f6n funkelt.<\/p>\n<\/li>\n<li>\n<p><b>Italienischer \u201eGlamour\u201c:<\/b> Sie sind massiver und markant, genau im Stil der italienischen Mode, die keine Angst hat, aufzufallen. Sie wirken luxuri\u00f6s und selbstbewusst. <\/p>\n<\/li>\n<li>\n<p><b>Qualit\u00e4t f\u00fcr jeden Tag:<\/b> Hergestellt aus robustem <b>Chirurgenstahl 316L<\/b> mit 18k Vergoldung. Sie sind 100% wasserdicht (waterproof), sodass Sie sie auch mit in den Urlaub ans Meer nehmen k\u00f6nnen. <\/p>\n<\/li>\n<\/ul>\n<p><b>Wie tr\u00e4gt man sie?<\/b><\/p>\n<ol>\n<li>\n<p><b>Holiday Chic:<\/b> Sie sind die perfekte Erg\u00e4nzung zu einem wei\u00dfen Leinenkleid und gebr\u00e4unter Haut. F\u00fcgen Sie roten Lippenstift hinzu und Sie sind bereit f\u00fcr das Abendessen. <\/p>\n<\/li>\n<li>\n<p><b>Urban Style:<\/b> Sie kommen auch im urbanen Umfeld zu Jeans und Sakko hervorragend zur Geltung, wo sie die Formalit\u00e4t des Outfits aufbrechen.<\/p>\n<\/li>\n<\/ol>\n","protected":false},"excerpt":{"rendered":"<p>Erleben Sie die mediterrane Atmosph\u00e4re mit den Ohrringen <b>Sizilien<\/b>. Diese stilvollen goldenen Ohrringe bestechen durch ihre moderne <strong>Trapezform<\/strong> und eine effektvolle <strong>geh\u00e4mmerte Oberfl\u00e4che<\/strong>, die das Licht wundersch\u00f6n reflektiert. Hergestellt aus hochwertigem <b>Chirurgenstahl<\/b>, sind sie 100% wasserdicht, hypoallergen und farbbest\u00e4ndig. Ein markantes Accessoire f\u00fcr die stilbewusste Frau.   <\/p>\n","protected":false},"featured_media":4862,"comment_status":"closed","ping_status":"closed","template":"","meta":{"_monsterinsights_skip_tracking":false,"_monsterinsights_sitenote_active":false,"_monsterinsights_sitenote_note":"","_monsterinsights_sitenote_category":0,"_joinchat":[]},"product_brand":[],"product_cat":[172,189],"product_tag":[],"class_list":{"0":"post-4861","1":"product","2":"type-product","3":"status-publish","4":"has-post-thumbnail","6":"product_cat-ohrringe","7":"product_cat-edelstahl-ohrringe","9":"first","10":"instock","11":"taxable","12":"shipping-taxable","13":"purchasable","14":"product-type-simple"},"_links":{"self":[{"href":"https:\/\/yourdailyjewellery.eu\/de\/wp-json\/wp\/v2\/product\/4861","targetHints":{"allow":["GET"]}}],"collection":[{"href":"https:\/\/yourdailyjewellery.eu\/de\/wp-json\/wp\/v2\/product"}],"about":[{"href":"https:\/\/yourdailyjewellery.eu\/de\/wp-json\/wp\/v2\/types\/product"}],"replies":[{"embeddable":true,"href":"https:\/\/yourdailyjewellery.eu\/de\/wp-json\/wp\/v2\/comments?post=4861"}],"wp:featuredmedia":[{"embeddable":true,"href":"https:\/\/yourdailyjewellery.eu\/de\/wp-json\/wp\/v2\/media\/4862"}],"wp:attachment":[{"href":"https:\/\/yourdailyjewellery.eu\/de\/wp-json\/wp\/v2\/media?parent=4861"}],"wp:term":[{"taxonomy":"product_brand","embeddable":true,"href":"https:\/\/yourdailyjewellery.eu\/de\/wp-json\/wp\/v2\/product_brand?post=4861"},{"taxonomy":"product_cat","embeddable":true,"href":"https:\/\/yourdailyjewellery.eu\/de\/wp-json\/wp\/v2\/product_cat?post=4861"},{"taxonomy":"product_tag","embeddable":true,"href":"https:\/\/yourdailyjewellery.eu\/de\/wp-json\/wp\/v2\/product_tag?post=4861"}],"curies":[{"name":"wp","href":"https:\/\/api.w.org\/{rel}","templated":true}]}}