{"id":4857,"date":"2025-12-17T02:37:09","date_gmt":"2025-12-17T01:37:09","guid":{"rendered":"https:\/\/yourdailyjewellery.eu\/shop-2\/armband-pearl\/"},"modified":"2025-12-17T02:37:09","modified_gmt":"2025-12-17T01:37:09","slug":"armband-pearl","status":"publish","type":"product","link":"https:\/\/yourdailyjewellery.eu\/de\/shop-2\/armband-pearl\/","title":{"rendered":"Armband Pearl"},"content":{"rendered":"<h4>Armband Pearl \u2013 Zarte Eleganz in einer einzigen Perle<\/h4>\n<p>In der Einfachheit liegt nicht nur Sch\u00f6nheit, sondern auch Perfektion. Das <b>Armband Pearl<\/b> ist die Verk\u00f6rperung von purem Minimalismus. An einer zarten Goldkette ist <strong>eine zentrale wei\u00dfe Perle<\/strong> aufgef\u00e4delt, die sich frei bewegt und mit ihrem satinierten Glanz Blicke auf sich zieht. Es ist ein Schmuckst\u00fcck, das nicht auff\u00e4llig sein muss, um zu begeistern.  <\/p>\n<p><b>Warum Sie dieses St\u00fcck lieben werden:<\/b><\/p>\n<ul>\n<li>\n<p><b>Minimalistisches Meisterwerk:<\/b> Das \u201eSolitaire\u201c-Design mit einer einzelnen Perle ist zeitlos. Es wirkt sehr dezent, feminin und passt zu Frauen, die unaufdringlichen Luxus bevorzugen. <\/p>\n<\/li>\n<li>\n<p><b>Vielseitigkeit:<\/b> Es ist das ideale \u201eAlltags\u201c-Armband. Es passt zu Uhren, zu anderen goldenen Armb\u00e4ndern, aber auch solo zu einer eleganten Bluse oder einem Brautkleid. <\/p>\n<\/li>\n<li>\n<p><b>Ein Detail, das begeistert:<\/b> Das Armband hat eine Verl\u00e4ngerungskette, die mit einem kleinen glitzernden Zirkon oder einem Tr\u00f6pfchen abgeschlossen ist, was ein wundersch\u00f6nes Detail ist, das das Handgelenk auch von unten schm\u00fcckt.<\/p>\n<\/li>\n<li>\n<p><b>Premium-Qualit\u00e4t:<\/b> Hergestellt aus robustem <b>Chirurgenstahl 316L<\/b> mit 18k Vergoldung. Es ist 100 % wasserdicht, sodass Sie sich beim H\u00e4ndewaschen oder Duschen keine Sorgen machen m\u00fcssen. <\/p>\n<\/li>\n<\/ul>\n<p><b>Wie tr\u00e4gt man es?<\/b><\/p>\n<ol>\n<li>\n<p><b>Bridal &amp; Romantic:<\/b> Es ist die perfekte Wahl f\u00fcr Br\u00e4ute oder Brautjungfern. Seine Zartheit erg\u00e4nzt Spitze und Satin wundersch\u00f6n. <\/p>\n<\/li>\n<li>\n<p><b>Office Chic:<\/b> Dank seiner Dezenz ist es perfekt f\u00fcr die Arbeit. Es wird beim Tippen auf der Tastatur nicht st\u00f6ren und verleiht Ihrem Outfit ein gepflegtes Aussehen. <\/p>\n<\/li>\n<\/ol>\n","protected":false},"excerpt":{"rendered":"<p>G\u00f6nnen Sie sich einen Hauch von Zartheit mit dem <b>Armband Pearl<\/b>. Dieses minimalistische Schmuckst\u00fcck besteht aus einer zarten Goldkette, die von <strong>einer wei\u00dfen Perle<\/strong> dominiert wird. Hergestellt aus hochwertigem <b>Chirurgenstahl<\/b>, ist es 100 % wasserdicht, hypoallergen und farbbest\u00e4ndig. Ein zeitloses Accessoire, das Ihre Weiblichkeit und Eleganz bei jeder Gelegenheit unterstreicht.   <\/p>\n","protected":false},"featured_media":4858,"comment_status":"closed","ping_status":"closed","template":"","meta":{"_monsterinsights_skip_tracking":false,"_monsterinsights_sitenote_active":false,"_monsterinsights_sitenote_note":"","_monsterinsights_sitenote_category":0,"_joinchat":[]},"product_brand":[],"product_cat":[183],"product_tag":[],"class_list":{"0":"post-4857","1":"product","2":"type-product","3":"status-publish","4":"has-post-thumbnail","6":"product_cat-armbander","8":"first","9":"instock","10":"taxable","11":"shipping-taxable","12":"purchasable","13":"product-type-simple"},"_links":{"self":[{"href":"https:\/\/yourdailyjewellery.eu\/de\/wp-json\/wp\/v2\/product\/4857","targetHints":{"allow":["GET"]}}],"collection":[{"href":"https:\/\/yourdailyjewellery.eu\/de\/wp-json\/wp\/v2\/product"}],"about":[{"href":"https:\/\/yourdailyjewellery.eu\/de\/wp-json\/wp\/v2\/types\/product"}],"replies":[{"embeddable":true,"href":"https:\/\/yourdailyjewellery.eu\/de\/wp-json\/wp\/v2\/comments?post=4857"}],"wp:featuredmedia":[{"embeddable":true,"href":"https:\/\/yourdailyjewellery.eu\/de\/wp-json\/wp\/v2\/media\/4858"}],"wp:attachment":[{"href":"https:\/\/yourdailyjewellery.eu\/de\/wp-json\/wp\/v2\/media?parent=4857"}],"wp:term":[{"taxonomy":"product_brand","embeddable":true,"href":"https:\/\/yourdailyjewellery.eu\/de\/wp-json\/wp\/v2\/product_brand?post=4857"},{"taxonomy":"product_cat","embeddable":true,"href":"https:\/\/yourdailyjewellery.eu\/de\/wp-json\/wp\/v2\/product_cat?post=4857"},{"taxonomy":"product_tag","embeddable":true,"href":"https:\/\/yourdailyjewellery.eu\/de\/wp-json\/wp\/v2\/product_tag?post=4857"}],"curies":[{"name":"wp","href":"https:\/\/api.w.org\/{rel}","templated":true}]}}