{"id":4855,"date":"2025-12-17T02:37:10","date_gmt":"2025-12-17T01:37:10","guid":{"rendered":"https:\/\/yourdailyjewellery.eu\/shop-2\/vintage-armband\/"},"modified":"2025-12-17T02:37:10","modified_gmt":"2025-12-17T01:37:10","slug":"vintage-armband","status":"publish","type":"product","link":"https:\/\/yourdailyjewellery.eu\/de\/shop-2\/vintage-armband\/","title":{"rendered":"Vintage Armband"},"content":{"rendered":"<h4>Vintage Armband \u2013 Fl\u00fcssiggoldeffekt an Ihrem Handgelenk<\/h4>\n<p>Reisen Sie zur\u00fcck in der Zeit mit einem ikonischen Design, das nie aus der Mode kommt. Das <b>Vintage Armband<\/b> ist die Verk\u00f6rperung luxuri\u00f6sen Retro-Stils. Es handelt sich um eine glatte, <strong>flache Kette mit dichtem Muster<\/strong> (bekannt als \u201eSnake Chain\u201c oder \u201eHerringbone\u201c), die sich bei Bewegung wie Seide schl\u00e4ngelt und auf der Haut einen un\u00fcbertroffenen Effekt von gegossenem Gold erzeugt. <\/p>\n<p><b>Warum dieses Schmuckst\u00fcck ein absoluter Bestseller ist:<\/b><\/p>\n<ul>\n<li>\n<p><b>Liquid Gold Effekt:<\/b> Dank der dicht miteinander verbundenen Glieder bildet das Armband eine durchgehende Fl\u00e4che, die das Licht perfekt reflektiert. Es sieht aus, als h\u00e4tten Sie einen Streifen geschmolzenen Goldes am Handgelenk. <\/p>\n<\/li>\n<li>\n<p><b>Seidiges Gef\u00fchl:<\/b> Dies ist das bequemste Armband, das Sie je tragen werden. Es ist perfekt glatt, verhakt sich nicht und schmiegt sich wie eine zweite Haut an die Kurven Ihres Handgelenks. <\/p>\n<\/li>\n<li>\n<p><b>Der K\u00f6nig des Layerings:<\/b> Es ist ein grundlegender Baustein f\u00fcr \u201eBracelet Stacking\u201c. Es sieht alleine hervorragend aus, aber noch besser in Kombination mit anderen strukturierten Ketten oder Uhren. <\/p>\n<\/li>\n<li>\n<p><b>Robuste Qualit\u00e4t:<\/b> Hergestellt aus hochwertigem <b>Chirurgenstahl 316L<\/b> (S.STEEL-Kennzeichnung am Anh\u00e4nger) mit 18k Vergoldung. Es ist 100 % wasserdicht, sodass Sie damit duschen und baden k\u00f6nnen, ohne bef\u00fcrchten zu m\u00fcssen, dass es seinen Glanz verliert. <\/p>\n<\/li>\n<\/ul>\n<p><b>Wie tr\u00e4gt man es?<\/b><\/p>\n<ol>\n<li>\n<p><b>Clean &amp; Minimal:<\/b> Lassen Sie es alleine gl\u00e4nzen zu hochgekrempelten \u00c4rmeln eines Sakkos oder Hemdes. Es wirkt sehr klar und raffiniert. <\/p>\n<\/li>\n<li>\n<p><b>Textur-Mix:<\/b> Kombinieren Sie es mit einem Perlenarmband (z.B. Modell Pearl) oder mit einem markanteren Gliederarmband. Der Kontrast zwischen glatter und strukturierter Oberfl\u00e4che ist sehr angesagt. <\/p>\n<\/li>\n<\/ol>\n","protected":false},"excerpt":{"rendered":"<p>G\u00f6nnen Sie sich ein Gef\u00fchl von Luxus mit dem <b>Vintage Armband<\/b>. Diese ikonische flache Kette im \u201eSnake Chain\u201c-Stil erzeugt am Handgelenk einen wundersch\u00f6nen <strong>Fl\u00fcssiggoldeffekt<\/strong>. Dank der glatten Oberfl\u00e4che ist es \u00e4u\u00dferst angenehm zu tragen. Hergestellt aus hochwertigem <b>Chirurgenstahl<\/b>, ist es 100 % wasserdicht, hypoallergen und farbbest\u00e4ndig. Ein zeitloser Klassiker, der zu allem passt.    <\/p>\n","protected":false},"featured_media":4856,"comment_status":"closed","ping_status":"closed","template":"","meta":{"_monsterinsights_skip_tracking":false,"_monsterinsights_sitenote_active":false,"_monsterinsights_sitenote_note":"","_monsterinsights_sitenote_category":0,"_joinchat":[]},"product_brand":[],"product_cat":[183],"product_tag":[],"class_list":{"0":"post-4855","1":"product","2":"type-product","3":"status-publish","4":"has-post-thumbnail","6":"product_cat-armbander","8":"first","9":"instock","10":"taxable","11":"shipping-taxable","12":"purchasable","13":"product-type-simple"},"_links":{"self":[{"href":"https:\/\/yourdailyjewellery.eu\/de\/wp-json\/wp\/v2\/product\/4855","targetHints":{"allow":["GET"]}}],"collection":[{"href":"https:\/\/yourdailyjewellery.eu\/de\/wp-json\/wp\/v2\/product"}],"about":[{"href":"https:\/\/yourdailyjewellery.eu\/de\/wp-json\/wp\/v2\/types\/product"}],"replies":[{"embeddable":true,"href":"https:\/\/yourdailyjewellery.eu\/de\/wp-json\/wp\/v2\/comments?post=4855"}],"wp:featuredmedia":[{"embeddable":true,"href":"https:\/\/yourdailyjewellery.eu\/de\/wp-json\/wp\/v2\/media\/4856"}],"wp:attachment":[{"href":"https:\/\/yourdailyjewellery.eu\/de\/wp-json\/wp\/v2\/media?parent=4855"}],"wp:term":[{"taxonomy":"product_brand","embeddable":true,"href":"https:\/\/yourdailyjewellery.eu\/de\/wp-json\/wp\/v2\/product_brand?post=4855"},{"taxonomy":"product_cat","embeddable":true,"href":"https:\/\/yourdailyjewellery.eu\/de\/wp-json\/wp\/v2\/product_cat?post=4855"},{"taxonomy":"product_tag","embeddable":true,"href":"https:\/\/yourdailyjewellery.eu\/de\/wp-json\/wp\/v2\/product_tag?post=4855"}],"curies":[{"name":"wp","href":"https:\/\/api.w.org\/{rel}","templated":true}]}}