{"id":4849,"date":"2025-12-17T02:37:09","date_gmt":"2025-12-17T01:37:09","guid":{"rendered":"https:\/\/yourdailyjewellery.eu\/shop-2\/armband-mira\/"},"modified":"2025-12-17T02:37:09","modified_gmt":"2025-12-17T01:37:09","slug":"armband-mira","status":"publish","type":"product","link":"https:\/\/yourdailyjewellery.eu\/de\/shop-2\/armband-mira\/","title":{"rendered":"Armband Mira"},"content":{"rendered":"<h4>Armband Mira \u2013 Doppelt zart mit einem Hauch von Sommer<\/h4>\n<p>Warum nur ein Armband tragen, wenn Sie zwei haben k\u00f6nnen, die perfekt zusammenpassen? Das <b>Mira Armband<\/b> verk\u00f6rpert den Layering-Trend. Dieses Set bildet ein perfektes Duo: eine zarte Goldkette, verziert mit kleinen Metallk\u00fcgelchen, und eine zweite Kette mit einer Reihe <strong>wei\u00dfer Perlen<\/strong>. Zusammen bilden sie ein harmonisches Ganzes, das zart, romantisch und unglaublich stilvoll wirkt.  <\/p>\n<p><b>Warum Sie ihn lieben werden:<\/b><\/p>\n<ul>\n<li>\n<p><b>Der perfekte \u201eStack\u201c:<\/b> Sie m\u00fcssen nicht \u00fcberlegen, wie Sie Schmuck kombinieren. Diese beiden Armb\u00e4nder sind so konzipiert, dass sie sich erg\u00e4nzen \u2013 der Glanz des Metalls kontrastiert mit dem zarten Perlmuttglanz. <\/p>\n<\/li>\n<li>\n<p><b>Perlen-Eleganz:<\/b> Perlen geh\u00f6ren l\u00e4ngst nicht mehr nur in die Schmuckk\u00e4stchen unserer Gro\u00dfm\u00fctter. In dieser modernen Ausf\u00fchrung (unregelm\u00e4\u00dfige kleine Perlen) wirken sie frisch und jugendlich. <\/p>\n<\/li>\n<li>\n<p><b>Flexible Tragem\u00f6glichkeiten:<\/b> Dank separater Verschl\u00fcsse k\u00f6nnen Sie die Armb\u00e4nder zusammen f\u00fcr einen auff\u00e4lligeren Effekt oder einzeln je nach Stimmung und Outfit tragen.<\/p>\n<\/li>\n<li>\n<p><b>Premium-Qualit\u00e4t:<\/b> Hergestellt aus robustem <b>Chirurgenstahl 316L<\/b> mit 18k Vergoldung. Sie sind 100% wasserdicht, sodass Sie diesen sommerlichen \u201eVibe\u201c auch am Wasser genie\u00dfen k\u00f6nnen, ohne Korrosion bef\u00fcrchten zu m\u00fcssen. <\/p>\n<\/li>\n<\/ul>\n<p><b>Wie tr\u00e4gt man es?<\/b><\/p>\n<ol>\n<li>\n<p><b>Clean Girl Aesthetic:<\/b> Tragen Sie es zu einem wei\u00dfen Leinenhemd und Jeans. Zartes Gold und Perlen unterstreichen Ihre nat\u00fcrliche Sch\u00f6nheit. <\/p>\n<\/li>\n<li>\n<p><b>Summer Party:<\/b> Es ist das ideale Accessoire f\u00fcr Sommerkleider. Perlen kommen auf gebr\u00e4unter Haut wundersch\u00f6n zur Geltung und verleihen Ihnen einen Hauch von Luxus. <\/p>\n<\/li>\n<\/ol>\n","protected":false},"excerpt":{"rendered":"<p>Entdecken Sie den Zauber des Layerings mit dem <b>Mira Armband<\/b>. Dieses Set aus zwei Ketten kombiniert modernes Design mit kleinen K\u00fcgelchen und der zeitlosen Eleganz <strong>wei\u00dfer Perlen<\/strong>. Hergestellt aus hochwertigem <b>Chirurgenstahl<\/b>, ist es 100% wasserdicht, hypoallergen und farbbest\u00e4ndig. Ein zartes, aber un\u00fcbersehbares Accessoire, das Ihrem Handgelenk einen Hauch von Weiblichkeit verleiht.   <\/p>\n","protected":false},"featured_media":4850,"comment_status":"closed","ping_status":"closed","template":"","meta":{"_monsterinsights_skip_tracking":false,"_monsterinsights_sitenote_active":false,"_monsterinsights_sitenote_note":"","_monsterinsights_sitenote_category":0,"_joinchat":[]},"product_brand":[],"product_cat":[183],"product_tag":[],"class_list":{"0":"post-4849","1":"product","2":"type-product","3":"status-publish","4":"has-post-thumbnail","6":"product_cat-armbander","8":"first","9":"instock","10":"taxable","11":"shipping-taxable","12":"purchasable","13":"product-type-simple"},"_links":{"self":[{"href":"https:\/\/yourdailyjewellery.eu\/de\/wp-json\/wp\/v2\/product\/4849","targetHints":{"allow":["GET"]}}],"collection":[{"href":"https:\/\/yourdailyjewellery.eu\/de\/wp-json\/wp\/v2\/product"}],"about":[{"href":"https:\/\/yourdailyjewellery.eu\/de\/wp-json\/wp\/v2\/types\/product"}],"replies":[{"embeddable":true,"href":"https:\/\/yourdailyjewellery.eu\/de\/wp-json\/wp\/v2\/comments?post=4849"}],"wp:featuredmedia":[{"embeddable":true,"href":"https:\/\/yourdailyjewellery.eu\/de\/wp-json\/wp\/v2\/media\/4850"}],"wp:attachment":[{"href":"https:\/\/yourdailyjewellery.eu\/de\/wp-json\/wp\/v2\/media?parent=4849"}],"wp:term":[{"taxonomy":"product_brand","embeddable":true,"href":"https:\/\/yourdailyjewellery.eu\/de\/wp-json\/wp\/v2\/product_brand?post=4849"},{"taxonomy":"product_cat","embeddable":true,"href":"https:\/\/yourdailyjewellery.eu\/de\/wp-json\/wp\/v2\/product_cat?post=4849"},{"taxonomy":"product_tag","embeddable":true,"href":"https:\/\/yourdailyjewellery.eu\/de\/wp-json\/wp\/v2\/product_tag?post=4849"}],"curies":[{"name":"wp","href":"https:\/\/api.w.org\/{rel}","templated":true}]}}