{"id":4841,"date":"2025-12-17T02:37:10","date_gmt":"2025-12-17T01:37:10","guid":{"rendered":"https:\/\/yourdailyjewellery.eu\/shop-2\/armband-new-york\/"},"modified":"2025-12-17T02:37:10","modified_gmt":"2025-12-17T01:37:10","slug":"armband-new-york","status":"publish","type":"product","link":"https:\/\/yourdailyjewellery.eu\/de\/shop-2\/armband-new-york\/","title":{"rendered":"Armband New York"},"content":{"rendered":"<h4>Armband New York \u2013 Lichter der Gro\u00dfstadt und endloser Glanz<\/h4>\n<p>Bringen Sie ein St\u00fcck Atmosph\u00e4re der Fifth Avenue direkt an Ihr Handgelenk. Das <b>New York Armband<\/b> ist eine moderne Interpretation des legend\u00e4ren <strong>\u201eTennisarmbands\u201c<\/strong> (tennis bracelet). Es besteht aus einer ununterbrochenen Linie funkelnder Zirkonia, die an einen Fluss von Lichtern in einer n\u00e4chtlichen Metropole erinnern. Es ist ein Schmuckst\u00fcck, das Luxus und zeitlose Eleganz definiert.  <\/p>\n<p><b>Warum dieses Modell ein Bestseller ist:<\/b><\/p>\n<ul>\n<li>\n<p><b>Genialer Verschluss:<\/b> Vergessen Sie den Kampf mit dem Karabinerverschluss. Dieses Armband verf\u00fcgt \u00fcber einen <strong>verschiebbares \u201eSlider\u201c-Mechanismus<\/strong> (Bolo-Stil). Einfach ziehen, und das Armband passt sich perfekt dem Umfang Ihres Handgelenks an. Es passt jeder Frau und l\u00e4sst sich leicht mit einer Hand anlegen.   <\/p>\n<\/li>\n<li>\n<p><b>Blendender Effekt:<\/b> Dutzende pr\u00e4zise gefasste, klare Zirkonia bilden ein durchgehendes Band aus Glanz. Die Steine sind so geschliffen, dass sie bei jeder Ihrer Bewegungen ein Maximum an Licht reflektieren. <\/p>\n<\/li>\n<li>\n<p><b>Premium-Qualit\u00e4t:<\/b> Hergestellt aus <b>Chirurgenstahl 316L<\/b> mit 18 Karat Vergoldung. Es ist 100 % wasserdicht, sodass Sie dieses luxuri\u00f6se St\u00fcck t\u00e4glich tragen k\u00f6nnen, ohne bef\u00fcrchten zu m\u00fcssen, dass es seine Sch\u00f6nheit verliert. <\/p>\n<\/li>\n<li>\n<p><b>Universelles Geschenk:<\/b> Dank der verstellbaren Gr\u00f6\u00dfe ist es die sicherste Wahl als Geschenk, da Sie sich keine Gedanken dar\u00fcber machen m\u00fcssen, ob es der Beschenkten passt.<\/p>\n<\/li>\n<\/ul>\n<p><b>Wie tr\u00e4gt man es?<\/b><\/p>\n<ol>\n<li>\n<p><b>Solo-Star:<\/b> Lassen Sie es als Solit\u00e4r zu Abendkleidern gl\u00e4nzen. Es wirkt wie ein echtes Diamantschmuckst\u00fcck. <\/p>\n<\/li>\n<li>\n<p><b>Luxuri\u00f6ses Layering:<\/b> Kombinieren Sie es mit einer Uhr oder einem festen Armreif (Bangle). Es verleiht Ihrem Alltagsoutfit einen sofortigen \u201eGlam\u201c-Effekt. <\/p>\n<\/li>\n<\/ol>\n","protected":false},"excerpt":{"rendered":"<p>Erleben Sie ein Gef\u00fchl von Luxus mit dem <b>New York<\/b> Armband. Dieses wundersch\u00f6ne Armband im \u201eTennis\u201c-Stil besteht aus einer Linie funkelnder <strong>klarer Zirkonia<\/strong>, die Ihr Handgelenk umschmeicheln. Es zeichnet sich durch einen praktischen <strong>Schiebeverschluss<\/strong> aus, wodurch es sich jeder Handgr\u00f6\u00dfe anpasst. Hergestellt aus <b>Chirurgenstahl<\/b>, ist es 100 % wasserdicht, hypoallergen und farbbest\u00e4ndig.   <\/p>\n","protected":false},"featured_media":4842,"comment_status":"closed","ping_status":"closed","template":"","meta":{"_monsterinsights_skip_tracking":false,"_monsterinsights_sitenote_active":false,"_monsterinsights_sitenote_note":"","_monsterinsights_sitenote_category":0,"_joinchat":[]},"product_brand":[],"product_cat":[183],"product_tag":[],"class_list":{"0":"post-4841","1":"product","2":"type-product","3":"status-publish","4":"has-post-thumbnail","6":"product_cat-armbander","8":"first","9":"instock","10":"taxable","11":"shipping-taxable","12":"purchasable","13":"product-type-simple"},"_links":{"self":[{"href":"https:\/\/yourdailyjewellery.eu\/de\/wp-json\/wp\/v2\/product\/4841","targetHints":{"allow":["GET"]}}],"collection":[{"href":"https:\/\/yourdailyjewellery.eu\/de\/wp-json\/wp\/v2\/product"}],"about":[{"href":"https:\/\/yourdailyjewellery.eu\/de\/wp-json\/wp\/v2\/types\/product"}],"replies":[{"embeddable":true,"href":"https:\/\/yourdailyjewellery.eu\/de\/wp-json\/wp\/v2\/comments?post=4841"}],"wp:featuredmedia":[{"embeddable":true,"href":"https:\/\/yourdailyjewellery.eu\/de\/wp-json\/wp\/v2\/media\/4842"}],"wp:attachment":[{"href":"https:\/\/yourdailyjewellery.eu\/de\/wp-json\/wp\/v2\/media?parent=4841"}],"wp:term":[{"taxonomy":"product_brand","embeddable":true,"href":"https:\/\/yourdailyjewellery.eu\/de\/wp-json\/wp\/v2\/product_brand?post=4841"},{"taxonomy":"product_cat","embeddable":true,"href":"https:\/\/yourdailyjewellery.eu\/de\/wp-json\/wp\/v2\/product_cat?post=4841"},{"taxonomy":"product_tag","embeddable":true,"href":"https:\/\/yourdailyjewellery.eu\/de\/wp-json\/wp\/v2\/product_tag?post=4841"}],"curies":[{"name":"wp","href":"https:\/\/api.w.org\/{rel}","templated":true}]}}