{"id":4811,"date":"2025-12-17T02:37:00","date_gmt":"2025-12-17T01:37:00","guid":{"rendered":"https:\/\/yourdailyjewellery.eu\/shop-2\/ohrringe-perla\/"},"modified":"2025-12-17T02:37:00","modified_gmt":"2025-12-17T01:37:00","slug":"ohrringe-perla","status":"publish","type":"product","link":"https:\/\/yourdailyjewellery.eu\/de\/shop-2\/ohrringe-perla\/","title":{"rendered":"Ohrringe Perla"},"content":{"rendered":"<h4 data-path-to-node=\"10\">Ohrringe Perla \u2013 Eine Ikone der Weiblichkeit und des &#8222;Old Money&#8220;-Stils<\/h4>\n<p data-path-to-node=\"11\">Man sagt, Perlen sind immer passend. Das Modell <b data-path-to-node=\"11\" data-index-in-node=\"42\">Perla<\/b> best\u00e4tigt dies. Diese Ohrringe sind eine moderne Interpretation des Klassikers \u2013 anstelle der traditionellen \u201ePerlen am Ohr\u201c bieten sie ein frisches Design mit einem h\u00e4ngenden Element an einem goldenen Kreis, das bei Bewegung sanft schwingt und Blicke auf sich zieht.  <\/p>\n<p data-path-to-node=\"12\"><b data-path-to-node=\"12\" data-index-in-node=\"0\">Was sie besonders macht:<\/b><\/p>\n<ul data-path-to-node=\"13\">\n<li>\n<p data-path-to-node=\"13,0,0\"><b data-path-to-node=\"13,0,0\" data-index-in-node=\"0\">Aristokratischer Look:<\/b> Die Kombination aus Gold und Perlwei\u00df ist die Grundlage der \u201eQuiet Luxury\u201c-\u00c4sthetik. Sie wirken edel und raffiniert. <\/p>\n<\/li>\n<li>\n<p data-path-to-node=\"13,1,0\"><b data-path-to-node=\"13,1,0\" data-index-in-node=\"0\">Widerstandsf\u00e4higkeit von Stahl:<\/b> Im Gegensatz zu gew\u00f6hnlichem Modeschmuck k\u00f6nnen Sie diese Ohrringe st\u00e4ndig tragen. Sie sind aus <b data-path-to-node=\"13,1,0\" data-index-in-node=\"97\">Edelstahl 316L<\/b> mit 18k Vergoldung gefertigt. Sie halten Wasser, Schwei\u00df und Parf\u00fcm stand, ohne anzulaufen.  <\/p>\n<\/li>\n<li>\n<p data-path-to-node=\"13,2,0\"><b data-path-to-node=\"13,2,0\" data-index-in-node=\"0\">Sicherer Verschluss:<\/b> Ein stabiles \u201eKlick\u201c-System (Klappverschluss) sorgt daf\u00fcr, dass der Ohrring fest sitzt und leicht anzulegen ist.<\/p>\n<\/li>\n<li>\n<p data-path-to-node=\"13,3,0\"><b data-path-to-node=\"13,3,0\" data-index-in-node=\"0\">Ideale Gr\u00f6\u00dfe:<\/b> Sie sind auff\u00e4llig genug, um Blicke auf sich zu ziehen, aber dennoch zart und geschmackvoll.<\/p>\n<\/li>\n<\/ul>\n<p data-path-to-node=\"14\"><b data-path-to-node=\"14\" data-index-in-node=\"0\">Wie tr\u00e4gt man sie?<\/b> Die Ohrringe Perla sind ein Cham\u00e4leon der Eleganz:<\/p>\n<ol start=\"1\" data-path-to-node=\"15\">\n<li>\n<p data-path-to-node=\"15,0,0\"><b data-path-to-node=\"15,0,0\" data-index-in-node=\"0\">F\u00fcr die Arbeit:<\/b> Kombinieren Sie sie mit einer Seidenbluse oder einem Sakko. Sie verleihen Ihnen einen seri\u00f6sen, aber femininen Look. <\/p>\n<\/li>\n<li>\n<p data-path-to-node=\"15,1,0\"><b data-path-to-node=\"15,1,0\" data-index-in-node=\"0\">F\u00fcr ein Date oder eine Hochzeit:<\/b> Sie sind die perfekte Wahl zum kleinen Schwarzen oder als zarter Schmuck f\u00fcr die Braut oder Brautjungfer.<\/p>\n<\/li>\n<\/ol>\n","protected":false},"excerpt":{"rendered":"<p>Entdecken Sie den Charme zeitloser Eleganz mit den Ohrringen <b data-path-to-node=\"6,0\" data-index-in-node=\"47\">Perla<\/b>. Die Kombination aus gl\u00e4nzendem Goldkreis und zarter wei\u00dfer Perle schafft ein Schmuckst\u00fcck, das Luxus ausstrahlt. Gefertigt aus hochwertigem <b data-path-to-node=\"6,0\" data-index-in-node=\"165\">Chirurgenstahl<\/b>, sind sie 100 % wasserdicht und hautfreundlich f\u00fcr empfindliche Haut. Ein perfektes Accessoire, das jedem Ihrer Outfits \u2013 vom Business-Kost\u00fcm bis zur Abendrobe \u2013 einen Hauch von Raffinesse verleiht.   <\/p>\n","protected":false},"featured_media":4812,"comment_status":"closed","ping_status":"closed","template":"","meta":{"_monsterinsights_skip_tracking":false,"_monsterinsights_sitenote_active":false,"_monsterinsights_sitenote_note":"","_monsterinsights_sitenote_category":0,"_joinchat":[]},"product_brand":[],"product_cat":[172,189],"product_tag":[],"class_list":{"0":"post-4811","1":"product","2":"type-product","3":"status-publish","4":"has-post-thumbnail","6":"product_cat-ohrringe","7":"product_cat-edelstahl-ohrringe","9":"first","10":"instock","11":"taxable","12":"shipping-taxable","13":"purchasable","14":"product-type-simple"},"_links":{"self":[{"href":"https:\/\/yourdailyjewellery.eu\/de\/wp-json\/wp\/v2\/product\/4811","targetHints":{"allow":["GET"]}}],"collection":[{"href":"https:\/\/yourdailyjewellery.eu\/de\/wp-json\/wp\/v2\/product"}],"about":[{"href":"https:\/\/yourdailyjewellery.eu\/de\/wp-json\/wp\/v2\/types\/product"}],"replies":[{"embeddable":true,"href":"https:\/\/yourdailyjewellery.eu\/de\/wp-json\/wp\/v2\/comments?post=4811"}],"wp:featuredmedia":[{"embeddable":true,"href":"https:\/\/yourdailyjewellery.eu\/de\/wp-json\/wp\/v2\/media\/4812"}],"wp:attachment":[{"href":"https:\/\/yourdailyjewellery.eu\/de\/wp-json\/wp\/v2\/media?parent=4811"}],"wp:term":[{"taxonomy":"product_brand","embeddable":true,"href":"https:\/\/yourdailyjewellery.eu\/de\/wp-json\/wp\/v2\/product_brand?post=4811"},{"taxonomy":"product_cat","embeddable":true,"href":"https:\/\/yourdailyjewellery.eu\/de\/wp-json\/wp\/v2\/product_cat?post=4811"},{"taxonomy":"product_tag","embeddable":true,"href":"https:\/\/yourdailyjewellery.eu\/de\/wp-json\/wp\/v2\/product_tag?post=4811"}],"curies":[{"name":"wp","href":"https:\/\/api.w.org\/{rel}","templated":true}]}}