{"id":4791,"date":"2025-12-17T02:37:07","date_gmt":"2025-12-17T01:37:07","guid":{"rendered":"https:\/\/yourdailyjewellery.eu\/shop-2\/ohrringe-rosa\/"},"modified":"2025-12-17T02:37:07","modified_gmt":"2025-12-17T01:37:07","slug":"ohrringe-rosa","status":"publish","type":"product","link":"https:\/\/yourdailyjewellery.eu\/de\/shop-2\/ohrringe-rosa\/","title":{"rendered":"Ohrringe Rosa"},"content":{"rendered":"<h4>Ohrringe Rosa \u2013 Vintage-Charme mit strahlenf\u00f6rmiger Textur<\/h4>\n<p>Sie lieben Schmuckst\u00fccke mit Seele? Die Ohrringe <b>Rosa<\/b> sind eine moderne Interpretation des beliebten Vintage-Stils. Diese goldenen Kreolen bestechen durch ihre spezifische <strong>gerippte Oberfl\u00e4che<\/strong> (Sunray-Textur), bei der die Strahlen von der Mitte nach au\u00dfen verlaufen. Dieses Detail verleiht ihnen Plastizit\u00e4t, Tiefe und einen unverwechselbaren Glanz.   <\/p>\n<p><b>Warum sie ein \u201eMust-Have\u201c-St\u00fcck sind:<\/b><\/p>\n<ul>\n<li>\n<p><b>Spiel von Licht und Schatten:<\/b> Dank der dichten Riffelung sind die Ohrringe nicht nur ein gew\u00f6hnliches gl\u00e4nzendes Metall. Die Textur bricht das Licht in verschiedenen Winkeln, was bei jeder Bewegung einen wundersch\u00f6nen visuellen Effekt erzeugt. <\/p>\n<\/li>\n<li>\n<p><b>Retro-Eleganz:<\/b> Die massivere Form und das geometrische Muster erinnern an luxuri\u00f6sen Schmuck aus den 80er Jahren. Sie sind ideal f\u00fcr Frauen, die ein wenig Nostalgie in modernem Design in ihre Garderobe bringen m\u00f6chten.  <\/p>\n<\/li>\n<li>\n<p><b>Qualit\u00e4t ohne Kompromisse:<\/b> Hergestellt aus robustem <b>Chirurgenstahl 316L<\/b> mit 18k Vergoldung. Sie sind 100% wasserdicht (waterproof), sodass Sie sie bedenkenlos tragen k\u00f6nnen, ohne Korrosion oder Farbverlust bef\u00fcrchten zu m\u00fcssen. <\/p>\n<\/li>\n<li>\n<p><b>Bequemer Verschluss:<\/b> Der klassische \u201efranz\u00f6sische\u201c Verschluss (ein Gelenkstift, der in eine Gabel einrastet) ist sehr sicher und einfach zu handhaben.<\/p>\n<\/li>\n<\/ul>\n<p><b>Wie tr\u00e4gt man sie?<\/b><\/p>\n<ol>\n<li>\n<p><b>Statement-Look:<\/b> Sie sind ausdrucksstark genug, um das einzige Schmuckst\u00fcck Ihres Outfits zu sein. Sie erg\u00e4nzen perfekt einen schlichten Rollkragenpullover oder eine Bluse. <\/p>\n<\/li>\n<li>\n<p><b>Vintage-Vibe:<\/b> Kombinieren Sie sie mit einer gemusterten Bluse oder einem Sakko mit Schulterpolstern f\u00fcr einen perfekten Retro-Styling.<\/p>\n<\/li>\n<\/ol>\n","protected":false},"excerpt":{"rendered":"<p>Beleben Sie Ihren Stil mit den Ohrringen <b>Rosa<\/b>. Diese markanten goldenen Kreolen bestechen durch ihre einzigartige <strong>gerippte Struktur<\/strong>, die an Sonnenstrahlen erinnert und ihnen einen Vintage-Hauch verleiht. Hergestellt aus hochwertigem <b>Chirurgenstahl<\/b>, sind sie 100% wasserdicht, hypoallergen und farbbest\u00e4ndig. Ein Schmuckst\u00fcck, das Nostalgie mit moderner Eleganz verbindet.   <\/p>\n","protected":false},"featured_media":4792,"comment_status":"closed","ping_status":"closed","template":"","meta":{"_monsterinsights_skip_tracking":false,"_monsterinsights_sitenote_active":false,"_monsterinsights_sitenote_note":"","_monsterinsights_sitenote_category":0,"_joinchat":[]},"product_brand":[],"product_cat":[172,189],"product_tag":[],"class_list":{"0":"post-4791","1":"product","2":"type-product","3":"status-publish","4":"has-post-thumbnail","6":"product_cat-ohrringe","7":"product_cat-edelstahl-ohrringe","9":"first","10":"instock","11":"taxable","12":"shipping-taxable","13":"purchasable","14":"product-type-simple"},"_links":{"self":[{"href":"https:\/\/yourdailyjewellery.eu\/de\/wp-json\/wp\/v2\/product\/4791","targetHints":{"allow":["GET"]}}],"collection":[{"href":"https:\/\/yourdailyjewellery.eu\/de\/wp-json\/wp\/v2\/product"}],"about":[{"href":"https:\/\/yourdailyjewellery.eu\/de\/wp-json\/wp\/v2\/types\/product"}],"replies":[{"embeddable":true,"href":"https:\/\/yourdailyjewellery.eu\/de\/wp-json\/wp\/v2\/comments?post=4791"}],"wp:featuredmedia":[{"embeddable":true,"href":"https:\/\/yourdailyjewellery.eu\/de\/wp-json\/wp\/v2\/media\/4792"}],"wp:attachment":[{"href":"https:\/\/yourdailyjewellery.eu\/de\/wp-json\/wp\/v2\/media?parent=4791"}],"wp:term":[{"taxonomy":"product_brand","embeddable":true,"href":"https:\/\/yourdailyjewellery.eu\/de\/wp-json\/wp\/v2\/product_brand?post=4791"},{"taxonomy":"product_cat","embeddable":true,"href":"https:\/\/yourdailyjewellery.eu\/de\/wp-json\/wp\/v2\/product_cat?post=4791"},{"taxonomy":"product_tag","embeddable":true,"href":"https:\/\/yourdailyjewellery.eu\/de\/wp-json\/wp\/v2\/product_tag?post=4791"}],"curies":[{"name":"wp","href":"https:\/\/api.w.org\/{rel}","templated":true}]}}