{"id":4783,"date":"2025-12-17T02:37:06","date_gmt":"2025-12-17T01:37:06","guid":{"rendered":"https:\/\/yourdailyjewellery.eu\/shop-2\/ohrringe-rita-2\/"},"modified":"2025-12-17T02:37:06","modified_gmt":"2025-12-17T01:37:06","slug":"ohrringe-rita-2","status":"publish","type":"product","link":"https:\/\/yourdailyjewellery.eu\/de\/shop-2\/ohrringe-rita-2\/","title":{"rendered":"Ohrringe Rita"},"content":{"rendered":"<h4>Ohrringe Rita \u2013 Exotische Textur und modernes V-Profil<\/h4>\n<p>M\u00f6gen Sie Schmuck, der das gewisse Etwas hat? Die Ohrringe <b>Rita<\/b> bestechen sofort durch ihre k\u00fchne Struktur. Diese goldenen Ohrringe haben eine unkonventionelle <strong>V-Form<\/strong> (ein herzf\u00f6rmiges Profil) und ihre Oberfl\u00e4che ist mit einem dichten <strong>k\u00f6rnigen Muster<\/strong> \u00fcbers\u00e4t, das die luxuri\u00f6se Textur von Schlangenhaut hervorruft. Dies ist ein Schmuckst\u00fcck f\u00fcr eine Frau, die keine Angst vor Experimenten hat.   <\/p>\n<p><b>Was sie besonders macht:<\/b><\/p>\n<ul>\n<li>\n<p><b>Faszinierende Textur:<\/b> Die Oberfl\u00e4che ist nicht glatt, sondern strukturiert. Kleine Erhebungen (Punkte) brechen das Licht wundersch\u00f6n und verleihen den Ohrringen ein raues, aber gleichzeitig sehr elegantes Aussehen. <\/p>\n<\/li>\n<li>\n<p><b>Einzigartige Form:<\/b> Vergessen Sie klassische Kreise. Das V-Profil verl\u00e4ngert optisch den Hals und wirkt viel moderner und dynamischer. <\/p>\n<\/li>\n<li>\n<p><b>Robuste Sch\u00f6nheit:<\/b> Hergestellt aus hochwertigem <b>Chirurgenstahl 316L<\/b> mit 18k Vergoldung. Sie sind 100% wasserdicht (waterproof), sodass sie auch anspruchsvolle Sommertage am Wasser \u00fcberstehen, ohne ihre Farbe zu ver\u00e4ndern. <\/p>\n<\/li>\n<li>\n<p><b>Sicherer Halt:<\/b> Der feste \u201eKlick\u201c-Verschluss (Gelenkstift) sorgt daf\u00fcr, dass die Ohrringe den ganzen Tag sicher an ihrem Platz bleiben.<\/p>\n<\/li>\n<\/ul>\n<p><b>Wie tr\u00e4gt man sie?<\/b><\/p>\n<ol>\n<li>\n<p><b>Boho &amp; Festival:<\/b> Dank ihrer Textur passen sie perfekt zum Ethno-Stil, zu gemusterten Kleidern und Lederaccessoires.<\/p>\n<\/li>\n<li>\n<p><b>Bold Statement:<\/b> Tragen Sie einen schwarzen Rollkragenpullover, binden Sie Ihre Haare zu einem Pferdeschwanz und lassen Sie nur diese Ohrringe hervorstechen. Das Ergebnis wird atemberaubend sein. <\/p>\n<\/li>\n<\/ol>\n","protected":false},"excerpt":{"rendered":"<p>Heben Sie sich ab mit den Ohrringen <b>Rita<\/b>. Diese stilvollen goldenen Ohrringe in V-Form bestechen durch ihre markante <strong>k\u00f6rnige Textur<\/strong>, die an den Effekt von Schlangenhaut erinnert. Hergestellt aus robustem <b>Chirurgenstahl<\/b>, sind sie 100% wasserdicht, hypoallergen und farbbest\u00e4ndig. Ein modernes und k\u00fchnes Accessoire, das Ihrem Outfit Charakter verleiht.   <\/p>\n","protected":false},"featured_media":4784,"comment_status":"closed","ping_status":"closed","template":"","meta":{"_monsterinsights_skip_tracking":false,"_monsterinsights_sitenote_active":false,"_monsterinsights_sitenote_note":"","_monsterinsights_sitenote_category":0,"_joinchat":[]},"product_brand":[],"product_cat":[172,189],"product_tag":[],"class_list":{"0":"post-4783","1":"product","2":"type-product","3":"status-publish","4":"has-post-thumbnail","6":"product_cat-ohrringe","7":"product_cat-edelstahl-ohrringe","9":"first","10":"instock","11":"taxable","12":"shipping-taxable","13":"purchasable","14":"product-type-simple"},"_links":{"self":[{"href":"https:\/\/yourdailyjewellery.eu\/de\/wp-json\/wp\/v2\/product\/4783","targetHints":{"allow":["GET"]}}],"collection":[{"href":"https:\/\/yourdailyjewellery.eu\/de\/wp-json\/wp\/v2\/product"}],"about":[{"href":"https:\/\/yourdailyjewellery.eu\/de\/wp-json\/wp\/v2\/types\/product"}],"replies":[{"embeddable":true,"href":"https:\/\/yourdailyjewellery.eu\/de\/wp-json\/wp\/v2\/comments?post=4783"}],"wp:featuredmedia":[{"embeddable":true,"href":"https:\/\/yourdailyjewellery.eu\/de\/wp-json\/wp\/v2\/media\/4784"}],"wp:attachment":[{"href":"https:\/\/yourdailyjewellery.eu\/de\/wp-json\/wp\/v2\/media?parent=4783"}],"wp:term":[{"taxonomy":"product_brand","embeddable":true,"href":"https:\/\/yourdailyjewellery.eu\/de\/wp-json\/wp\/v2\/product_brand?post=4783"},{"taxonomy":"product_cat","embeddable":true,"href":"https:\/\/yourdailyjewellery.eu\/de\/wp-json\/wp\/v2\/product_cat?post=4783"},{"taxonomy":"product_tag","embeddable":true,"href":"https:\/\/yourdailyjewellery.eu\/de\/wp-json\/wp\/v2\/product_tag?post=4783"}],"curies":[{"name":"wp","href":"https:\/\/api.w.org\/{rel}","templated":true}]}}