{"id":4771,"date":"2025-12-17T02:37:04","date_gmt":"2025-12-17T01:37:04","guid":{"rendered":"https:\/\/yourdailyjewellery.eu\/shop-2\/ohrringe-barok\/"},"modified":"2025-12-17T02:37:04","modified_gmt":"2025-12-17T01:37:04","slug":"ohrringe-barok","status":"publish","type":"product","link":"https:\/\/yourdailyjewellery.eu\/de\/shop-2\/ohrringe-barok\/","title":{"rendered":"Ohrringe Barok"},"content":{"rendered":"<h4>Ohrringe Barok \u2013 K\u00f6niglicher Vintage-Stil mit M\u00fcnzmotiv<\/h4>\n<p>Lieben Sie Schmuck, der eine Geschichte erz\u00e4hlt? Die Ohrringe <b>Barok<\/b> bringen den zeitlosen Trend der <strong>M\u00fcnzmedaillons<\/strong> direkt in Ihr Schmuckk\u00e4stchen. Diese stilvollen goldenen Creolen (Huggies) sind mit einem h\u00e4ngenden M\u00fcnzanh\u00e4nger mit dem gravierten <strong>Portr\u00e4t von K\u00f6nigin Elisabeth II.<\/strong> (Motiv einer australischen M\u00fcnze) versehen. Es ist ein St\u00fcck, das Geschichte atmet, aber absolut modern wirkt.   <\/p>\n<p><b>Warum sie ein \u201eMust-Have\u201c sind:<\/b><\/p>\n<ul>\n<li>\n<p><b>Ikonisches Design:<\/b> \u201eCoin Jewelry\u201c ist ein Trend, der nie aus der Mode kommt. Es wirkt retro, reiseinspiriert und verleiht dem Outfit einen Hauch von Luxus im \u201eOld Money\u201c-Stil. <\/p>\n<\/li>\n<li>\n<p><b>Symbolik der St\u00e4rke:<\/b> Das Motiv der Herrscherin auf der M\u00fcnze symbolisiert weibliche St\u00e4rke, Stabilit\u00e4t und Eleganz. Es ist ein Schmuckst\u00fcck mit Charakter. <\/p>\n<\/li>\n<li>\n<p><b>Qualit\u00e4t f\u00fcr jeden Tag:<\/b> Hergestellt aus robustem <b>Chirurgenstahl 316L<\/b> mit 18k Vergoldung. Sie sind 100 % wasserdicht, sodass Sie dieses St\u00fcck immer tragen k\u00f6nnen \u2013 ob bei der Arbeit, im Fitnessstudio oder im Urlaub am Meer. <\/p>\n<\/li>\n<li>\n<p><b>Perfekte Bewegung:<\/b> Die M\u00fcnze am Ring ist nicht fixiert, sie schwingt bei Bewegung sanft und reflektiert das Licht, wodurch sie die Aufmerksamkeit auf das Gesicht lenkt.<\/p>\n<\/li>\n<\/ul>\n<p><b>Wie tr\u00e4gt man sie?<\/b><\/p>\n<ol>\n<li>\n<p><b>Vintage-Vibe:<\/b> Kombinieren Sie sie mit einer wei\u00dfen Bluse und High-Waist-Jeans. Sie kreieren sofort einen schicken Look wie aus einem Mode-Editorial. <\/p>\n<\/li>\n<li>\n<p><b>Layering-Meister:<\/b> Wenn Sie Layering lieben, sehen diese Ohrringe in Kombination mit anderen Goldketten (z. B. Modell 161-172 Sternzeichen) gro\u00dfartig aus, f\u00fcr den ultimativen \u201eCoin-Look\u201c.<\/p>\n<\/li>\n<\/ol>\n","protected":false},"excerpt":{"rendered":"<p>Bringen Sie ein St\u00fcck Geschichte in Ihren Stil mit den Ohrringen <b>Barok<\/b>. Diese trendigen goldenen Creolen sind mit einem h\u00e4ngenden Anh\u00e4nger in Form einer <strong>M\u00fcnze mit dem Portr\u00e4t der K\u00f6nigin<\/strong> verziert, was ihnen einen einzigartigen Vintage-Charakter verleiht. Hergestellt aus hochwertigem <b>Chirurgenstahl<\/b>, sind sie 100 % wasserdicht, hypoallergen und farbbest\u00e4ndig. Ein markantes Accessoire f\u00fcr die Frau, die Mode und zeitlose Eleganz liebt.   <\/p>\n","protected":false},"featured_media":4772,"comment_status":"closed","ping_status":"closed","template":"","meta":{"_monsterinsights_skip_tracking":false,"_monsterinsights_sitenote_active":false,"_monsterinsights_sitenote_note":"","_monsterinsights_sitenote_category":0,"_joinchat":[]},"product_brand":[],"product_cat":[172,189],"product_tag":[],"class_list":{"0":"post-4771","1":"product","2":"type-product","3":"status-publish","4":"has-post-thumbnail","6":"product_cat-ohrringe","7":"product_cat-edelstahl-ohrringe","9":"first","10":"instock","11":"taxable","12":"shipping-taxable","13":"purchasable","14":"product-type-simple"},"_links":{"self":[{"href":"https:\/\/yourdailyjewellery.eu\/de\/wp-json\/wp\/v2\/product\/4771","targetHints":{"allow":["GET"]}}],"collection":[{"href":"https:\/\/yourdailyjewellery.eu\/de\/wp-json\/wp\/v2\/product"}],"about":[{"href":"https:\/\/yourdailyjewellery.eu\/de\/wp-json\/wp\/v2\/types\/product"}],"replies":[{"embeddable":true,"href":"https:\/\/yourdailyjewellery.eu\/de\/wp-json\/wp\/v2\/comments?post=4771"}],"wp:featuredmedia":[{"embeddable":true,"href":"https:\/\/yourdailyjewellery.eu\/de\/wp-json\/wp\/v2\/media\/4772"}],"wp:attachment":[{"href":"https:\/\/yourdailyjewellery.eu\/de\/wp-json\/wp\/v2\/media?parent=4771"}],"wp:term":[{"taxonomy":"product_brand","embeddable":true,"href":"https:\/\/yourdailyjewellery.eu\/de\/wp-json\/wp\/v2\/product_brand?post=4771"},{"taxonomy":"product_cat","embeddable":true,"href":"https:\/\/yourdailyjewellery.eu\/de\/wp-json\/wp\/v2\/product_cat?post=4771"},{"taxonomy":"product_tag","embeddable":true,"href":"https:\/\/yourdailyjewellery.eu\/de\/wp-json\/wp\/v2\/product_tag?post=4771"}],"curies":[{"name":"wp","href":"https:\/\/api.w.org\/{rel}","templated":true}]}}