{"id":4757,"date":"2025-12-17T02:37:01","date_gmt":"2025-12-17T01:37:01","guid":{"rendered":"https:\/\/yourdailyjewellery.eu\/shop-2\/ohrringe-madonna\/"},"modified":"2025-12-17T02:37:01","modified_gmt":"2025-12-17T01:37:01","slug":"ohrringe-madonna","status":"publish","type":"product","link":"https:\/\/yourdailyjewellery.eu\/de\/shop-2\/ohrringe-madonna\/","title":{"rendered":"Ohrringe Madonna"},"content":{"rendered":"<h4>Ohrringe Madonna \u2013 Barocke Eleganz im modernen Gewand<\/h4>\n<p>Suchen Sie ein Schmuckst\u00fcck, das ein wahres Kunstwerk ist? Das Modell <b>Madonna<\/b> ist von historischen Juwelen inspiriert und verleiht Ihrem Outfit atemberaubende Eleganz. Diese H\u00e4ngeohrringe bestehen aus <strong>zwei Kreisen aus kleinen Goldk\u00fcgelchen<\/strong>, die mit einer wundersch\u00f6nen h\u00e4ngenden Perle abschlie\u00dfen.  <\/p>\n<p><b>Ihre Einzigartigkeit:<\/b><\/p>\n<ul>\n<li>\n<p><b>Einzigartige Struktur:<\/b> Anstelle von glattem Metall bestehen die Kreise aus einer Reihe goldener Kugeln (Beaded Design), was ihnen Textur und ein reiches, raffiniertes Aussehen verleiht.<\/p>\n<\/li>\n<li>\n<p><b>Dominante Perle:<\/b> Eine gro\u00dfe, wei\u00dfe Perle in Tropfenform am unteren Ende wirkt erhaben und feminin. Sie ist ein zeitloses Element, das dem Gesicht Zartheit verleiht. <\/p>\n<\/li>\n<li>\n<p><b>Markanter Effekt:<\/b> Dies sind Ohrringe, die jeder bemerken wird. Sie sind gro\u00df genug, um der Mittelpunkt Ihres Outfits zu sein, wirken aber dennoch geschmackvoll. <\/p>\n<\/li>\n<li>\n<p><b>Hochwertige Verarbeitung:<\/b> Hergestellt aus <b>Chirurgenstahl 316L<\/b> mit 18k Vergoldung. Sie sind wasserbest\u00e4ndig und auch f\u00fcr empfindliche Ohren geeignet. <\/p>\n<\/li>\n<\/ul>\n<p><b>Wo tragen?<\/b><\/p>\n<ol>\n<li>\n<p><b>Besondere Anl\u00e4sse:<\/b> Hochzeiten, B\u00e4lle, Theater oder Abendessen \u2013 diese Ohrringe passen perfekt zu eleganten Kleidern.<\/p>\n<\/li>\n<li>\n<p><b>Boho Luxe:<\/b> Sie erg\u00e4nzen auch hervorragend Sommer-Maxikleider oder eine lockere Bluse f\u00fcr einen raffinierten Boh\u00e8me-Stil.<\/p>\n<\/li>\n<\/ol>\n","protected":false},"excerpt":{"rendered":"<p>Werden Sie zur Ikone mit den Ohrringen <b>Madonna<\/b>. Dieses exklusive Modell kombiniert <strong>doppelte Kreise aus Goldk\u00fcgelchen<\/strong> mit einer eleganten h\u00e4ngenden Perle. Hergestellt aus hochwertigem <b>Chirurgenstahl<\/b>, sind sie wasserdicht, farbbest\u00e4ndig und hypoallergen. Ein markantes Schmuckst\u00fcck f\u00fcr die Frau, die das Besondere und luxuri\u00f6ses Design liebt.   <\/p>\n","protected":false},"featured_media":5504,"comment_status":"closed","ping_status":"closed","template":"","meta":{"_monsterinsights_skip_tracking":false,"_monsterinsights_sitenote_active":false,"_monsterinsights_sitenote_note":"","_monsterinsights_sitenote_category":0,"_joinchat":[]},"product_brand":[],"product_cat":[172,189],"product_tag":[],"class_list":{"0":"post-4757","1":"product","2":"type-product","3":"status-publish","4":"has-post-thumbnail","6":"product_cat-ohrringe","7":"product_cat-edelstahl-ohrringe","9":"first","10":"instock","11":"taxable","12":"shipping-taxable","13":"purchasable","14":"product-type-simple"},"_links":{"self":[{"href":"https:\/\/yourdailyjewellery.eu\/de\/wp-json\/wp\/v2\/product\/4757","targetHints":{"allow":["GET"]}}],"collection":[{"href":"https:\/\/yourdailyjewellery.eu\/de\/wp-json\/wp\/v2\/product"}],"about":[{"href":"https:\/\/yourdailyjewellery.eu\/de\/wp-json\/wp\/v2\/types\/product"}],"replies":[{"embeddable":true,"href":"https:\/\/yourdailyjewellery.eu\/de\/wp-json\/wp\/v2\/comments?post=4757"}],"wp:featuredmedia":[{"embeddable":true,"href":"https:\/\/yourdailyjewellery.eu\/de\/wp-json\/wp\/v2\/media\/5504"}],"wp:attachment":[{"href":"https:\/\/yourdailyjewellery.eu\/de\/wp-json\/wp\/v2\/media?parent=4757"}],"wp:term":[{"taxonomy":"product_brand","embeddable":true,"href":"https:\/\/yourdailyjewellery.eu\/de\/wp-json\/wp\/v2\/product_brand?post=4757"},{"taxonomy":"product_cat","embeddable":true,"href":"https:\/\/yourdailyjewellery.eu\/de\/wp-json\/wp\/v2\/product_cat?post=4757"},{"taxonomy":"product_tag","embeddable":true,"href":"https:\/\/yourdailyjewellery.eu\/de\/wp-json\/wp\/v2\/product_tag?post=4757"}],"curies":[{"name":"wp","href":"https:\/\/api.w.org\/{rel}","templated":true}]}}