{"id":4751,"date":"2025-12-17T02:37:01","date_gmt":"2025-12-17T01:37:01","guid":{"rendered":"https:\/\/yourdailyjewellery.eu\/shop-2\/ohrringe-love\/"},"modified":"2025-12-17T02:37:01","modified_gmt":"2025-12-17T01:37:01","slug":"ohrringe-love","status":"publish","type":"product","link":"https:\/\/yourdailyjewellery.eu\/de\/shop-2\/ohrringe-love\/","title":{"rendered":"Ohrringe LOVE"},"content":{"rendered":"<h4>Ohrringe LOVE \u2013 Ein kleines Symbol gro\u00dfer Liebe<\/h4>\n<p>Manchmal braucht es keine Worte, nur das richtige Schmuckst\u00fcck. Die Ohrringe <b>LOVE<\/b> sind zart, romantisch und unglaublich niedlich. Diese Stecker-Ohrringe haben die Form eines <strong>3D \u201ePuffy\u201c-Herzens<\/strong> (gew\u00f6lbt), wodurch sie plastisch wirken und das Licht wundersch\u00f6n reflektieren, im Gegensatz zu gew\u00f6hnlichen flachen Herzen.  <\/p>\n<p><b>Was sie besonders macht:<\/b><\/p>\n<ul>\n<li>\n<p><b>Puffy-Design:<\/b> Die Herzen sind nicht flach, sondern sanft \u201eaufgebl\u00e4ht\u201c. Dieser 3D-Effekt verleiht ihnen Tiefe und ein luxuri\u00f6seres Aussehen. <\/p>\n<\/li>\n<li>\n<p><b>Alltagsfreude:<\/b> Sie sind zierlich und leicht, sodass Sie sie am Ohr kaum sp\u00fcren werden. Ideal f\u00fcr Frauen, die zarten Minimalismus massiven Schmuckst\u00fccken vorziehen. <\/p>\n<\/li>\n<li>\n<p><b>Qualit\u00e4t ohne Kompromisse:<\/b> Hergestellt aus robustem <b>Chirurgenstahl 316L<\/b> mit 18k Vergoldung. Sie sind 100% wasserdicht, sodass Sie bedenkenlos damit duschen k\u00f6nnen, und sind hypoallergen. <\/p>\n<\/li>\n<li>\n<p><b>Universelles Geschenk:<\/b> Ein Herz ist ein Symbol, das keine Frau beleidigt. Es ist das perfekte Geschenk f\u00fcr die Freundin, Schwester, Tochter oder beste Freundin. <\/p>\n<\/li>\n<\/ul>\n<p><b>Wie tr\u00e4gt man sie?<\/b><\/p>\n<ol>\n<li>\n<p><b>Solo Minimalist:<\/b> Tragen Sie sie einzeln f\u00fcr einen zarten, m\u00e4dchenhaften Look, der sowohl f\u00fcr die Schule als auch f\u00fcr die Arbeit geeignet ist.<\/p>\n<\/li>\n<li>\n<p><b>Ear Stack:<\/b> Wenn Sie mehrere Ohrl\u00f6cher haben, sind diese Herzen perfekt f\u00fcr das zweite oder dritte Loch in Kombination mit Creolen (z.B. Modell VAMOS oder Monika).<\/p>\n<\/li>\n<\/ol>\n","protected":false},"excerpt":{"rendered":"<p>Verlieben Sie sich in die Details mit den Ohrringen <b>LOVE<\/b>. Diese bezaubernden Stecker-Ohrringe in Form eines <strong>3D-Goldherzens<\/strong> sind das perfekte Symbol der Z\u00e4rtlichkeit. Hergestellt aus hochwertigem <b>Chirurgenstahl<\/b>, sind sie 100% wasserdicht, farbbest\u00e4ndig und hypoallergen. Ein zartes Accessoire, das Ihnen oder Ihrer geliebten Person ein L\u00e4cheln ins Gesicht zaubert.   <\/p>\n","protected":false},"featured_media":5501,"comment_status":"closed","ping_status":"closed","template":"","meta":{"_monsterinsights_skip_tracking":false,"_monsterinsights_sitenote_active":false,"_monsterinsights_sitenote_note":"","_monsterinsights_sitenote_category":0,"_joinchat":[]},"product_brand":[],"product_cat":[172,189,249],"product_tag":[],"class_list":{"0":"post-4751","1":"product","2":"type-product","3":"status-publish","4":"has-post-thumbnail","6":"product_cat-ohrringe","7":"product_cat-edelstahl-ohrringe","8":"product_cat-valentinstag-sale","10":"first","11":"instock","12":"taxable","13":"shipping-taxable","14":"purchasable","15":"product-type-simple"},"_links":{"self":[{"href":"https:\/\/yourdailyjewellery.eu\/de\/wp-json\/wp\/v2\/product\/4751","targetHints":{"allow":["GET"]}}],"collection":[{"href":"https:\/\/yourdailyjewellery.eu\/de\/wp-json\/wp\/v2\/product"}],"about":[{"href":"https:\/\/yourdailyjewellery.eu\/de\/wp-json\/wp\/v2\/types\/product"}],"replies":[{"embeddable":true,"href":"https:\/\/yourdailyjewellery.eu\/de\/wp-json\/wp\/v2\/comments?post=4751"}],"wp:featuredmedia":[{"embeddable":true,"href":"https:\/\/yourdailyjewellery.eu\/de\/wp-json\/wp\/v2\/media\/5501"}],"wp:attachment":[{"href":"https:\/\/yourdailyjewellery.eu\/de\/wp-json\/wp\/v2\/media?parent=4751"}],"wp:term":[{"taxonomy":"product_brand","embeddable":true,"href":"https:\/\/yourdailyjewellery.eu\/de\/wp-json\/wp\/v2\/product_brand?post=4751"},{"taxonomy":"product_cat","embeddable":true,"href":"https:\/\/yourdailyjewellery.eu\/de\/wp-json\/wp\/v2\/product_cat?post=4751"},{"taxonomy":"product_tag","embeddable":true,"href":"https:\/\/yourdailyjewellery.eu\/de\/wp-json\/wp\/v2\/product_tag?post=4751"}],"curies":[{"name":"wp","href":"https:\/\/api.w.org\/{rel}","templated":true}]}}