{"id":4735,"date":"2025-12-17T02:37:03","date_gmt":"2025-12-17T01:37:03","guid":{"rendered":"https:\/\/yourdailyjewellery.eu\/shop-2\/ohrringe-columbia\/"},"modified":"2025-12-17T02:37:03","modified_gmt":"2025-12-17T01:37:03","slug":"ohrringe-columbia","status":"publish","type":"product","link":"https:\/\/yourdailyjewellery.eu\/de\/shop-2\/ohrringe-columbia\/","title":{"rendered":"Ohrringe Columbia"},"content":{"rendered":"<h4>Ohrringe Columbia \u2013 K\u00f6nigliche Eleganz mit einem Hauch Smaragd<\/h4>\n<p>Bringen Sie einen Hauch von Geheimnis und Noblesse in Ihr Schmuckk\u00e4stchen mit den Ohrringen <b>Columbia<\/b>. Diese raffinierten goldenen Kreolen ziert ein h\u00e4ngender Anh\u00e4nger mit einem <strong>rechteckigen gr\u00fcnen Stein<\/strong> (im Emerald-Schliff). Die tiefe, satte gr\u00fcne Farbe im Kontrast zu strahlendem Gold schafft ein Schmuckst\u00fcck, das luxuri\u00f6s, beruhigend und unglaublich feminin wirkt.  <\/p>\n<p><b>Was sie besonders macht:<\/b><\/p>\n<ul>\n<li>\n<p><b>Bet\u00f6rende Farbe:<\/b> Gr\u00fcn ist die Farbe der Natur und Harmonie. Der zentrale Stein hat einen pr\u00e4zisen Schliff, der ihm Tiefe verleiht und ihn bei Lichteinfall wundersch\u00f6n strahlen l\u00e4sst. Er ist ein perfekter \u201ePop of Color\u201c f\u00fcr monochrome Outfits.  <\/p>\n<\/li>\n<li>\n<p><b>Vintage-Design:<\/b> Die Kombination aus goldenem Rahmen und geometrischem Stein erinnert an die klassische Eleganz alter Filme und k\u00f6niglicher Juwelen, jedoch in einer modernen und tragbaren Ausf\u00fchrung.<\/p>\n<\/li>\n<li>\n<p><b>Qualit\u00e4t f\u00fcr jeden Tag:<\/b> Hergestellt aus robustem <b>Chirurgenstahl 316L<\/b> mit 18k Vergoldung. Sie sind 100 % wasserdicht, sodass Sie bedenkenlos damit duschen k\u00f6nnen, ohne dass sie ihre Sch\u00f6nheit verlieren. <\/p>\n<\/li>\n<li>\n<p><b>Anmutige Bewegung:<\/b> Der h\u00e4ngende Stein schwingt bei Bewegung sanft, wodurch er die Aufmerksamkeit auf die Hals- und Gesichtslinie lenkt.<\/p>\n<\/li>\n<\/ul>\n<p><b>Wie tr\u00e4gt man sie?<\/b><\/p>\n<ol>\n<li>\n<p><b>Eleganter Kontrast:<\/b> Die gr\u00fcne Farbe sieht fantastisch zu schwarzen, wei\u00dfen oder beigefarbenen Outfits aus. Tragen Sie sie zu einer wei\u00dfen Bluse und Sie heben Ihren Business-Look sofort auf ein neues Niveau. <\/p>\n<\/li>\n<li>\n<p><b>Abendliche Eleganz:<\/b> Sie sind die ideale Wahl zu Abendkleidern oder einem Satintop, wo sie die Notwendigkeit anderer auff\u00e4lliger Schmuckst\u00fccke ersetzen.<\/p>\n<\/li>\n<\/ol>\n","protected":false},"excerpt":{"rendered":"<p>Entdecken Sie die Kraft der Farben mit den Ohrringen <b>Columbia<\/b>. Diese eleganten goldenen Kreolen sind mit einem h\u00e4ngenden Anh\u00e4nger mit einem tiefgr\u00fcnen <strong>Stein im rechteckigen Schliff<\/strong> versehen, der an einen kostbaren Smaragd erinnert. Hergestellt aus hochwertigem <b>Chirurgenstahl<\/b>, sind sie 100 % wasserdicht, hypoallergen und farbbest\u00e4ndig. Ein Schmuckst\u00fcck, das Ihrem Look einen Hauch von Vintage-Luxus verleiht.   <\/p>\n","protected":false},"featured_media":4736,"comment_status":"closed","ping_status":"closed","template":"","meta":{"_monsterinsights_skip_tracking":false,"_monsterinsights_sitenote_active":false,"_monsterinsights_sitenote_note":"","_monsterinsights_sitenote_category":0,"_joinchat":[]},"product_brand":[],"product_cat":[172,189],"product_tag":[],"class_list":{"0":"post-4735","1":"product","2":"type-product","3":"status-publish","4":"has-post-thumbnail","6":"product_cat-ohrringe","7":"product_cat-edelstahl-ohrringe","9":"first","10":"instock","11":"taxable","12":"shipping-taxable","13":"purchasable","14":"product-type-simple"},"_links":{"self":[{"href":"https:\/\/yourdailyjewellery.eu\/de\/wp-json\/wp\/v2\/product\/4735","targetHints":{"allow":["GET"]}}],"collection":[{"href":"https:\/\/yourdailyjewellery.eu\/de\/wp-json\/wp\/v2\/product"}],"about":[{"href":"https:\/\/yourdailyjewellery.eu\/de\/wp-json\/wp\/v2\/types\/product"}],"replies":[{"embeddable":true,"href":"https:\/\/yourdailyjewellery.eu\/de\/wp-json\/wp\/v2\/comments?post=4735"}],"wp:featuredmedia":[{"embeddable":true,"href":"https:\/\/yourdailyjewellery.eu\/de\/wp-json\/wp\/v2\/media\/4736"}],"wp:attachment":[{"href":"https:\/\/yourdailyjewellery.eu\/de\/wp-json\/wp\/v2\/media?parent=4735"}],"wp:term":[{"taxonomy":"product_brand","embeddable":true,"href":"https:\/\/yourdailyjewellery.eu\/de\/wp-json\/wp\/v2\/product_brand?post=4735"},{"taxonomy":"product_cat","embeddable":true,"href":"https:\/\/yourdailyjewellery.eu\/de\/wp-json\/wp\/v2\/product_cat?post=4735"},{"taxonomy":"product_tag","embeddable":true,"href":"https:\/\/yourdailyjewellery.eu\/de\/wp-json\/wp\/v2\/product_tag?post=4735"}],"curies":[{"name":"wp","href":"https:\/\/api.w.org\/{rel}","templated":true}]}}