{"id":4729,"date":"2025-12-17T02:37:03","date_gmt":"2025-12-17T01:37:03","guid":{"rendered":"https:\/\/yourdailyjewellery.eu\/shop-2\/ohrringe-kruh\/"},"modified":"2025-12-17T02:37:03","modified_gmt":"2025-12-17T01:37:03","slug":"ohrringe-kruh","status":"publish","type":"product","link":"https:\/\/yourdailyjewellery.eu\/de\/shop-2\/ohrringe-kruh\/","title":{"rendered":"Ohrringe Kruh"},"content":{"rendered":"<h4>Ohrringe Kruh \u2013 Funkelnde Eleganz im &#8222;Huggie&#8220;-Stil<\/h4>\n<p>Suchen Sie ein Schmuckst\u00fcck, das klein in der Gr\u00f6\u00dfe, aber gro\u00df in seiner Wirkung ist? Das Modell <b>Kruh<\/b> ist die perfekte Verbindung von Minimalismus und Luxus. Diese goldenen &#8222;Huggie&#8220;-Ohrringe (Ringe, die eng am Ohr anliegen) sind auf der Vorderseite mit einer <strong>Linie aus klaren Zirkonia<\/strong> verziert, die ihnen einen unwiderstehlichen, zarten Glanz verleiht.  <\/p>\n<p><b>Warum Sie sie lieben werden:<\/b><\/p>\n<ul>\n<li>\n<p><b>Dezente Eleganz:<\/b> Eine Reihe kleiner Zirkonia f\u00e4ngt das Licht ein und funkelt sanft, ohne \u00fcbertrieben zu wirken. Es ist die ideale Wahl f\u00fcr Frauen, die einen raffinierten Stil bevorzugen. <\/p>\n<\/li>\n<li>\n<p><b>Maximaler Komfort:<\/b> Dank ihres kleineren Durchmessers und ihrer glatten Form st\u00f6ren sie nirgends. Sie sind so bequem, dass Sie problemlos darin schlafen k\u00f6nnen. <\/p>\n<\/li>\n<li>\n<p><b>Unzerst\u00f6rbare Qualit\u00e4t:<\/b> Hergestellt aus hochwertigem <b>Chirurgenstahl 316L<\/b> mit 18k Vergoldung. Sie sind 100% wasserdicht, sodass sie t\u00e4gliches Duschen, Sport und Schwimmen \u00fcberstehen, ohne anzulaufen. <\/p>\n<\/li>\n<li>\n<p><b>Meister des Layerings:<\/b> Diese Ohrringe sind eine absolute Grundlage f\u00fcr &#8222;Ear Stacking&#8220;. Sie sehen fantastisch im ersten Ohrloch aus, sind aber auch perfekt f\u00fcr das zweite oder dritte Ohrloch in Kombination mit gr\u00f6\u00dferen Creolen. <\/p>\n<\/li>\n<\/ul>\n<p><b>Wie tr\u00e4gt man sie?<\/b><\/p>\n<ol>\n<li>\n<p><b>Business-Look:<\/b> Erg\u00e4nzen Sie damit ein Kost\u00fcm oder eine Bluse. Sie sind elegant genug f\u00fcr ein Meeting und robust genug f\u00fcr einen ganzen Tag in Bewegung. <\/p>\n<\/li>\n<li>\n<p><b>Casual-Look:<\/b> Verleihen Sie Ihrem Alltagsoutfit (Jeans und Pullover) einen Hauch von glitzerndem Luxus.<\/p>\n<\/li>\n<\/ol>\n","protected":false},"excerpt":{"rendered":"<p>G\u00f6nnen Sie sich eine t\u00e4gliche Dosis Glanz mit den Ohrringen <b>Kruh<\/b>. Diese eleganten goldenen &#8222;Huggies&#8220; sind mit einer Reihe strahlender <strong>Zirkonia<\/strong> verziert, die das Licht wundersch\u00f6n reflektieren. Hergestellt aus hochwertigem <b>Chirurgenstahl<\/b>, sind sie 100% wasserdicht, hypoallergen und f\u00fcr maximalen Komfort konzipiert. Ein perfektes, vielseitiges Schmuckst\u00fcck, das Sie nie wieder ablegen m\u00f6chten.   <\/p>\n","protected":false},"featured_media":4730,"comment_status":"closed","ping_status":"closed","template":"","meta":{"_monsterinsights_skip_tracking":false,"_monsterinsights_sitenote_active":false,"_monsterinsights_sitenote_note":"","_monsterinsights_sitenote_category":0,"_joinchat":[]},"product_brand":[],"product_cat":[172,189],"product_tag":[],"class_list":{"0":"post-4729","1":"product","2":"type-product","3":"status-publish","4":"has-post-thumbnail","6":"product_cat-ohrringe","7":"product_cat-edelstahl-ohrringe","9":"first","10":"instock","11":"taxable","12":"shipping-taxable","13":"purchasable","14":"product-type-simple"},"_links":{"self":[{"href":"https:\/\/yourdailyjewellery.eu\/de\/wp-json\/wp\/v2\/product\/4729","targetHints":{"allow":["GET"]}}],"collection":[{"href":"https:\/\/yourdailyjewellery.eu\/de\/wp-json\/wp\/v2\/product"}],"about":[{"href":"https:\/\/yourdailyjewellery.eu\/de\/wp-json\/wp\/v2\/types\/product"}],"replies":[{"embeddable":true,"href":"https:\/\/yourdailyjewellery.eu\/de\/wp-json\/wp\/v2\/comments?post=4729"}],"wp:featuredmedia":[{"embeddable":true,"href":"https:\/\/yourdailyjewellery.eu\/de\/wp-json\/wp\/v2\/media\/4730"}],"wp:attachment":[{"href":"https:\/\/yourdailyjewellery.eu\/de\/wp-json\/wp\/v2\/media?parent=4729"}],"wp:term":[{"taxonomy":"product_brand","embeddable":true,"href":"https:\/\/yourdailyjewellery.eu\/de\/wp-json\/wp\/v2\/product_brand?post=4729"},{"taxonomy":"product_cat","embeddable":true,"href":"https:\/\/yourdailyjewellery.eu\/de\/wp-json\/wp\/v2\/product_cat?post=4729"},{"taxonomy":"product_tag","embeddable":true,"href":"https:\/\/yourdailyjewellery.eu\/de\/wp-json\/wp\/v2\/product_tag?post=4729"}],"curies":[{"name":"wp","href":"https:\/\/api.w.org\/{rel}","templated":true}]}}