{"id":4727,"date":"2025-12-17T02:37:04","date_gmt":"2025-12-17T01:37:04","guid":{"rendered":"https:\/\/yourdailyjewellery.eu\/shop-2\/ohrringe-kruh-white\/"},"modified":"2025-12-17T02:37:04","modified_gmt":"2025-12-17T01:37:04","slug":"ohrringe-kruh-white","status":"publish","type":"product","link":"https:\/\/yourdailyjewellery.eu\/de\/shop-2\/ohrringe-kruh-white\/","title":{"rendered":"Ohrringe Kruh white"},"content":{"rendered":"<h4>Ohrringe Kruh white \u2013 Industrieller Luxus in strahlendem Silber<\/h4>\n<p>Bevorzugen Sie die k\u00fchle Eleganz von Silber? Das Modell <b>Kruh white<\/b> ist die Verk\u00f6rperung eines modernen, urbanen Stils. Diese markanten Halbkreise (C-Hoops) in Silber bestechen durch ihr breites Profil und drei pr\u00e4zise <strong>eingefasste Zirkonia<\/strong>, die ihnen den Look ikonischer Schmuckst\u00fccke weltbekannter Marken verleihen.  <\/p>\n<p><b>Warum sie eine \u201ecoole\u201c Wahl sind:<\/b><\/p>\n<ul>\n<li>\n<p><b>Futuristisches Aussehen:<\/b> Der silberne Glanz in Kombination mit der geometrischen Form und den klaren Steinen wirkt sehr klar, technisch und zeitlos.<\/p>\n<\/li>\n<li>\n<p><b>Eingefasste Steine:<\/b> Die Zirkonia stehen nicht hervor, sondern sind glatt in das Metall eingefasst, was an stilvolle \u201eNieten\u201c erinnert. Dieses Detail sieht nicht nur gut aus, sondern ist auch praktisch, da sie nirgends h\u00e4ngen bleiben. <\/p>\n<\/li>\n<li>\n<p><b>Robuste Sch\u00f6nheit:<\/b> Hergestellt aus poliertem <b>Chirurgenstahl 316L<\/b>. Im Gegensatz zu gew\u00f6hnlichem Silber oxidieren (schw\u00e4rzen) diese Ohrringe nicht und sind 100 % wasserdicht. Sie behalten ihren Spiegellglanz auch bei t\u00e4glichem Tragen.  <\/p>\n<\/li>\n<li>\n<p><b>Fester Sitz:<\/b> Der Poussettenverschluss (Stecker) sorgt daf\u00fcr, dass der Ohrring fest am Ohr anliegt und sich nicht verdreht.<\/p>\n<\/li>\n<\/ul>\n<p><b>Wie tr\u00e4gt man sie?<\/b><\/p>\n<ol>\n<li>\n<p><b>Monochromer Chic:<\/b> Sie sehen umwerfend zu einem komplett wei\u00dfen oder komplett schwarzen Outfit aus. Sie sind das Detail, das die Langeweile durchbricht. <\/p>\n<\/li>\n<li>\n<p><b>Denim &amp; Leder:<\/b> Sie passen perfekt zu Jeans und einer Lederjacke. Sie verleihen einem raueren Outfit die n\u00f6tige Dosis Weiblichkeit und Glanz. <\/p>\n<\/li>\n<\/ol>\n","protected":false},"excerpt":{"rendered":"<p>G\u00f6nnen Sie sich modernen Luxus mit den Ohrringen <b>Kruh white<\/b>. Diese stilvollen silbernen Halbkreise (C-Hoops) werden Sie mit ihrem massiven Design und den <strong>eingefassten klaren Zirkonia<\/strong> bezaubern. Hergestellt aus hochglanzpoliertem <b>Chirurgenstahl<\/b>, sind sie 100 % wasserdicht, schw\u00e4rzen nicht und sind hypoallergen. Ein ideales Accessoire f\u00fcr die Frau, die klare Linien und markanten Schmuck bevorzugt.   <\/p>\n","protected":false},"featured_media":4728,"comment_status":"closed","ping_status":"closed","template":"","meta":{"_monsterinsights_skip_tracking":false,"_monsterinsights_sitenote_active":false,"_monsterinsights_sitenote_note":"","_monsterinsights_sitenote_category":0,"_joinchat":[]},"product_brand":[],"product_cat":[172],"product_tag":[],"class_list":{"0":"post-4727","1":"product","2":"type-product","3":"status-publish","4":"has-post-thumbnail","6":"product_cat-ohrringe","8":"first","9":"instock","10":"sale","11":"taxable","12":"shipping-taxable","13":"purchasable","14":"product-type-simple"},"_links":{"self":[{"href":"https:\/\/yourdailyjewellery.eu\/de\/wp-json\/wp\/v2\/product\/4727","targetHints":{"allow":["GET"]}}],"collection":[{"href":"https:\/\/yourdailyjewellery.eu\/de\/wp-json\/wp\/v2\/product"}],"about":[{"href":"https:\/\/yourdailyjewellery.eu\/de\/wp-json\/wp\/v2\/types\/product"}],"replies":[{"embeddable":true,"href":"https:\/\/yourdailyjewellery.eu\/de\/wp-json\/wp\/v2\/comments?post=4727"}],"wp:featuredmedia":[{"embeddable":true,"href":"https:\/\/yourdailyjewellery.eu\/de\/wp-json\/wp\/v2\/media\/4728"}],"wp:attachment":[{"href":"https:\/\/yourdailyjewellery.eu\/de\/wp-json\/wp\/v2\/media?parent=4727"}],"wp:term":[{"taxonomy":"product_brand","embeddable":true,"href":"https:\/\/yourdailyjewellery.eu\/de\/wp-json\/wp\/v2\/product_brand?post=4727"},{"taxonomy":"product_cat","embeddable":true,"href":"https:\/\/yourdailyjewellery.eu\/de\/wp-json\/wp\/v2\/product_cat?post=4727"},{"taxonomy":"product_tag","embeddable":true,"href":"https:\/\/yourdailyjewellery.eu\/de\/wp-json\/wp\/v2\/product_tag?post=4727"}],"curies":[{"name":"wp","href":"https:\/\/api.w.org\/{rel}","templated":true}]}}