{"id":4725,"date":"2025-12-17T02:37:04","date_gmt":"2025-12-17T01:37:04","guid":{"rendered":"https:\/\/yourdailyjewellery.eu\/shop-2\/ohrringe-perli-lu-vergoldet\/"},"modified":"2025-12-17T02:37:04","modified_gmt":"2025-12-17T01:37:04","slug":"ohrringe-perli-lu-vergoldet","status":"publish","type":"product","link":"https:\/\/yourdailyjewellery.eu\/de\/shop-2\/ohrringe-perli-lu-vergoldet\/","title":{"rendered":"Ohrringe Perli LU vergoldet"},"content":{"rendered":"<h4>Ohrringe Perli LU \u2013 Die Sch\u00f6nheit der unvollkommenen Vollkommenheit und barocker Stil<\/h4>\n<p>Vergessen Sie langweilige, perfekt runde Perlen. Die Ohrringe <b>Perli LU<\/b> zelebrieren die Einzigartigkeit nat\u00fcrlicher Formen. Dieses Modell kombiniert einen massiveren Goldkreis mit einer h\u00e4ngenden <strong>Barockperle<\/strong>, die eine faszinierende, unregelm\u00e4\u00dfige organische Form hat. Es ist ein Schmuckst\u00fcck f\u00fcr die Frau, die etwas Authentisches und Besonderes sucht.   <\/p>\n<p><b>Warum sie ein \u201eMust-Have\u201c-St\u00fcck sind:<\/b><\/p>\n<ul>\n<li>\n<p><b>Barock-Trend:<\/b> Unregelm\u00e4\u00dfige Perlen (Baroque pearls) sind ein Hit auf den Laufstegen der Welt. Ihre \u201ezerknitterte\u201c Oberfl\u00e4che bricht das Licht wundersch\u00f6n und verleiht dem Schmuckst\u00fcck einen modernen, k\u00fcnstlerischen Touch. <\/p>\n<\/li>\n<li>\n<p><b>Gold-Detail:<\/b> Die Perle ist am unteren Ende mit einer kleinen goldenen Kugel abgeschlossen, was ein raffiniertes Detail ist, das den Anh\u00e4nger mit dem Kreis verbindet und ihm ein stimmiges Aussehen verleiht.<\/p>\n<\/li>\n<li>\n<p><b>Massiverer Kreis:<\/b> Der Kreis selbst ist dicker (chunky style), was einen sch\u00f6nen Kontrast zur Zartheit der Perle bildet. Er wirkt luxuri\u00f6s und markant. <\/p>\n<\/li>\n<li>\n<p><b>Premium-Qualit\u00e4t:<\/b> Hergestellt aus <b>Chirurgenstahl 316L<\/b> mit 18k Vergoldung. Sie sind 100% wasserdicht, sodass Sie dieses Sommerst\u00fcck das ganze Jahr \u00fcber tragen k\u00f6nnen, sogar unter der Dusche. <\/p>\n<\/li>\n<\/ul>\n<p><b>Wie tr\u00e4gt man sie?<\/b><\/p>\n<ol>\n<li>\n<p><b>Boho Chic:<\/b> Sie sind wie geschaffen f\u00fcr Leinenkleider, weite Blusen und wallendes Haar. Sie verleihen Ihnen einen Hauch von Urlaubsstimmung. <\/p>\n<\/li>\n<li>\n<p><b>Moderner Kontrast:<\/b> Versuchen Sie, sie mit einem strengen Sakko oder einer Lederjacke zu kombinieren. Die Zartheit der Perle im Kontrast zu einem h\u00e4rteren Outfit sieht unglaublich stilvoll aus. <\/p>\n<\/li>\n<\/ol>\n","protected":false},"excerpt":{"rendered":"<p>Entdecken Sie den Charme organischer Formen mit den Ohrringen <b>Perli LU<\/b>. Diese markanten Goldkreise ziert eine h\u00e4ngende <strong>Barockperle<\/strong> von unregelm\u00e4\u00dfiger Form, die dem Schmuckst\u00fcck ein einzigartiges und modernes Aussehen verleiht. Hergestellt aus robustem <b>Chirurgenstahl<\/b>, sind sie 100% wasserdicht, hypoallergen und farbbest\u00e4ndig. Ein perfektes Accessoire f\u00fcr Liebhaberinnen nat\u00fcrlicher Eleganz.   <\/p>\n","protected":false},"featured_media":4726,"comment_status":"closed","ping_status":"closed","template":"","meta":{"_monsterinsights_skip_tracking":false,"_monsterinsights_sitenote_active":false,"_monsterinsights_sitenote_note":"","_monsterinsights_sitenote_category":0,"_joinchat":[]},"product_brand":[],"product_cat":[172,189],"product_tag":[],"class_list":{"0":"post-4725","1":"product","2":"type-product","3":"status-publish","4":"has-post-thumbnail","6":"product_cat-ohrringe","7":"product_cat-edelstahl-ohrringe","9":"first","10":"instock","11":"taxable","12":"shipping-taxable","13":"purchasable","14":"product-type-simple"},"_links":{"self":[{"href":"https:\/\/yourdailyjewellery.eu\/de\/wp-json\/wp\/v2\/product\/4725","targetHints":{"allow":["GET"]}}],"collection":[{"href":"https:\/\/yourdailyjewellery.eu\/de\/wp-json\/wp\/v2\/product"}],"about":[{"href":"https:\/\/yourdailyjewellery.eu\/de\/wp-json\/wp\/v2\/types\/product"}],"replies":[{"embeddable":true,"href":"https:\/\/yourdailyjewellery.eu\/de\/wp-json\/wp\/v2\/comments?post=4725"}],"wp:featuredmedia":[{"embeddable":true,"href":"https:\/\/yourdailyjewellery.eu\/de\/wp-json\/wp\/v2\/media\/4726"}],"wp:attachment":[{"href":"https:\/\/yourdailyjewellery.eu\/de\/wp-json\/wp\/v2\/media?parent=4725"}],"wp:term":[{"taxonomy":"product_brand","embeddable":true,"href":"https:\/\/yourdailyjewellery.eu\/de\/wp-json\/wp\/v2\/product_brand?post=4725"},{"taxonomy":"product_cat","embeddable":true,"href":"https:\/\/yourdailyjewellery.eu\/de\/wp-json\/wp\/v2\/product_cat?post=4725"},{"taxonomy":"product_tag","embeddable":true,"href":"https:\/\/yourdailyjewellery.eu\/de\/wp-json\/wp\/v2\/product_tag?post=4725"}],"curies":[{"name":"wp","href":"https:\/\/api.w.org\/{rel}","templated":true}]}}