{"id":4711,"date":"2025-12-17T02:37:04","date_gmt":"2025-12-17T01:37:04","guid":{"rendered":"https:\/\/yourdailyjewellery.eu\/shop-2\/ohrringe-love-white\/"},"modified":"2025-12-17T02:37:04","modified_gmt":"2025-12-17T01:37:04","slug":"ohrringe-love-white","status":"publish","type":"product","link":"https:\/\/yourdailyjewellery.eu\/de\/shop-2\/ohrringe-love-white\/","title":{"rendered":"Ohrringe LOVE White"},"content":{"rendered":"<h4>Ohrringe LOVE White \u2013 Silberne Romantik f\u00fcr jeden Tag<\/h4>\n<p>Sind Sie Team \u201eSilber\u201c? Dann werden Sie die Ohrringe <b>LOVE White<\/b> lieben. Dieses Modell ist eine k\u00fchle, elegante Version unseres Bestsellers. Es sind kleine Stecker-Ohrringe in Form eines <strong>3D \u201ePuffy\u201c-Herzens<\/strong>, die einen wundersch\u00f6nen Spiegellanz haben, der an Wei\u00dfgold erinnert.   <\/p>\n<p><b>Warum sie so beliebt sind:<\/b><\/p>\n<ul>\n<li>\n<p><b>Cool &amp; Clean:<\/b> Die silberne Farbe wirkt rein, modern und frisch. Sie ist die ideale Wahl f\u00fcr Frauen mit k\u00fchlem Hautunterton oder f\u00fcr diejenigen, die keine Metalle kombinieren. <\/p>\n<\/li>\n<li>\n<p><b>3D-Effekt:<\/b> Dank der gew\u00f6lbten (puffy) Form wirken die Ohrringe nicht flach. Sie reflektieren das Licht wundersch\u00f6n und sehen am Ohr aus wie kleine herzf\u00f6rmige Quecksilbertropfen. <\/p>\n<\/li>\n<li>\n<p><b>Qualit\u00e4t, die h\u00e4lt:<\/b> Hergestellt aus poliertem <b>Chirurgenstahl 316L<\/b>. Dieses Material ist von Natur aus silbrig, sodass die Farbe niemals abreibt. Sie sind 100 % wasserdicht und hypoallergen.  <\/p>\n<\/li>\n<li>\n<p><b>Symbolik:<\/b> Das Herz ist ein universelles Symbol der Liebe. Diese Ohrringe sind ein wundersch\u00f6nes Liebesgeschenk, sei es f\u00fcr die Partnerin, Tochter oder beste Freundin. <\/p>\n<\/li>\n<\/ul>\n<p><b>Wie tr\u00e4gt man sie?<\/b><\/p>\n<ol>\n<li>\n<p><b>Minimalistischer Charme:<\/b> Sie passen perfekt zu einem wei\u00dfen T-Shirt und Jeans. Sie verleihen dem Outfit ein zartes, m\u00e4dchenhaftes Detail, ohne aufdringlich zu wirken. <\/p>\n<\/li>\n<li>\n<p><b>Mix &amp; Match:<\/b> Wenn Sie mehrere Ohrl\u00f6cher haben, kombinieren Sie sie mit kleinen silbernen Creolen oder einem Steinchen (z.B. Modell Bodka) f\u00fcr einen Lagenlook.<\/p>\n<\/li>\n<\/ol>\n","protected":false},"excerpt":{"rendered":"<p>Dr\u00fccken Sie Ihre Gef\u00fchle mit Schmuck aus. Die Ohrringe <b>LOVE White<\/b> sind niedliche Stecker-Ohrringe in Form eines <strong>3D-Silberherzens<\/strong>. Hergestellt aus hochglanzpoliertem <b>Chirurgenstahl<\/b>, bieten sie den Look von Wei\u00dfgold, sind 100 % wasserdicht und hypoallergen. Ein zartes und romantisches Accessoire, das zu jedem Outfit passt.   <\/p>\n","protected":false},"featured_media":4712,"comment_status":"closed","ping_status":"closed","template":"","meta":{"_monsterinsights_skip_tracking":false,"_monsterinsights_sitenote_active":false,"_monsterinsights_sitenote_note":"","_monsterinsights_sitenote_category":0,"_joinchat":[]},"product_brand":[],"product_cat":[172,189,249],"product_tag":[],"class_list":{"0":"post-4711","1":"product","2":"type-product","3":"status-publish","4":"has-post-thumbnail","6":"product_cat-ohrringe","7":"product_cat-edelstahl-ohrringe","8":"product_cat-valentinstag-sale","10":"first","11":"instock","12":"taxable","13":"shipping-taxable","14":"purchasable","15":"product-type-simple"},"_links":{"self":[{"href":"https:\/\/yourdailyjewellery.eu\/de\/wp-json\/wp\/v2\/product\/4711","targetHints":{"allow":["GET"]}}],"collection":[{"href":"https:\/\/yourdailyjewellery.eu\/de\/wp-json\/wp\/v2\/product"}],"about":[{"href":"https:\/\/yourdailyjewellery.eu\/de\/wp-json\/wp\/v2\/types\/product"}],"replies":[{"embeddable":true,"href":"https:\/\/yourdailyjewellery.eu\/de\/wp-json\/wp\/v2\/comments?post=4711"}],"wp:featuredmedia":[{"embeddable":true,"href":"https:\/\/yourdailyjewellery.eu\/de\/wp-json\/wp\/v2\/media\/4712"}],"wp:attachment":[{"href":"https:\/\/yourdailyjewellery.eu\/de\/wp-json\/wp\/v2\/media?parent=4711"}],"wp:term":[{"taxonomy":"product_brand","embeddable":true,"href":"https:\/\/yourdailyjewellery.eu\/de\/wp-json\/wp\/v2\/product_brand?post=4711"},{"taxonomy":"product_cat","embeddable":true,"href":"https:\/\/yourdailyjewellery.eu\/de\/wp-json\/wp\/v2\/product_cat?post=4711"},{"taxonomy":"product_tag","embeddable":true,"href":"https:\/\/yourdailyjewellery.eu\/de\/wp-json\/wp\/v2\/product_tag?post=4711"}],"curies":[{"name":"wp","href":"https:\/\/api.w.org\/{rel}","templated":true}]}}