{"id":4707,"date":"2025-12-25T19:35:31","date_gmt":"2025-12-25T18:35:31","guid":{"rendered":"https:\/\/yourdailyjewellery.eu\/shop-2\/unisex-stierkette\/"},"modified":"2025-12-25T19:35:31","modified_gmt":"2025-12-25T18:35:31","slug":"unisex-stierkette","status":"publish","type":"product","link":"https:\/\/yourdailyjewellery.eu\/de\/shop-2\/unisex-stierkette\/","title":{"rendered":"Unisex-Stierkette"},"content":{"rendered":"<h4>Stier-Kette (Taurus) \u2013 Symbol f\u00fcr Stabilit\u00e4t und Ausdauer<\/h4>\n<p>Feiern Sie Ihre Pers\u00f6nlichkeit mit der <b>Stier<\/b>-Halskette. Dieses stilvolle <strong>Unisex-Schmuckst\u00fcck<\/strong> ist dem Erdzeichen gewidmet, das f\u00fcr seine Geduld, Praktikabilit\u00e4t und Liebe zur Sch\u00f6nheit bekannt ist. Das Design des Medaillons verbindet traditionelle Symbolik mit modernem urbanem Stil.  <\/p>\n<p><b>Was Sie an dieser Tierkreis-Halskette begeistern wird:<\/b><\/p>\n<ul>\n<li>\n<p><b>Aufwendig gestaltetes Medaillon:<\/b> Der Anh\u00e4nger hat die Form einer massiveren M\u00fcnze.\n    <\/p>\n<ul>\n<li>Das zentrale <strong>Stier-Symbol<\/strong> ist hochglanzpoliert und hebt sich von einem fein texturierten, sandgestrahlten Hintergrund ab.<\/li>\n<li>Der Rand des Medaillons ziert eine markante <strong>strahlenf\u00f6rmige Riffelung<\/strong>, die bei Bewegung effektvolle Lichtreflexe erzeugt.<\/li>\n<\/ul>\n<\/li>\n<li>\n<p><b>Robuste Box-Kette (Venezia):<\/b> Damit das Schmuckst\u00fcck dem t\u00e4glichen Tragen standh\u00e4lt, ist es an einer robusten <strong>Box-Kette<\/strong> befestigt. Ihre kantigen Glieder sind f\u00fcr ihre hohe Festigkeit bekannt und daf\u00fcr, dass sie sich nicht in Haaren oder Kleidung verfangen. <\/p>\n<\/li>\n<li>\n<p><b>Unisex-Design:<\/b> Dank seiner klaren Linien und dem Verzicht auf unn\u00f6tige Verzierungen ist diese Halskette <strong>sowohl f\u00fcr M\u00e4nner als auch f\u00fcr Frauen geeignet<\/strong>. Sie wirkt geschmackvoll zu einem Herrenhemd und auch im Damen-Dekollet\u00e9. <\/p>\n<\/li>\n<li>\n<p><b>Premium-Material:<\/b> Hergestellt aus <b>Chirurgenstahl 316L<\/b> mit 18k Vergoldung. Er ist 100% wasserdicht, schwei\u00dfresistent und verursacht keine allergischen Reaktionen. Seinen goldenen Glanz beh\u00e4lt er auch bei Kontakt mit Wasser.  <\/p>\n<\/li>\n<\/ul>\n<p><b>Geschenk-Tipp:<\/b><\/p>\n<p>Suchen Sie ein Geburtstagsgeschenk? Diese Halskette ist die perfekte Wahl f\u00fcr jeden, der im Sternzeichen Stier geboren wurde (20.4. \u2013 20.5.). Sie ist ein pers\u00f6nlicher Talisman, der den Beschenkten viele Jahre begleiten wird.  <\/p>\n","protected":false},"excerpt":{"rendered":"<p>Entdecken Sie die Kraft des Zeichens mit der <b>Stier (Taurus)<\/b>-Halskette. Diese <strong>goldene Unisex-Halskette<\/strong> ziert ein rundes <strong>Medaillon mit Tierkreiszeichen-Symbol<\/strong> im modernen &#8222;Coin&#8220;-Stil. Der Anh\u00e4nger mit strahlenf\u00f6rmigem Rand h\u00e4ngt an einer robusten <strong>Box-Kette (Venezia)<\/strong>. Hergestellt aus hochwertigem <b>Chirurgenstahl<\/b>, ist sie 100% wasserdicht, hypoallergen und ideal f\u00fcr den t\u00e4glichen Gebrauch f\u00fcr Damen und Herren.   <\/p>\n","protected":false},"featured_media":4694,"comment_status":"closed","ping_status":"closed","template":"","meta":{"_monsterinsights_skip_tracking":false,"_monsterinsights_sitenote_active":false,"_monsterinsights_sitenote_note":"","_monsterinsights_sitenote_category":0,"_joinchat":[]},"product_brand":[],"product_cat":[196],"product_tag":[],"class_list":{"0":"post-4707","1":"product","2":"type-product","3":"status-publish","4":"has-post-thumbnail","6":"product_cat-halsketten","8":"first","9":"instock","10":"taxable","11":"shipping-taxable","12":"purchasable","13":"product-type-simple"},"_links":{"self":[{"href":"https:\/\/yourdailyjewellery.eu\/de\/wp-json\/wp\/v2\/product\/4707","targetHints":{"allow":["GET"]}}],"collection":[{"href":"https:\/\/yourdailyjewellery.eu\/de\/wp-json\/wp\/v2\/product"}],"about":[{"href":"https:\/\/yourdailyjewellery.eu\/de\/wp-json\/wp\/v2\/types\/product"}],"replies":[{"embeddable":true,"href":"https:\/\/yourdailyjewellery.eu\/de\/wp-json\/wp\/v2\/comments?post=4707"}],"wp:featuredmedia":[{"embeddable":true,"href":"https:\/\/yourdailyjewellery.eu\/de\/wp-json\/wp\/v2\/media\/4694"}],"wp:attachment":[{"href":"https:\/\/yourdailyjewellery.eu\/de\/wp-json\/wp\/v2\/media?parent=4707"}],"wp:term":[{"taxonomy":"product_brand","embeddable":true,"href":"https:\/\/yourdailyjewellery.eu\/de\/wp-json\/wp\/v2\/product_brand?post=4707"},{"taxonomy":"product_cat","embeddable":true,"href":"https:\/\/yourdailyjewellery.eu\/de\/wp-json\/wp\/v2\/product_cat?post=4707"},{"taxonomy":"product_tag","embeddable":true,"href":"https:\/\/yourdailyjewellery.eu\/de\/wp-json\/wp\/v2\/product_tag?post=4707"}],"curies":[{"name":"wp","href":"https:\/\/api.w.org\/{rel}","templated":true}]}}