{"id":4700,"date":"2025-12-25T19:35:30","date_gmt":"2025-12-25T18:35:30","guid":{"rendered":"https:\/\/yourdailyjewellery.eu\/shop-2\/armband-other-style\/"},"modified":"2025-12-25T19:35:30","modified_gmt":"2025-12-25T18:35:30","slug":"armband-other-style","status":"publish","type":"product","link":"https:\/\/yourdailyjewellery.eu\/de\/shop-2\/armband-other-style\/","title":{"rendered":"Armband Other Style"},"content":{"rendered":"<h4>Armband Other Style \u2013 Ikonisches Volumen und Flexibilit\u00e4t<\/h4>\n<p>Heben Sie sich ab mit dem Armband <b>Other Style<\/b>. Dieses Schmuckst\u00fcck ist die Definition von modernem Luxus. Vergessen Sie zarte Ketten, dieses St\u00fcck steht f\u00fcr Volumen, Struktur und einen k\u00fchnen Stil. Es vereint den Effekt mehrerer Armb\u00e4nder in einem perfekten, flexiblen Ganzen.   <\/p>\n<p><b>Warum dieses \u201eCobra\u201c-Design der Hit der Saison ist:<\/b><\/p>\n<ul>\n<li>\n<p><b>\u201eStacking\u201c-Effekt:<\/b> Das Armband besteht aus einem B\u00fcndel ineinander verschlungener Kreise mit einer dichten Struktur (bekannt als Schlangenmuster oder Cobra-Kette). Am Handgelenk erzeugt es die Illusion, dass Sie <strong>mehrere Armb\u00e4nder<\/strong> gleichzeitig tragen, jedoch ohne Klimpern und Durcheinander. Alles h\u00e4lt sch\u00f6n zusammen.  <\/p>\n<\/li>\n<li>\n<p><b>Flexibler Komfort:<\/b> Im Gegensatz zu starren Armreifen (Bangles) ist dieses Modell <strong>flexibel und dehnbar<\/strong>. Es passt sich der Bewegung Ihres Handgelenks an, ist weich im Griff und l\u00e4sst sich sehr bequem anlegen (sogenanntes Roll-on-System). <\/p>\n<\/li>\n<li>\n<p><b>Faszinierende Textur:<\/b> Die Oberfl\u00e4che des Armbands ist fein gerippt, was ihm einen hohen Glanz und ein interessantes Lichtspiel verleiht. Es erinnert an luxuri\u00f6se \u201eGasrohre\u201c (Tubogas-Stil), die von weltbekannten Schmuckh\u00e4usern ber\u00fchmt gemacht wurden. <\/p>\n<\/li>\n<li>\n<p><b>Strapazierf\u00e4higes Material:<\/b> Hergestellt aus hochwertigem <b>Chirurgenstahl 316L<\/b> mit 18k Vergoldung. Es ist 100 % wasserdicht. Dieses massive St\u00fcck k\u00f6nnen Sie t\u00e4glich tragen, ohne bef\u00fcrchten zu m\u00fcssen, dass es seinen goldenen Glanz verliert.  <\/p>\n<\/li>\n<\/ul>\n<p><b>Wie tr\u00e4gt man es?<\/b><\/p>\n<ol>\n<li>\n<p><b>Power Dressing:<\/b> Es ist ein ideales \u201eStatement\u201c-St\u00fcck zu einem Blazer, Etuikleid oder eleganten Overall. Es verleiht Ihnen einen selbstbewussten und professionellen Look. <\/p>\n<\/li>\n<li>\n<p><b>Abend-Glamour:<\/b> Dank seines Volumens ben\u00f6tigt es keine Konkurrenz. Tragen Sie es als einziges Schmuckst\u00fcck zu einem kleinen Schwarzen. <\/p>\n<\/li>\n<\/ol>\n","protected":false},"excerpt":{"rendered":"<p>Beeindrucken Sie mit dem k\u00fchnen Stil des Armbands <b>Other Style<\/b>. Dieses massive goldene Armband besteht aus einem B\u00fcndel flexibler Kreise mit einer dichten <strong>&#8222;Cobra&#8220;<\/strong>-Textur (Schlangenmuster). Es erzeugt den Effekt mehrerer Armb\u00e4nder am Handgelenk (Layering-Look). Es ist <strong>flexibel<\/strong>, angenehm zu tragen und einfach anzulegen. Hergestellt aus hochwertigem <b>Chirurgenstahl<\/b>, ist es 100 % wasserdicht, hypoallergen und farbecht.    <\/p>\n","protected":false},"featured_media":4701,"comment_status":"closed","ping_status":"closed","template":"","meta":{"_monsterinsights_skip_tracking":false,"_monsterinsights_sitenote_active":false,"_monsterinsights_sitenote_note":"","_monsterinsights_sitenote_category":0,"_joinchat":[]},"product_brand":[],"product_cat":[183],"product_tag":[],"class_list":{"0":"post-4700","1":"product","2":"type-product","3":"status-publish","4":"has-post-thumbnail","6":"product_cat-armbander","8":"first","9":"instock","10":"taxable","11":"shipping-taxable","12":"purchasable","13":"product-type-simple"},"_links":{"self":[{"href":"https:\/\/yourdailyjewellery.eu\/de\/wp-json\/wp\/v2\/product\/4700","targetHints":{"allow":["GET"]}}],"collection":[{"href":"https:\/\/yourdailyjewellery.eu\/de\/wp-json\/wp\/v2\/product"}],"about":[{"href":"https:\/\/yourdailyjewellery.eu\/de\/wp-json\/wp\/v2\/types\/product"}],"replies":[{"embeddable":true,"href":"https:\/\/yourdailyjewellery.eu\/de\/wp-json\/wp\/v2\/comments?post=4700"}],"wp:featuredmedia":[{"embeddable":true,"href":"https:\/\/yourdailyjewellery.eu\/de\/wp-json\/wp\/v2\/media\/4701"}],"wp:attachment":[{"href":"https:\/\/yourdailyjewellery.eu\/de\/wp-json\/wp\/v2\/media?parent=4700"}],"wp:term":[{"taxonomy":"product_brand","embeddable":true,"href":"https:\/\/yourdailyjewellery.eu\/de\/wp-json\/wp\/v2\/product_brand?post=4700"},{"taxonomy":"product_cat","embeddable":true,"href":"https:\/\/yourdailyjewellery.eu\/de\/wp-json\/wp\/v2\/product_cat?post=4700"},{"taxonomy":"product_tag","embeddable":true,"href":"https:\/\/yourdailyjewellery.eu\/de\/wp-json\/wp\/v2\/product_tag?post=4700"}],"curies":[{"name":"wp","href":"https:\/\/api.w.org\/{rel}","templated":true}]}}