{"id":4697,"date":"2025-12-25T19:35:32","date_gmt":"2025-12-25T18:35:32","guid":{"rendered":"https:\/\/yourdailyjewellery.eu\/shop-2\/loewenkette-unisex\/"},"modified":"2025-12-25T19:35:32","modified_gmt":"2025-12-25T18:35:32","slug":"loewenkette-unisex","status":"publish","type":"product","link":"https:\/\/yourdailyjewellery.eu\/de\/shop-2\/loewenkette-unisex\/","title":{"rendered":"L\u00f6wenkette Unisex"},"content":{"rendered":"<h4>L\u00f6wenkette (Leo) \u2013 Symbol innerer St\u00e4rke und Majest\u00e4t<\/h4>\n<p>Zeigen Sie der Welt Ihre Ausstrahlung mit der <b>L\u00f6wen<\/b>-Halskette. Dieses markante <strong>Unisex-Schmuckst\u00fcck<\/strong> ist f\u00fcr alle gedacht, die unter der Herrschaft der Sonne geboren wurden. Das Sternzeichen L\u00f6we symbolisiert Mut, Kreativit\u00e4t und nat\u00fcrliche Autorit\u00e4t, was dieser Medaillon in seinem strahlenden Design perfekt widerspiegelt.  <\/p>\n<p><b>Warum Sie dieses Tierkreis-Schmuckst\u00fcck lieben werden:<\/b><\/p>\n<ul>\n<li>\n<p><b>Ikonisches M\u00fcnzdesign:<\/b> Der Anh\u00e4nger hat die Form eines massiven Goldmedaillons. Das zentrale <strong>L\u00f6wensymbol<\/strong> ist pr\u00e4zise poliert und hebt sich von einem fein gek\u00f6rnten, sandgestrahlten Hintergrund ab, was einen luxuri\u00f6sen 3D-Effekt erzeugt. <\/p>\n<\/li>\n<li>\n<p><b>Sonnige Details:<\/b> Der Rand des Medaillons ist mit einer <strong>strahlenf\u00f6rmigen Rillung<\/strong> verziert, die an eine Sonnenkorona erinnert. Dieses Detail f\u00e4ngt bei jeder Bewegung das Licht ein und reflektiert es, wodurch die Majest\u00e4t des Zeichens unterstrichen wird. <\/p>\n<\/li>\n<li>\n<p><b>Robuste Box-Kette (Venezia):<\/b> F\u00fcr maximalen Komfort und Sicherheit ist der Medaillon an einer robusten <strong>Box-Kette<\/strong> aufgeh\u00e4ngt. Ihre glatten, eckigen Glieder greifen pr\u00e4zise ineinander, wodurch die Kette sich nicht verdreht und sehr angenehm auf der Haut liegt. <\/p>\n<\/li>\n<li>\n<p><b>Unisex-Stil f\u00fcr jeden:<\/b> Dank seines ausgewogenen Designs ist diese Halskette <strong>sowohl f\u00fcr Damen als auch f\u00fcr Herren geeignet<\/strong>. Es ist ein universelles Accessoire, das jedem Outfit, von l\u00e4ssig bis formell, Selbstvertrauen verleiht. <\/p>\n<\/li>\n<li>\n<p><b>Qualit\u00e4t, die Bestand hat:<\/b> Hergestellt aus <b>Chirurgenstahl 316L<\/b> mit hochwertiger Vergoldung. Das Schmuckst\u00fcck ist 100% wasserdicht, schwei\u00dfresistent und hypoallergen, sodass Sie es als Ihren st\u00e4ndigen Talisman tragen k\u00f6nnen. <\/p>\n<\/li>\n<\/ul>\n<p><b>Geschenk-Tipp:<\/b><\/p>\n<p>Suchen Sie ein Geschenk, das Bewunderung ausdr\u00fcckt? Diese Halskette ist die ideale Wahl f\u00fcr jeden L\u00f6wen (23.7. \u2013 22.8.). Es ist ein pers\u00f6nliches und dauerhaftes Geschenk, das dem Beschenkten seine Einzigartigkeit in Erinnerung ruft.  <\/p>\n","protected":false},"excerpt":{"rendered":"<p>Strahlen Sie wie ein K\u00f6nig mit der <b>L\u00f6wen (Leo)<\/b>-Halskette. Diese <strong>goldene Unisex-Halskette<\/strong> ziert ein runder <strong>Medaillon mit Tierkreiszeichen-Symbol<\/strong> im modernen &#8222;Coin&#8220;-Stil. Der Anh\u00e4nger mit strahlenf\u00f6rmigem Rand und texturierter Mitte h\u00e4ngt an einer robusten <strong>Box-Kette (Venezia)<\/strong>. Hergestellt aus hochwertigem <b>Chirurgenstahl<\/b>, ist er 100% wasserdicht, hypoallergen und farbbest\u00e4ndig, geeignet f\u00fcr den t\u00e4glichen Gebrauch f\u00fcr M\u00e4nner und Frauen.   <\/p>\n","protected":false},"featured_media":4699,"comment_status":"closed","ping_status":"closed","template":"","meta":{"_monsterinsights_skip_tracking":false,"_monsterinsights_sitenote_active":false,"_monsterinsights_sitenote_note":"","_monsterinsights_sitenote_category":0,"_joinchat":[]},"product_brand":[],"product_cat":[196],"product_tag":[],"class_list":{"0":"post-4697","1":"product","2":"type-product","3":"status-publish","4":"has-post-thumbnail","6":"product_cat-halsketten","8":"first","9":"instock","10":"taxable","11":"shipping-taxable","12":"purchasable","13":"product-type-simple"},"_links":{"self":[{"href":"https:\/\/yourdailyjewellery.eu\/de\/wp-json\/wp\/v2\/product\/4697","targetHints":{"allow":["GET"]}}],"collection":[{"href":"https:\/\/yourdailyjewellery.eu\/de\/wp-json\/wp\/v2\/product"}],"about":[{"href":"https:\/\/yourdailyjewellery.eu\/de\/wp-json\/wp\/v2\/types\/product"}],"replies":[{"embeddable":true,"href":"https:\/\/yourdailyjewellery.eu\/de\/wp-json\/wp\/v2\/comments?post=4697"}],"wp:featuredmedia":[{"embeddable":true,"href":"https:\/\/yourdailyjewellery.eu\/de\/wp-json\/wp\/v2\/media\/4699"}],"wp:attachment":[{"href":"https:\/\/yourdailyjewellery.eu\/de\/wp-json\/wp\/v2\/media?parent=4697"}],"wp:term":[{"taxonomy":"product_brand","embeddable":true,"href":"https:\/\/yourdailyjewellery.eu\/de\/wp-json\/wp\/v2\/product_brand?post=4697"},{"taxonomy":"product_cat","embeddable":true,"href":"https:\/\/yourdailyjewellery.eu\/de\/wp-json\/wp\/v2\/product_cat?post=4697"},{"taxonomy":"product_tag","embeddable":true,"href":"https:\/\/yourdailyjewellery.eu\/de\/wp-json\/wp\/v2\/product_tag?post=4697"}],"curies":[{"name":"wp","href":"https:\/\/api.w.org\/{rel}","templated":true}]}}