{"id":4692,"date":"2025-12-25T19:35:31","date_gmt":"2025-12-25T18:35:31","guid":{"rendered":"https:\/\/yourdailyjewellery.eu\/shop-2\/unisex-widder-kette\/"},"modified":"2025-12-25T19:35:31","modified_gmt":"2025-12-25T18:35:31","slug":"unisex-widder-kette","status":"publish","type":"product","link":"https:\/\/yourdailyjewellery.eu\/de\/shop-2\/unisex-widder-kette\/","title":{"rendered":"Unisex-Widder-Kette"},"content":{"rendered":"<h4>Widder-Kette (Aries) \u2013 Symbol f\u00fcr Mut und Energie<\/h4>\n<p>Tragen Sie Ihr Sternzeichen stolz auf der Brust mit der <b>Widder<\/b>-Kette. Diese stilvolle <strong>Unisex-Halskette<\/strong> ist dem ersten Sternzeichen gewidmet, das f\u00fcr seine feurige Energie, St\u00e4rke und Entschlossenheit bekannt ist. Das Medaillon-Design verbindet klassische Eleganz mit modernem Stil.  <\/p>\n<p><b>Warum dieser Tierkreis-Schmuck eine ausgezeichnete Wahl ist:<\/b><\/p>\n<ul>\n<li>\n<p><b>M\u00fcnzdesign (Coin Medallion):<\/b> Der Anh\u00e4nger hat die Form eines runden Medaillons, das einer M\u00fcnze \u00e4hnelt.\n    <\/p>\n<ul>\n<li>Der Rand ist mit einer <strong>strahlenf\u00f6rmigen Riffelung<\/strong> verziert, die dem Anh\u00e4nger Tiefe verleiht und das Licht reflektiert.<\/li>\n<li>Das Innere hat eine fein gek\u00f6rnte Textur (Sandstrahleffekt), auf der das polierte <strong>Widder-Symbol<\/strong> (H\u00f6rner) hervorsticht.<\/li>\n<\/ul>\n<\/li>\n<li>\n<p><b>Robuste Venezia-Kette:<\/b> Der Anh\u00e4nger h\u00e4ngt an einer hochwertigen <strong>Box (Venezia)<\/strong>-Kette. Dieser Kettentyp besteht aus eckigen Gliedern, die fest ineinandergreifen. Sie ist bekannt f\u00fcr ihre Langlebigkeit und daf\u00fcr, dass sie sich nicht verdreht, was sie zu einer idealen Wahl f\u00fcr M\u00e4nner und Frauen macht.  <\/p>\n<\/li>\n<li>\n<p><b>Unisex-Stil:<\/b> Dank der neutralen Geometrie und des Fehlens von Steinen ist dieses Schmuckst\u00fcck f\u00fcr beide Geschlechter geeignet. Es passt perfekt zu einem Herren-T-Shirt sowie zu einem Damen-Ausschnitt. <\/p>\n<\/li>\n<li>\n<p><b>Qualit\u00e4t und Langlebigkeit:<\/b> Hergestellt aus robusterem <b>Chirurgenstahl 316L<\/b> mit 18k Vergoldung. Er ist 100% wasserdicht, schwei\u00dfresistent und l\u00e4uft nicht an. Sie k\u00f6nnen ihn nonstop als Ihren pers\u00f6nlichen Talisman tragen.  <\/p>\n<\/li>\n<\/ul>\n<p><b>Geschenk-Tipp:<\/b><\/p>\n<p>Ein ideales Geburtstagsgeschenk f\u00fcr Menschen, die im Sternzeichen Widder geboren sind (21. M\u00e4rz \u2013 19. April), das sie an ihre nat\u00fcrliche St\u00e4rke und F\u00fchrungsqualit\u00e4ten erinnert.<\/p>\n","protected":false},"excerpt":{"rendered":"<p>Zeigen Sie Ihre St\u00e4rke mit der <b>Widder (Aries)<\/b>-Halskette. Diese <strong>Unisex-Halskette<\/strong> in Gold besteht aus einer robusten <strong>Box (Venezia)<\/strong>-Kette und einem runden <strong>Medaillon mit dem Sternzeichen-Symbol<\/strong>. Der Anh\u00e4nger hat ein stilvolles \u201eM\u00fcnz\u201c-Design mit strukturiertem Hintergrund. Hergestellt aus hochwertigem <b>Chirurgenstahl<\/b>, ist er 100% wasserdicht, hypoallergen und f\u00fcr den t\u00e4glichen Gebrauch f\u00fcr Damen und Herren geeignet.   <\/p>\n","protected":false},"featured_media":4696,"comment_status":"closed","ping_status":"closed","template":"","meta":{"_monsterinsights_skip_tracking":false,"_monsterinsights_sitenote_active":false,"_monsterinsights_sitenote_note":"","_monsterinsights_sitenote_category":0,"_joinchat":[]},"product_brand":[],"product_cat":[196],"product_tag":[],"class_list":{"0":"post-4692","1":"product","2":"type-product","3":"status-publish","4":"has-post-thumbnail","6":"product_cat-halsketten","8":"first","9":"instock","10":"taxable","11":"shipping-taxable","12":"purchasable","13":"product-type-simple"},"_links":{"self":[{"href":"https:\/\/yourdailyjewellery.eu\/de\/wp-json\/wp\/v2\/product\/4692","targetHints":{"allow":["GET"]}}],"collection":[{"href":"https:\/\/yourdailyjewellery.eu\/de\/wp-json\/wp\/v2\/product"}],"about":[{"href":"https:\/\/yourdailyjewellery.eu\/de\/wp-json\/wp\/v2\/types\/product"}],"replies":[{"embeddable":true,"href":"https:\/\/yourdailyjewellery.eu\/de\/wp-json\/wp\/v2\/comments?post=4692"}],"wp:featuredmedia":[{"embeddable":true,"href":"https:\/\/yourdailyjewellery.eu\/de\/wp-json\/wp\/v2\/media\/4696"}],"wp:attachment":[{"href":"https:\/\/yourdailyjewellery.eu\/de\/wp-json\/wp\/v2\/media?parent=4692"}],"wp:term":[{"taxonomy":"product_brand","embeddable":true,"href":"https:\/\/yourdailyjewellery.eu\/de\/wp-json\/wp\/v2\/product_brand?post=4692"},{"taxonomy":"product_cat","embeddable":true,"href":"https:\/\/yourdailyjewellery.eu\/de\/wp-json\/wp\/v2\/product_cat?post=4692"},{"taxonomy":"product_tag","embeddable":true,"href":"https:\/\/yourdailyjewellery.eu\/de\/wp-json\/wp\/v2\/product_tag?post=4692"}],"curies":[{"name":"wp","href":"https:\/\/api.w.org\/{rel}","templated":true}]}}