{"id":4662,"date":"2025-12-25T19:35:32","date_gmt":"2025-12-25T18:35:32","guid":{"rendered":"https:\/\/yourdailyjewellery.eu\/shop-2\/unisex-halskette-zwilling\/"},"modified":"2025-12-25T19:35:32","modified_gmt":"2025-12-25T18:35:32","slug":"unisex-halskette-zwilling","status":"publish","type":"product","link":"https:\/\/yourdailyjewellery.eu\/de\/shop-2\/unisex-halskette-zwilling\/","title":{"rendered":"Unisex-Halskette Zwilling"},"content":{"rendered":"<h4>Halskette Zwillinge (Gemini) \u2013 Symbol der Dualit\u00e4t und eines scharfen Geistes<\/h4>\n<p>Dr\u00fccken Sie Ihre vielseitige Pers\u00f6nlichkeit mit der <b>Zwillinge<\/b>-Halskette aus. Dieses stilvolle <strong>Unisex-Schmuckst\u00fcck<\/strong> ist dem Luftzeichen gewidmet, das f\u00fcr seine Neugier, Anpassungsf\u00e4higkeit und gesellige Natur bekannt ist. Das Design des Medaillons verbindet die antike \u00c4sthetik von M\u00fcnzen mit moderner Verarbeitung.  <\/p>\n<p><b>Was diese Sternzeichen-Halskette auszeichnet:<\/b><\/p>\n<ul>\n<li>\n<p><b>Aufwendiges Medaillon:<\/b> Der Anh\u00e4nger hat die Form einer massiven Goldm\u00fcnze.\n    <\/p>\n<ul>\n<li>Das zentrale <strong>Zwillinge-Symbol<\/strong> (r\u00f6mische Ziffer II) ist hochglanzpoliert und hebt sich deutlich von dem fein texturierten, sandgestrahlten Hintergrund ab.<\/li>\n<li>Der Rand des Medaillons ziert eine markante <strong>strahlenf\u00f6rmige Riffelung<\/strong>, die bei jeder Bewegung ein dynamisches Spiel von Licht und Schatten erzeugt.<\/li>\n<\/ul>\n<\/li>\n<li>\n<p><b>Hochwertige Box-Kette (Venezia):<\/b> Der Anh\u00e4nger h\u00e4ngt an einer robusten und widerstandsf\u00e4higen <strong>Box-Kette<\/strong>. Ihre charakteristischen eckigen Glieder sorgen daf\u00fcr, dass sich die Kette nicht verdreht, angenehm auf der Haut liegt und auch t\u00e4gliches Tragen ohne Rei\u00dfgefahr \u00fcbersteht. <\/p>\n<\/li>\n<li>\n<p><b>Universelles Design:<\/b> Dank seiner schlichten Eleganz und des Fehlens von Steinen ist diese Halskette <strong>unisex<\/strong>. Sie wirkt geschmackvoll und repr\u00e4sentativ am Hals von Damen und Herren, ob zu einem l\u00e4ssigen T-Shirt oder einem formelleren Hemd. <\/p>\n<\/li>\n<li>\n<p><b>Langlebiges Material:<\/b> Hergestellt aus hochwertigem <b>Chirurgenstahl 316L<\/b> mit 18k Vergoldung. Es ist 100% wasserdicht, schwei\u00dfresistent und hypoallergen. Seine goldene Farbe beh\u00e4lt es auch bei h\u00e4ufigem Kontakt mit Haut und Wasser langfristig bei.  <\/p>\n<\/li>\n<\/ul>\n<p><b>Geschenk-Tipp:<\/b><\/p>\n<p>Ein ideales und pers\u00f6nliches Geschenk f\u00fcr alle, die im Sternzeichen Zwillinge geboren sind (21.5. \u2013 20.6.). Es ist ein zeitloser Talisman, der den Intellekt und die Ausstrahlung seines Tr\u00e4gers unterstreicht. <\/p>\n","protected":false},"excerpt":{"rendered":"<p>Entdecken Sie Ihre Pers\u00f6nlichkeit mit der <b>Zwillinge (Gemini)<\/b>-Halskette. Diese <strong>goldene Unisex-Halskette<\/strong> ziert ein rundes <strong>Medaillon mit Sternzeichen-Symbol<\/strong> im stilvollen \u201eCoin\u201c-Design mit strahlenf\u00f6rmigem Rand. Der Anh\u00e4nger h\u00e4ngt an einer robusten <strong>Box-Kette (Venezia)<\/strong>. Hergestellt aus hochwertigem <b>Chirurgenstahl<\/b>, ist sie 100% wasserdicht, hypoallergen und farbbest\u00e4ndig, ideal f\u00fcr den t\u00e4glichen Gebrauch f\u00fcr Damen und Herren.   <\/p>\n","protected":false},"featured_media":4663,"comment_status":"closed","ping_status":"closed","template":"","meta":{"_monsterinsights_skip_tracking":false,"_monsterinsights_sitenote_active":false,"_monsterinsights_sitenote_note":"","_monsterinsights_sitenote_category":0,"_joinchat":[]},"product_brand":[],"product_cat":[196],"product_tag":[],"class_list":{"0":"post-4662","1":"product","2":"type-product","3":"status-publish","4":"has-post-thumbnail","6":"product_cat-halsketten","8":"first","9":"instock","10":"taxable","11":"shipping-taxable","12":"purchasable","13":"product-type-simple"},"_links":{"self":[{"href":"https:\/\/yourdailyjewellery.eu\/de\/wp-json\/wp\/v2\/product\/4662","targetHints":{"allow":["GET"]}}],"collection":[{"href":"https:\/\/yourdailyjewellery.eu\/de\/wp-json\/wp\/v2\/product"}],"about":[{"href":"https:\/\/yourdailyjewellery.eu\/de\/wp-json\/wp\/v2\/types\/product"}],"replies":[{"embeddable":true,"href":"https:\/\/yourdailyjewellery.eu\/de\/wp-json\/wp\/v2\/comments?post=4662"}],"wp:featuredmedia":[{"embeddable":true,"href":"https:\/\/yourdailyjewellery.eu\/de\/wp-json\/wp\/v2\/media\/4663"}],"wp:attachment":[{"href":"https:\/\/yourdailyjewellery.eu\/de\/wp-json\/wp\/v2\/media?parent=4662"}],"wp:term":[{"taxonomy":"product_brand","embeddable":true,"href":"https:\/\/yourdailyjewellery.eu\/de\/wp-json\/wp\/v2\/product_brand?post=4662"},{"taxonomy":"product_cat","embeddable":true,"href":"https:\/\/yourdailyjewellery.eu\/de\/wp-json\/wp\/v2\/product_cat?post=4662"},{"taxonomy":"product_tag","embeddable":true,"href":"https:\/\/yourdailyjewellery.eu\/de\/wp-json\/wp\/v2\/product_tag?post=4662"}],"curies":[{"name":"wp","href":"https:\/\/api.w.org\/{rel}","templated":true}]}}