{"id":4660,"date":"2025-12-25T19:35:33","date_gmt":"2025-12-25T18:35:33","guid":{"rendered":"https:\/\/yourdailyjewellery.eu\/shop-2\/unisex-kette-schuetze\/"},"modified":"2025-12-25T19:35:33","modified_gmt":"2025-12-25T18:35:33","slug":"unisex-kette-schuetze","status":"publish","type":"product","link":"https:\/\/yourdailyjewellery.eu\/de\/shop-2\/unisex-kette-schuetze\/","title":{"rendered":"Unisex-Kette Sch\u00fctze"},"content":{"rendered":"<h4>Sch\u00fctze-Kette (Sagittarius) \u2013 Symbol der Freiheit und unendlicher Horizonte<\/h4>\n<p>Konzentrieren Sie sich auf Ihre Ziele und dr\u00fccken Sie Ihre ungeb\u00e4ndigte Natur mit der <b>Sch\u00fctze<\/b>-Halskette aus. Dieses inspirierende <strong>Unisex-Schmuckst\u00fcck<\/strong> ist dem Feuerzeichen gewidmet, das vom Planeten Jupiter regiert wird. Der Sch\u00fctze symbolisiert Optimismus, Wahrheitsliebe und eine unaufh\u00f6rliche Wissbegierde, was dieses Medaillon in seinem dynamischen Design perfekt widerspiegelt.  <\/p>\n<p><b>Warum Sie diese Tierkreis-Halskette als Ihren Talisman w\u00e4hlen sollten:<\/b><\/p>\n<ul>\n<li>\n<p><b>Detailliert gearbeitetes Medaillon:<\/b> Der Anh\u00e4nger hat die Form einer massiven Goldm\u00fcnze mit reicher Textur. Das zentrale <strong>Sch\u00fctze-Symbol<\/strong> (Pfeil und Bogen, nach oben gerichtet) ist hochglanzpoliert und hebt sich von einem fein sandgestrahlten Hintergrund ab, wodurch ein luxuri\u00f6ser 3D-Effekt entsteht. <\/p>\n<\/li>\n<li>\n<p><b>Strahlf\u00f6rmige Rillen f\u00fcr zus\u00e4tzlichen Glanz:<\/b> Der Rand des Medaillons ist mit pr\u00e4zisen <strong>strahlenf\u00f6rmigen Rillen<\/strong> verziert. Dieses handwerkliche Detail f\u00e4ngt bei jeder Bewegung das Licht ein und erzeugt brillante Reflexionen, die die Energie und Begeisterung dieses Zeichens unterstreichen. <\/p>\n<\/li>\n<li>\n<p><b>Robuste Box-Kette (Venezia):<\/b> F\u00fcr maximale Sicherheit bei Ihren Abenteuern ist das Medaillon an einer robusten <strong>Box-Kette<\/strong> aufgeh\u00e4ngt. Ihre eckigen Glieder greifen pr\u00e4zise ineinander, wodurch sich die Kette nicht verdreht und \u00e4u\u00dferst angenehm im Alltag zu tragen ist. <\/p>\n<\/li>\n<li>\n<p><b>Unisex-Design f\u00fcr den modernen Reisenden:<\/b> Dank seiner klaren Linien und des Verzichts auf unn\u00f6tige Verzierungen ist diese Halskette <strong>sowohl f\u00fcr Damen als auch f\u00fcr Herren geeignet<\/strong>. Sie ist ein vielseitiges Accessoire, das jedem Outfit einen besonderen Charakter verleiht. <\/p>\n<\/li>\n<li>\n<p><b>Premium-Chirurgenstahl:<\/b> Hergestellt aus <b>Chirurgenstahl 316L<\/b> mit hochbest\u00e4ndiger Vergoldung. Das Schmuckst\u00fcck ist 100 % wasserdicht, hypoallergen und farbecht, sodass es Sie auf Reisen und bei sportlichen Aktivit\u00e4ten begleiten kann, ohne seine Sch\u00f6nheit zu verlieren. <\/p>\n<\/li>\n<\/ul>\n<p><b>Geschenk-Tipp:<\/b><\/p>\n<p>Suchen Sie ein Geschenk f\u00fcr eine Person, die im Sternzeichen Sch\u00fctze geboren ist (22.11. \u2013 21.12.)? Diese Halskette ist ein pers\u00f6nlicher und dauerhafter Ausdruck der Wertsch\u00e4tzung f\u00fcr ihre Aufrichtigkeit und Liebe zur Freiheit. <\/p>\n","protected":false},"excerpt":{"rendered":"<p>Zielen Sie nach den Sternen mit der <b>Sch\u00fctze (Sagittarius)<\/b>-Halskette. Diese <strong>goldene Unisex-Halskette<\/strong> ziert ein rundes <strong>Medaillon mit Tierkreiszeichen-Symbol<\/strong> im modernen &#8222;Coin&#8220;-Stil. Der Anh\u00e4nger mit strahlenf\u00f6rmigem Rand und texturierter Mitte h\u00e4ngt an einer robusten <strong>Box-Kette (Venezia)<\/strong>. Hergestellt aus hochwertigem <b>Chirurgenstahl<\/b>, ist sie 100 % wasserdicht, hypoallergen und farbecht, ideal f\u00fcr den t\u00e4glichen Gebrauch f\u00fcr M\u00e4nner und Frauen.   <\/p>\n","protected":false},"featured_media":4579,"comment_status":"closed","ping_status":"closed","template":"","meta":{"_monsterinsights_skip_tracking":false,"_monsterinsights_sitenote_active":false,"_monsterinsights_sitenote_note":"","_monsterinsights_sitenote_category":0,"_joinchat":[]},"product_brand":[],"product_cat":[196],"product_tag":[],"class_list":{"0":"post-4660","1":"product","2":"type-product","3":"status-publish","4":"has-post-thumbnail","6":"product_cat-halsketten","8":"first","9":"instock","10":"taxable","11":"shipping-taxable","12":"purchasable","13":"product-type-simple"},"_links":{"self":[{"href":"https:\/\/yourdailyjewellery.eu\/de\/wp-json\/wp\/v2\/product\/4660","targetHints":{"allow":["GET"]}}],"collection":[{"href":"https:\/\/yourdailyjewellery.eu\/de\/wp-json\/wp\/v2\/product"}],"about":[{"href":"https:\/\/yourdailyjewellery.eu\/de\/wp-json\/wp\/v2\/types\/product"}],"replies":[{"embeddable":true,"href":"https:\/\/yourdailyjewellery.eu\/de\/wp-json\/wp\/v2\/comments?post=4660"}],"wp:featuredmedia":[{"embeddable":true,"href":"https:\/\/yourdailyjewellery.eu\/de\/wp-json\/wp\/v2\/media\/4579"}],"wp:attachment":[{"href":"https:\/\/yourdailyjewellery.eu\/de\/wp-json\/wp\/v2\/media?parent=4660"}],"wp:term":[{"taxonomy":"product_brand","embeddable":true,"href":"https:\/\/yourdailyjewellery.eu\/de\/wp-json\/wp\/v2\/product_brand?post=4660"},{"taxonomy":"product_cat","embeddable":true,"href":"https:\/\/yourdailyjewellery.eu\/de\/wp-json\/wp\/v2\/product_cat?post=4660"},{"taxonomy":"product_tag","embeddable":true,"href":"https:\/\/yourdailyjewellery.eu\/de\/wp-json\/wp\/v2\/product_tag?post=4660"}],"curies":[{"name":"wp","href":"https:\/\/api.w.org\/{rel}","templated":true}]}}