{"id":4656,"date":"2025-12-25T19:35:33","date_gmt":"2025-12-25T18:35:33","guid":{"rendered":"https:\/\/yourdailyjewellery.eu\/shop-2\/unisex-skorpion-kette\/"},"modified":"2025-12-25T19:35:33","modified_gmt":"2025-12-25T18:35:33","slug":"unisex-skorpion-kette","status":"publish","type":"product","link":"https:\/\/yourdailyjewellery.eu\/de\/shop-2\/unisex-skorpion-kette\/","title":{"rendered":"Unisex Skorpion-Kette"},"content":{"rendered":"<h4>Skorpion-Kette (Scorpio) \u2013 Symbol der Leidenschaft und inneren St\u00e4rke<\/h4>\n<p>Zeigen Sie Ihre Ausstrahlung und geheimnisvolle Tiefe mit der <b>Skorpion<\/b>-Halskette. Dieses fesselnde <strong>Unisex-Schmuckst\u00fcck<\/strong> ist dem Wasserzeichen gewidmet, das von den Planeten Mars und Pluto regiert wird. Der Skorpion symbolisiert Mut, Regeneration und unerm\u00fcdlichen Willen, was dieser Medaillon in seinem k\u00fchnen und pr\u00e4zisen Design perfekt widerspiegelt.  <\/p>\n<p><b>Warum diese Tierkreis-Halskette einen Platz in Ihrer Sammlung verdient:<\/b><\/p>\n<ul>\n<li>\n<p><b>Meisterhaftes Medaillon-Design:<\/b> Der Anh\u00e4nger hat die Form einer massiven Goldm\u00fcnze mit ausgepr\u00e4gter Textur. Das zentrale <strong>Skorpion-Symbol<\/strong> (der Buchstabe M mit Stachel) ist hochglanzpoliert und hebt sich von einem fein gek\u00f6rnten, sandgestrahlten Hintergrund ab, wodurch ein beeindruckender 3D-Effekt entsteht. <\/p>\n<\/li>\n<li>\n<p><b>Dynamische Strahlenrillung:<\/b> Der Rand des Medaillons ist mit einer pr\u00e4zisen <strong>Strahlenrillung<\/strong> verziert. Dieses Detail f\u00e4ngt bei jeder Bewegung das Licht ein und reflektiert es, wodurch der dramatische und magnetische Charakter dieses Zeichens unterstrichen wird. <\/p>\n<\/li>\n<li>\n<p><b>Robuste Box-Kette (Venezia):<\/b> F\u00fcr maximale Sicherheit und Komfort beim t\u00e4glichen Tragen ist der Medaillon an einer robusten <strong>Box-Kette<\/strong> aufgeh\u00e4ngt. Ihre glatten, eckigen Glieder greifen pr\u00e4zise ineinander, wodurch sich die Kette nicht verdreht und \u00e4u\u00dferst angenehm auf der Haut liegt. <\/p>\n<\/li>\n<li>\n<p><b>Unisex-Stil f\u00fcr starke Pers\u00f6nlichkeiten:<\/b> Dank des ausgewogenen Designs und der klaren Linien ist diese Halskette <strong>sowohl f\u00fcr Damen als auch f\u00fcr Herren geeignet<\/strong>. Es ist ein vielseitiges Accessoire, das jedes Outfit geschmackvoll erg\u00e4nzt und ihm einen besonderen Charakter verleiht. <\/p>\n<\/li>\n<li>\n<p><b>Premium-Chirurgenstahl:<\/b> Hergestellt aus <b>Chirurgenstahl 316L<\/b> mit hochbest\u00e4ndiger Vergoldung. Das Schmuckst\u00fcck ist 100% wasserdicht, hypoallergen und farbecht, sodass es Sie bei jeder Aktivit\u00e4t begleiten kann, ohne seinen Glanz zu verlieren. <\/p>\n<\/li>\n<\/ul>\n<p><b>Geschenk-Tipp:<\/b><\/p>\n<p>Suchen Sie ein Geschenk f\u00fcr eine Person, die im Sternzeichen Skorpion geboren ist (23.10. \u2013 21.11.)? Diese Halskette ist ein pers\u00f6nlicher und dauerhafter Ausdruck der Wertsch\u00e4tzung f\u00fcr ihre intensive Natur und innere St\u00e4rke. <\/p>\n","protected":false},"excerpt":{"rendered":"<p>Entdecken Sie Ihre St\u00e4rke mit der <b>Skorpion (Scorpio)<\/b>-Halskette. Diese <strong>goldene Unisex-Halskette<\/strong> ziert ein rundes <strong>Medaillon mit Tierkreiszeichen-Symbol<\/strong> im modernen &#8222;Coin&#8220;-Stil. Der Anh\u00e4nger mit strahlenf\u00f6rmigem Rand und texturierter Mitte h\u00e4ngt an einer robusten <strong>Box-Kette (Venezia)<\/strong>. Hergestellt aus hochwertigem <b>Chirurgenstahl<\/b>, ist sie 100% wasserdicht, hypoallergen und farbecht, ideal f\u00fcr den t\u00e4glichen Gebrauch f\u00fcr M\u00e4nner und Frauen.   <\/p>\n","protected":false},"featured_media":4577,"comment_status":"closed","ping_status":"closed","template":"","meta":{"_monsterinsights_skip_tracking":false,"_monsterinsights_sitenote_active":false,"_monsterinsights_sitenote_note":"","_monsterinsights_sitenote_category":0,"_joinchat":[]},"product_brand":[],"product_cat":[196],"product_tag":[],"class_list":{"0":"post-4656","1":"product","2":"type-product","3":"status-publish","4":"has-post-thumbnail","6":"product_cat-halsketten","8":"first","9":"instock","10":"taxable","11":"shipping-taxable","12":"purchasable","13":"product-type-simple"},"_links":{"self":[{"href":"https:\/\/yourdailyjewellery.eu\/de\/wp-json\/wp\/v2\/product\/4656","targetHints":{"allow":["GET"]}}],"collection":[{"href":"https:\/\/yourdailyjewellery.eu\/de\/wp-json\/wp\/v2\/product"}],"about":[{"href":"https:\/\/yourdailyjewellery.eu\/de\/wp-json\/wp\/v2\/types\/product"}],"replies":[{"embeddable":true,"href":"https:\/\/yourdailyjewellery.eu\/de\/wp-json\/wp\/v2\/comments?post=4656"}],"wp:featuredmedia":[{"embeddable":true,"href":"https:\/\/yourdailyjewellery.eu\/de\/wp-json\/wp\/v2\/media\/4577"}],"wp:attachment":[{"href":"https:\/\/yourdailyjewellery.eu\/de\/wp-json\/wp\/v2\/media?parent=4656"}],"wp:term":[{"taxonomy":"product_brand","embeddable":true,"href":"https:\/\/yourdailyjewellery.eu\/de\/wp-json\/wp\/v2\/product_brand?post=4656"},{"taxonomy":"product_cat","embeddable":true,"href":"https:\/\/yourdailyjewellery.eu\/de\/wp-json\/wp\/v2\/product_cat?post=4656"},{"taxonomy":"product_tag","embeddable":true,"href":"https:\/\/yourdailyjewellery.eu\/de\/wp-json\/wp\/v2\/product_tag?post=4656"}],"curies":[{"name":"wp","href":"https:\/\/api.w.org\/{rel}","templated":true}]}}