{"id":4643,"date":"2025-12-25T19:35:36","date_gmt":"2025-12-25T18:35:36","guid":{"rendered":"https:\/\/yourdailyjewellery.eu\/shop-2\/vegas-gold-armband\/"},"modified":"2025-12-25T19:35:36","modified_gmt":"2025-12-25T18:35:36","slug":"vegas-gold-armband","status":"publish","type":"product","link":"https:\/\/yourdailyjewellery.eu\/de\/shop-2\/vegas-gold-armband\/","title":{"rendered":"Vegas Gold Armband"},"content":{"rendered":"<h4>Vegas Gold Armband \u2013 Luxus, der zum Greifen nah ist<\/h4>\n<p>Verwandeln Sie Ihr Handgelenk in ein Symbol des Erfolgs mit dem <b>Vegas Gold<\/b> Armband. Dieses Armband sch\u00f6pft Inspiration aus den glitzernden Boulevards von Las Vegas und dem zeitlosen Design luxuri\u00f6ser Uhren. Es ist ein Schmuckst\u00fcck f\u00fcr die Frau, die massivere Schmuckst\u00fccke mit Charakter liebt und ihrem Alltagsstil eine ordentliche Portion &#8222;Glamour&#8220;-Effekt verleihen m\u00f6chte.  <\/p>\n<p><b>Warum dieses Armband zu Ihrem Lieblings-Statement-St\u00fcck wird:<\/b><\/p>\n<ul>\n<li>\n<p><b>Ikonisches Gliederdesign:<\/b> Das Armband besteht aus pr\u00e4zise gearbeiteten <strong>dreiteiligen Gliedern<\/strong>, die charakteristisch f\u00fcr die teuersten Modelle weltweiter Uhrenmarken sind. Dieses Design verleiht dem Schmuckst\u00fcck Gewicht, Stabilit\u00e4t und einen unverwechselbaren luxuri\u00f6sen Look. <\/p>\n<\/li>\n<li>\n<p><b>Funkelnde Zirkone:<\/b> Die mittlere Gliederreihe ist abwechselnd mit eingefassten <strong>klaren Zirkonen<\/strong> verziert. Die Steine sind fest und symmetrisch in das Metall eingefasst, wodurch das Armband bei jeder Handbewegung brillant funkelt und Blicke auf sich zieht. <\/p>\n<\/li>\n<li>\n<p><b>Sicherer integrierter Verschluss:<\/b> Das Armband verf\u00fcgt \u00fcber einen stabilen <strong>verdeckten Verschluss<\/strong> (sog. Butterfly-Verschluss), der perfekt mit dem Gliederdesign verschmilzt. Der Verschluss ist nicht nur \u00e4sthetisch, sondern auch \u00e4u\u00dferst zuverl\u00e4ssig, sodass Sie sich keine Sorgen machen m\u00fcssen, ihn tags\u00fcber zu verlieren. <\/p>\n<\/li>\n<li>\n<p><b>Material der Spitzenklasse:<\/b> Hergestellt aus hochwertigem <b>Chirurgenstahl 316L<\/b> mit PVD-Vergoldung. Dieses Material ist bekannt f\u00fcr seine extreme Widerstandsf\u00e4higkeit, ist 100% wasserdicht, l\u00e4uft nicht an und ist auch f\u00fcr Allergiker gegen g\u00e4ngige Metalle geeignet. <\/p>\n<\/li>\n<\/ul>\n<p><b>Wie tr\u00e4gt man es?<\/b><\/p>\n<ol>\n<li>\n<p><b>Watch Layering:<\/b> Das Vegas Gold Armband wurde zum Layering mit Uhren geschaffen. Erg\u00e4nzen Sie damit Ihre Lieblings-Golduhr am selben Handgelenk, um einen maximal luxuri\u00f6sen Eindruck zu erzeugen. <\/p>\n<\/li>\n<li>\n<p><b>Boss Lady Style:<\/b> Passt perfekt zu einem Blazer, einer wei\u00dfen Bluse oder einem eleganten Overall. Verleiht Ihrem Business-Outfit Autorit\u00e4t und Eleganz. <\/p>\n<\/li>\n<\/ol>\n","protected":false},"excerpt":{"rendered":"<p>Heben Sie Ihren Stil auf ein neues Niveau mit dem <b>Vegas Gold<\/b> Armband. Dieses massive Gliederarmband im Design luxuri\u00f6ser Uhren ist mit <strong>klaren Zirkonen<\/strong> verziert, die ihm einen schillernden Glanz verleihen. Es ist mit einem sicheren, verdeckten Verschluss ausgestattet. Hergestellt aus hochwertigem <b>Chirurgenstahl<\/b>, ist es 100% wasserdicht, hypoallergen und farbecht \u2013 ideal f\u00fcr allt\u00e4glichen Luxus ohne Kompromisse.   <\/p>\n","protected":false},"featured_media":4644,"comment_status":"closed","ping_status":"closed","template":"","meta":{"_monsterinsights_skip_tracking":false,"_monsterinsights_sitenote_active":false,"_monsterinsights_sitenote_note":"","_monsterinsights_sitenote_category":0,"_joinchat":[]},"product_brand":[],"product_cat":[183],"product_tag":[],"class_list":{"0":"post-4643","1":"product","2":"type-product","3":"status-publish","4":"has-post-thumbnail","6":"product_cat-armbander","8":"first","9":"instock","10":"taxable","11":"shipping-taxable","12":"purchasable","13":"product-type-simple"},"_links":{"self":[{"href":"https:\/\/yourdailyjewellery.eu\/de\/wp-json\/wp\/v2\/product\/4643","targetHints":{"allow":["GET"]}}],"collection":[{"href":"https:\/\/yourdailyjewellery.eu\/de\/wp-json\/wp\/v2\/product"}],"about":[{"href":"https:\/\/yourdailyjewellery.eu\/de\/wp-json\/wp\/v2\/types\/product"}],"replies":[{"embeddable":true,"href":"https:\/\/yourdailyjewellery.eu\/de\/wp-json\/wp\/v2\/comments?post=4643"}],"wp:featuredmedia":[{"embeddable":true,"href":"https:\/\/yourdailyjewellery.eu\/de\/wp-json\/wp\/v2\/media\/4644"}],"wp:attachment":[{"href":"https:\/\/yourdailyjewellery.eu\/de\/wp-json\/wp\/v2\/media?parent=4643"}],"wp:term":[{"taxonomy":"product_brand","embeddable":true,"href":"https:\/\/yourdailyjewellery.eu\/de\/wp-json\/wp\/v2\/product_brand?post=4643"},{"taxonomy":"product_cat","embeddable":true,"href":"https:\/\/yourdailyjewellery.eu\/de\/wp-json\/wp\/v2\/product_cat?post=4643"},{"taxonomy":"product_tag","embeddable":true,"href":"https:\/\/yourdailyjewellery.eu\/de\/wp-json\/wp\/v2\/product_tag?post=4643"}],"curies":[{"name":"wp","href":"https:\/\/api.w.org\/{rel}","templated":true}]}}