{"id":4631,"date":"2025-12-25T19:35:29","date_gmt":"2025-12-25T18:35:29","guid":{"rendered":"https:\/\/yourdailyjewellery.eu\/shop-2\/halskette-mit-buchstabe-n\/"},"modified":"2025-12-25T19:35:29","modified_gmt":"2025-12-25T18:35:29","slug":"halskette-mit-buchstabe-n","status":"publish","type":"product","link":"https:\/\/yourdailyjewellery.eu\/de\/shop-2\/halskette-mit-buchstabe-n\/","title":{"rendered":"Halskette mit Buchstabe N"},"content":{"rendered":"<h4>Halskette Letter N \u2013 Ein Buchstabe, der f\u00fcr Sie spricht<\/h4>\n<p>Ob es der Anfangsbuchstabe Ihres Namens, des Namens Ihrer Liebe ist oder ein Wort symbolisiert, das Sie inspiriert (z.B. \u201eNew\u201c, \u201eNow\u201c oder \u201eNice\u201c), die Halskette <b>Letter N<\/b> ist die perfekte Art, dies auszudr\u00fccken. Dieses Schmuckst\u00fcck verbindet den verspielten Trend der \u201eBubble Letters\u201c mit luxuri\u00f6ser Eleganz, die jede moderne Frau zu sch\u00e4tzen wei\u00df. <\/p>\n<p><b>Warum diese personalisierte Halskette ein \u201eMust-have\u201c ist:<\/b><\/p>\n<ul>\n<li>\n<p><b>Strahlendes 3D-Design:<\/b> Der Anh\u00e4nger in Form des Buchstabens <strong>\u201eN\u201c<\/strong> hat eine beliebte, abgerundete \u201eBallon\u201c-Form. Seine gesamte Vorderseite ist dicht mit funkelnden <strong>klaren Zirkonia<\/strong> (Pav\u00e9-Fassung) besetzt, die ihm das Aussehen eines echten Diamantschmuckst\u00fccks verleihen. <\/p>\n<\/li>\n<li>\n<p><b>Kette mit Detail:<\/b> Der Anh\u00e4nger h\u00e4ngt an einer feinen Kette, die mit regelm\u00e4\u00dfig angeordneten <strong>goldenen K\u00fcgelchen<\/strong> (sog. Satellite Chain) verziert ist. Dieses Detail macht die Kette interessanter und l\u00e4sst sie am Hals viel opulenter wirken als klassische glatte Typen. <\/p>\n<\/li>\n<li>\n<p><b>Pers\u00f6nliche Bedeutung:<\/b> Eine Initiale ist ein zeitloses Motiv. Es ist ein perfektes Geschenk f\u00fcr Nina, Nat\u00e1lia, Nora oder als Erinnerung an einen geliebten Menschen. Ein Schmuckst\u00fcck mit Bedeutung wird mit umso gr\u00f6\u00dferer Freude getragen.  <\/p>\n<\/li>\n<li>\n<p><b>Qualit\u00e4t und Haltbarkeit:<\/b> Hergestellt aus hochwertigem <b>Chirurgenstahl 316L<\/b> mit 18k Vergoldung. Er ist 100% wasserdicht. Sie k\u00f6nnen damit Sport treiben, duschen und schwimmen \u2013 seine goldene Farbe und der Glanz der Steine bleiben unver\u00e4ndert.  <\/p>\n<\/li>\n<\/ul>\n<p><b>Wie tr\u00e4gt man es?<\/b><\/p>\n<ol>\n<li>\n<p><b>Alltagsbegleiter:<\/b> Dank seiner Gr\u00f6\u00dfe ist er ideal f\u00fcr den t\u00e4glichen Gebrauch. Er wertet ein schlichtes T-Shirt sowie ein Business-Outfit auf. <\/p>\n<\/li>\n<li>\n<p><b>Kombinieren Sie ihn:<\/b> Kombinieren Sie ihn mit einer l\u00e4ngeren, schlichten Kette oder einer Perlenkette f\u00fcr einen trendigen Lagenlook (Neck Mess).<\/p>\n<\/li>\n<\/ol>\n","protected":false},"excerpt":{"rendered":"<p>Schm\u00fccken Sie sich mit einer Initiale und der Halskette <b>Letter N<\/b>. Dieses stilvolle Goldschmuckst\u00fcck besteht aus einer Kette, die mit feinen K\u00fcgelchen (Satellite Chain) verziert ist, und einem markanten Anh\u00e4nger in Form des Buchstabens <strong>\u201eN\u201c<\/strong>. Der Buchstabe hat ein modernes 3D-\u201eBallon\u201c-Design und ist dicht mit <strong>klaren Zirkonia<\/strong> besetzt. Hergestellt aus hochwertigem <b>Chirurgenstahl<\/b>, ist er 100% wasserdicht, hypoallergen und farbbest\u00e4ndig.   <\/p>\n","protected":false},"featured_media":4633,"comment_status":"closed","ping_status":"closed","template":"","meta":{"_monsterinsights_skip_tracking":false,"_monsterinsights_sitenote_active":false,"_monsterinsights_sitenote_note":"","_monsterinsights_sitenote_category":0,"_joinchat":[]},"product_brand":[],"product_cat":[196],"product_tag":[],"class_list":{"0":"post-4631","1":"product","2":"type-product","3":"status-publish","4":"has-post-thumbnail","6":"product_cat-halsketten","8":"first","9":"instock","10":"taxable","11":"shipping-taxable","12":"purchasable","13":"product-type-simple"},"_links":{"self":[{"href":"https:\/\/yourdailyjewellery.eu\/de\/wp-json\/wp\/v2\/product\/4631","targetHints":{"allow":["GET"]}}],"collection":[{"href":"https:\/\/yourdailyjewellery.eu\/de\/wp-json\/wp\/v2\/product"}],"about":[{"href":"https:\/\/yourdailyjewellery.eu\/de\/wp-json\/wp\/v2\/types\/product"}],"replies":[{"embeddable":true,"href":"https:\/\/yourdailyjewellery.eu\/de\/wp-json\/wp\/v2\/comments?post=4631"}],"wp:featuredmedia":[{"embeddable":true,"href":"https:\/\/yourdailyjewellery.eu\/de\/wp-json\/wp\/v2\/media\/4633"}],"wp:attachment":[{"href":"https:\/\/yourdailyjewellery.eu\/de\/wp-json\/wp\/v2\/media?parent=4631"}],"wp:term":[{"taxonomy":"product_brand","embeddable":true,"href":"https:\/\/yourdailyjewellery.eu\/de\/wp-json\/wp\/v2\/product_brand?post=4631"},{"taxonomy":"product_cat","embeddable":true,"href":"https:\/\/yourdailyjewellery.eu\/de\/wp-json\/wp\/v2\/product_cat?post=4631"},{"taxonomy":"product_tag","embeddable":true,"href":"https:\/\/yourdailyjewellery.eu\/de\/wp-json\/wp\/v2\/product_tag?post=4631"}],"curies":[{"name":"wp","href":"https:\/\/api.w.org\/{rel}","templated":true}]}}