{"id":4626,"date":"2025-12-25T19:35:26","date_gmt":"2025-12-25T18:35:26","guid":{"rendered":"https:\/\/yourdailyjewellery.eu\/shop-2\/armband-drink-set\/"},"modified":"2025-12-25T19:35:26","modified_gmt":"2025-12-25T18:35:26","slug":"armband-drink-set","status":"publish","type":"product","link":"https:\/\/yourdailyjewellery.eu\/de\/shop-2\/armband-drink-set\/","title":{"rendered":"Armband Drink Set"},"content":{"rendered":"<h4>Armband Drink Set \u2013 Ein Toast auf unsere Liebe<\/h4>\n<p>Suchen Sie ein perfektes kleines Geschenk, um auszudr\u00fccken, was Ihnen der andere bedeutet? Das <b>Armband Drink Set<\/b> ist ein Set aus <strong>zwei Partnerarmb\u00e4ndern<\/strong>, das gemeinsame Momente, das Feiern des Lebens und die Verbundenheit symbolisiert, die Sie verbindet. Es ist nicht nur ein Schmuckst\u00fcck, es ist ein Versprechen, das Sie am Handgelenk tragen. <\/p>\n<p><b>Warum dieses Set das ideale Geschenk ist:<\/b><\/p>\n<ul>\n<li>\n<p><b>F\u00fcr Sie und Ihn (Couple Set):<\/b> Die Packung enth\u00e4lt zwei Armb\u00e4nder.\n    <\/p>\n<ul>\n<li>Das erste ist an einer <strong>schwarzen Schnur<\/strong> mit einem mattschwarzen Glasanh\u00e4nger \u2013 ideal f\u00fcr das m\u00e4nnliche Handgelenk.<\/li>\n<li>Das zweite ist an einer zarten <strong>hellrosa Schnur<\/strong> mit einem goldenen Glasanh\u00e4nger \u2013 zart und feminin.<\/li>\n<\/ul>\n<\/li>\n<li>\n<p><b>Symbolik des Feierns:<\/b> Das Motiv des <strong>Weinglases<\/strong> (oder Cocktails) erinnert an gemeinsame Dates, Jubil\u00e4umsfeiern und das Ansto\u00dfen auf eine gemeinsame Zukunft. Es ist ein Symbol der Freude und des Genie\u00dfens des Lebens zu zweit. <\/p>\n<\/li>\n<li>\n<p><b>Ber\u00fchrende Botschaft:<\/b> Die Armb\u00e4nder sind auf einer Geschenkkarte mit einem romantischen Text auf Englisch platziert: <em>\u201eIf I had to choose between loving you, and breathing, I would use my last breath to say I love you.\u201c<\/em> (Wenn ich mich zwischen der Liebe zu Ihnen und dem Atmen entscheiden m\u00fcsste, w\u00fcrde ich meinen letzten Atemzug nutzen, um Ihnen zu sagen: Ich liebe Sie).<\/p>\n<\/li>\n<li>\n<p><b>Anpassbare Gr\u00f6\u00dfe:<\/b> Dank des <strong>verstellbaren Knotenverschlusses<\/strong> sind die Armb\u00e4nder universell. Sie passen sich leicht jedem Handgelenkumfang an, ob m\u00e4nnlich oder weiblich. <\/p>\n<\/li>\n<\/ul>\n<p><b>Wie tr\u00e4gt man sie?<\/b><\/p>\n<ol>\n<li>\n<p><b>Immer zusammen:<\/b> Tragen Sie sie t\u00e4glich als Erinnerung an Ihre bessere H\u00e4lfte, auch wenn Sie gerade nicht zusammen sind. Das minimalistische Design st\u00f6rt weder bei der Arbeit noch beim Sport. <\/p>\n<\/li>\n<li>\n<p><b>Symbol der Freundschaft:<\/b> Obwohl der Text romantisch ist, eignet sich das \u201eDrink\u201c-Motiv auch hervorragend f\u00fcr beste Freundinnen (BFF), die gerne zusammen Wein trinken gehen.<\/p>\n<\/li>\n<\/ol>\n","protected":false},"excerpt":{"rendered":"<p>Schenken Sie ein Symbol der Verbundenheit mit den <b>Drink Set<\/b> Armb\u00e4ndern. Dieses Set enth\u00e4lt <strong>zwei Schnurarmb\u00e4nder<\/strong> mit einem <strong>Weinglasmotiv<\/strong> \u2013 eines an einer schwarzen Schnur (schwarzer Anh\u00e4nger), das andere an einer rosa Schnur (goldener Anh\u00e4nger). Geliefert auf einer Karte mit einer romantischen Liebeserkl\u00e4rung. Dank des verschiebbaren Knotens haben sie eine <strong>universelle Gr\u00f6\u00dfe<\/strong>. Ein ideales Geschenk f\u00fcr Paare zum Valentinstag oder Jahrestag.    <\/p>\n","protected":false},"featured_media":4630,"comment_status":"closed","ping_status":"closed","template":"","meta":{"_monsterinsights_skip_tracking":false,"_monsterinsights_sitenote_active":false,"_monsterinsights_sitenote_note":"","_monsterinsights_sitenote_category":0,"_joinchat":[]},"product_brand":[],"product_cat":[183],"product_tag":[],"class_list":{"0":"post-4626","1":"product","2":"type-product","3":"status-publish","4":"has-post-thumbnail","6":"product_cat-armbander","8":"first","9":"instock","10":"taxable","11":"shipping-taxable","12":"purchasable","13":"product-type-simple"},"_links":{"self":[{"href":"https:\/\/yourdailyjewellery.eu\/de\/wp-json\/wp\/v2\/product\/4626","targetHints":{"allow":["GET"]}}],"collection":[{"href":"https:\/\/yourdailyjewellery.eu\/de\/wp-json\/wp\/v2\/product"}],"about":[{"href":"https:\/\/yourdailyjewellery.eu\/de\/wp-json\/wp\/v2\/types\/product"}],"replies":[{"embeddable":true,"href":"https:\/\/yourdailyjewellery.eu\/de\/wp-json\/wp\/v2\/comments?post=4626"}],"wp:featuredmedia":[{"embeddable":true,"href":"https:\/\/yourdailyjewellery.eu\/de\/wp-json\/wp\/v2\/media\/4630"}],"wp:attachment":[{"href":"https:\/\/yourdailyjewellery.eu\/de\/wp-json\/wp\/v2\/media?parent=4626"}],"wp:term":[{"taxonomy":"product_brand","embeddable":true,"href":"https:\/\/yourdailyjewellery.eu\/de\/wp-json\/wp\/v2\/product_brand?post=4626"},{"taxonomy":"product_cat","embeddable":true,"href":"https:\/\/yourdailyjewellery.eu\/de\/wp-json\/wp\/v2\/product_cat?post=4626"},{"taxonomy":"product_tag","embeddable":true,"href":"https:\/\/yourdailyjewellery.eu\/de\/wp-json\/wp\/v2\/product_tag?post=4626"}],"curies":[{"name":"wp","href":"https:\/\/api.w.org\/{rel}","templated":true}]}}