{"id":4620,"date":"2025-12-25T19:35:28","date_gmt":"2025-12-25T18:35:28","guid":{"rendered":"https:\/\/yourdailyjewellery.eu\/shop-2\/kette-mit-buchstabe-w\/"},"modified":"2025-12-25T19:35:28","modified_gmt":"2025-12-25T18:35:28","slug":"kette-mit-buchstabe-w","status":"publish","type":"product","link":"https:\/\/yourdailyjewellery.eu\/de\/shop-2\/kette-mit-buchstabe-w\/","title":{"rendered":"Kette mit Buchstabe W"},"content":{"rendered":"<h4>Halskette Letter W \u2013 Ein Initial mit Charakter<\/h4>\n<p>Betonen Sie Ihre Identit\u00e4t mit der Halskette <b>Letter W<\/b>. Ob es der erste Buchstabe Ihres Vor- oder Nachnamens ist oder ein Wort symbolisiert, das Sie beschreibt (z.B. \u201eWoman\u201c, \u201eWild\u201c oder \u201eWonder\u201c), dieses Schmuckst\u00fcck spricht f\u00fcr Sie. Es verbindet den aktuellen Trend der \u201eBubble Letters\u201c mit zeitlosem Glanz.  <\/p>\n<p><b>Warum dieses personalisierte Schmuckst\u00fcck so beliebt ist:<\/b><\/p>\n<ul>\n<li>\n<p><b>Funkelndes \u201eBubble\u201c-Design:<\/b> Der Anh\u00e4nger in Form des Buchstabens <strong>\u201eW\u201c<\/strong> hat eine moderne, abgerundete 3D-Form. Seine Oberfl\u00e4che ist dicht mit <strong>klaren Zirkonia-Steinen<\/strong> (Pave-Fassung) besetzt, wodurch er bei jeder Bewegung wundersch\u00f6n funkelt und Blicke auf sich zieht. <\/p>\n<\/li>\n<li>\n<p><b>Kugelkette:<\/b> Im Gegensatz zu gew\u00f6hnlichen Ketten h\u00e4ngt dieser Anh\u00e4nger an einer feinen Kette, die mit kleinen <strong>goldenen K\u00fcgelchen<\/strong> (Satellite-Kette) verziert ist. Dieses Detail verleiht dem Schmuckst\u00fcck Textur, Weiblichkeit und macht es optisch reicher. <\/p>\n<\/li>\n<li>\n<p><b>Pers\u00f6nlicher Talisman:<\/b> Initialschmuck ist mehr als nur ein Accessoire. Er ist Ausdruck Ihrer Pers\u00f6nlichkeit oder eine Erinnerung an einen geliebten Menschen. Es ist ein ideales Geschenk f\u00fcr Wanda, Viktoria (wenn Sie W als doppeltes V betrachten) oder f\u00fcr jede \u201eWonder Woman\u201c in Ihrem Leben.  <\/p>\n<\/li>\n<li>\n<p><b>Qualit\u00e4t f\u00fcr jeden Tag:<\/b> Hergestellt aus hochwertigem <b>Chirurgenstahl 316L<\/b> mit 18k Vergoldung. Er ist 100 % wasserdicht, hypoallergen und farbecht, sodass Sie ihn nonstop tragen k\u00f6nnen. <\/p>\n<\/li>\n<\/ul>\n<p><b>Wie tr\u00e4gt man es?<\/b><\/p>\n<ol>\n<li>\n<p><b>Allt\u00e4gliches Statement:<\/b> Es ist ein gro\u00dfartiges St\u00fcck f\u00fcr den Alltag (Signature Piece). Es passt zum T-Shirt, Pullover und zum Blusenausschnitt. <\/p>\n<\/li>\n<li>\n<p><b>Kombinieren Sie mit Namen:<\/b> Kombinieren Sie ihn mit einem anderen Buchstaben (z.B. der Initiale des Partners oder Kindes) und kreieren Sie eine Familiengeschichte um Ihren Hals.<\/p>\n<\/li>\n<\/ol>\n","protected":false},"excerpt":{"rendered":"<p>Zeigen Sie, wer Sie sind, mit der Halskette <b>Letter W<\/b>. Dieses stilvolle goldene Schmuckst\u00fcck besteht aus einer mit K\u00fcgelchen verzierten Kette (Satellite-Kette) und einem markanten Anh\u00e4nger in Form des Buchstabens <strong>\u201eW\u201c<\/strong>. Der Buchstabe hat ein modernes 3D-\u201eBubble\u201c-Design und ist dicht mit <strong>klaren Zirkonia-Steinen<\/strong> besetzt. Hergestellt aus hochwertigem <b>Chirurgenstahl<\/b>, ist er 100 % wasserdicht, hypoallergen und farbecht.   <\/p>\n","protected":false},"featured_media":4622,"comment_status":"closed","ping_status":"closed","template":"","meta":{"_monsterinsights_skip_tracking":false,"_monsterinsights_sitenote_active":false,"_monsterinsights_sitenote_note":"","_monsterinsights_sitenote_category":0,"_joinchat":[]},"product_brand":[],"product_cat":[196],"product_tag":[],"class_list":{"0":"post-4620","1":"product","2":"type-product","3":"status-publish","4":"has-post-thumbnail","6":"product_cat-halsketten","8":"first","9":"instock","10":"taxable","11":"shipping-taxable","12":"purchasable","13":"product-type-simple"},"_links":{"self":[{"href":"https:\/\/yourdailyjewellery.eu\/de\/wp-json\/wp\/v2\/product\/4620","targetHints":{"allow":["GET"]}}],"collection":[{"href":"https:\/\/yourdailyjewellery.eu\/de\/wp-json\/wp\/v2\/product"}],"about":[{"href":"https:\/\/yourdailyjewellery.eu\/de\/wp-json\/wp\/v2\/types\/product"}],"replies":[{"embeddable":true,"href":"https:\/\/yourdailyjewellery.eu\/de\/wp-json\/wp\/v2\/comments?post=4620"}],"wp:featuredmedia":[{"embeddable":true,"href":"https:\/\/yourdailyjewellery.eu\/de\/wp-json\/wp\/v2\/media\/4622"}],"wp:attachment":[{"href":"https:\/\/yourdailyjewellery.eu\/de\/wp-json\/wp\/v2\/media?parent=4620"}],"wp:term":[{"taxonomy":"product_brand","embeddable":true,"href":"https:\/\/yourdailyjewellery.eu\/de\/wp-json\/wp\/v2\/product_brand?post=4620"},{"taxonomy":"product_cat","embeddable":true,"href":"https:\/\/yourdailyjewellery.eu\/de\/wp-json\/wp\/v2\/product_cat?post=4620"},{"taxonomy":"product_tag","embeddable":true,"href":"https:\/\/yourdailyjewellery.eu\/de\/wp-json\/wp\/v2\/product_tag?post=4620"}],"curies":[{"name":"wp","href":"https:\/\/api.w.org\/{rel}","templated":true}]}}