{"id":4583,"date":"2025-12-25T19:35:30","date_gmt":"2025-12-25T18:35:30","guid":{"rendered":"https:\/\/yourdailyjewellery.eu\/shop-2\/kette-klasik-pink\/"},"modified":"2025-12-25T19:35:30","modified_gmt":"2025-12-25T18:35:30","slug":"kette-klasik-pink","status":"publish","type":"product","link":"https:\/\/yourdailyjewellery.eu\/de\/shop-2\/kette-klasik-pink\/","title":{"rendered":"Kette Klasik Pink"},"content":{"rendered":"<h4>Kette Klasik Pink \u2013 Romantischer Ros\u00e9gold-Glanz<\/h4>\n<p>Entdecken Sie den Charme des Minimalismus mit der Kette <b>Klasik Pink<\/b>. Dieses Schmuckst\u00fcck beweist, dass selbst ein zartes Accessoire einen gro\u00dfen Eindruck hinterlassen kann. Sie ist im beliebten Farbton <strong>Ros\u00e9gold (Rose Gold)<\/strong> gefertigt, der auf der Haut w\u00e4rmer, zarter und moderner wirkt als klassisches Gelbgold.  <\/p>\n<p><b>Warum Sie diese Kette lieben werden:<\/b><\/p>\n<ul>\n<li>\n<p><b>Effektvoller Gliederschliff:<\/b> Obwohl die Kette zart ist, ist sie nicht zu \u00fcbersehen. Die Glieder haben eine spezielle <strong>flache Form<\/strong> (ein Typ, der an das \u201eLip\u201c-Muster oder eine feine gewalzte Kette erinnert). Diese kleinen Fl\u00e4chen wirken wie winzige Spiegel \u2013 bei jeder Ihrer Bewegungen fangen sie das Licht ein und gl\u00e4nzen wundersch\u00f6n.  <\/p>\n<\/li>\n<li>\n<p><b>Die perfekte Basis (Base Layer):<\/b> Sie ist ein absolutes Must-have f\u00fcr jede Schmuckschatulle. Sie k\u00f6nnen sie auf drei Arten tragen:\n    <\/p>\n<ul>\n<li><b>Einzeln:<\/b> F\u00fcr einen reinen, \u201eNaked\u201c-Look, der das Dekollet\u00e9 nur zart betont.<\/li>\n<li><b>Mit Anh\u00e4nger:<\/b> Sie ist robust genug, um einen kleineren Anh\u00e4nger in Ros\u00e9gold zu tragen.<\/li>\n<li><b>Layering:<\/b> Kombinieren Sie sie mit dickeren Ketten oder einer Perlenkette f\u00fcr einen opulenteren Look.<\/li>\n<\/ul>\n<\/li>\n<li>\n<p><b>Qualit\u00e4t f\u00fcr jeden Tag:<\/b> Hergestellt aus hochwertigem <b>Chirurgenstahl 316L<\/b> mit einer Ros\u00e9gold PVD-Beschichtung. Sie ist 100 % wasserdicht. Sie m\u00fcssen keine Angst haben, dass sie anl\u00e4uft oder ihre sch\u00f6ne rosafarbene Farbe verliert, selbst bei Kontakt mit Wasser.  <\/p>\n<\/li>\n<\/ul>\n<p><b>F\u00fcr wen ist sie gedacht?<\/b><\/p>\n<p>Ideal f\u00fcr Frauen, die dezenten Schmuck bevorzugen, oder f\u00fcr diejenigen, die eine universelle Kette f\u00fcr den Alltag suchen, die sich nicht mit anderen Accessoires \u201ebei\u00dft\u201c.<\/p>\n","protected":false},"excerpt":{"rendered":"<p>G\u00f6nnen Sie sich einen zarten Hauch von Luxus mit der Kette <b>Klasik Pink<\/b>. Diese elegante Kette im Farbton <strong>Ros\u00e9gold (Rose Gold)<\/strong> zeichnet sich durch <strong>flache Glieder<\/strong> aus, die das Licht wundersch\u00f6n reflektieren und einen schimmernden Effekt erzeugen. Sie ist ideal zum Einzeltragen und f\u00fcr Layering. Hergestellt aus hochwertigem <b>Chirurgenstahl<\/b>, ist sie 100 % wasserdicht, hypoallergen und farbbest\u00e4ndig.   <\/p>\n","protected":false},"featured_media":4584,"comment_status":"closed","ping_status":"closed","template":"","meta":{"_monsterinsights_skip_tracking":false,"_monsterinsights_sitenote_active":false,"_monsterinsights_sitenote_note":"","_monsterinsights_sitenote_category":0,"_joinchat":[]},"product_brand":[],"product_cat":[196],"product_tag":[],"class_list":{"0":"post-4583","1":"product","2":"type-product","3":"status-publish","4":"has-post-thumbnail","6":"product_cat-halsketten","8":"first","9":"instock","10":"taxable","11":"shipping-taxable","12":"purchasable","13":"product-type-simple"},"_links":{"self":[{"href":"https:\/\/yourdailyjewellery.eu\/de\/wp-json\/wp\/v2\/product\/4583","targetHints":{"allow":["GET"]}}],"collection":[{"href":"https:\/\/yourdailyjewellery.eu\/de\/wp-json\/wp\/v2\/product"}],"about":[{"href":"https:\/\/yourdailyjewellery.eu\/de\/wp-json\/wp\/v2\/types\/product"}],"replies":[{"embeddable":true,"href":"https:\/\/yourdailyjewellery.eu\/de\/wp-json\/wp\/v2\/comments?post=4583"}],"wp:featuredmedia":[{"embeddable":true,"href":"https:\/\/yourdailyjewellery.eu\/de\/wp-json\/wp\/v2\/media\/4584"}],"wp:attachment":[{"href":"https:\/\/yourdailyjewellery.eu\/de\/wp-json\/wp\/v2\/media?parent=4583"}],"wp:term":[{"taxonomy":"product_brand","embeddable":true,"href":"https:\/\/yourdailyjewellery.eu\/de\/wp-json\/wp\/v2\/product_brand?post=4583"},{"taxonomy":"product_cat","embeddable":true,"href":"https:\/\/yourdailyjewellery.eu\/de\/wp-json\/wp\/v2\/product_cat?post=4583"},{"taxonomy":"product_tag","embeddable":true,"href":"https:\/\/yourdailyjewellery.eu\/de\/wp-json\/wp\/v2\/product_tag?post=4583"}],"curies":[{"name":"wp","href":"https:\/\/api.w.org\/{rel}","templated":true}]}}