{"id":4573,"date":"2025-12-25T19:35:33","date_gmt":"2025-12-25T18:35:33","guid":{"rendered":"https:\/\/yourdailyjewellery.eu\/shop-2\/unisex-kette-waage\/"},"modified":"2025-12-25T19:35:33","modified_gmt":"2025-12-25T18:35:33","slug":"unisex-kette-waage","status":"publish","type":"product","link":"https:\/\/yourdailyjewellery.eu\/de\/shop-2\/unisex-kette-waage\/","title":{"rendered":"Unisex-Kette Waage"},"content":{"rendered":"<h4>Waage-Kette (Libra) \u2013 Symbol f\u00fcr Gleichgewicht und Harmonie<\/h4>\n<p>Finden Sie Ihre innere Ruhe und dr\u00fccken Sie Ihren raffinierten Geschmack mit der Halskette <b>Waage<\/b> aus. Dieses elegante <strong>Unisex-Schmuckst\u00fcck<\/strong> ist dem Zeichen gewidmet, das vom Planeten Venus regiert wird. Die Waage symbolisiert Diplomatie, Gerechtigkeitssinn und \u00c4sthetik, was dieses Medaillon in seinem symmetrischen und klaren Design perfekt widerspiegelt.  <\/p>\n<p><b>Warum Sie diese Tierkreis-Halskette w\u00e4hlen sollten:<\/b><\/p>\n<ul>\n<li>\n<p><b>K\u00fcnstlerisches Medaillon-Design:<\/b> Der Anh\u00e4nger hat die Form einer massiven Goldm\u00fcnze. Das zentrale <strong>Waage-Symbol<\/strong> ist hochglanzpoliert und hebt sich plastisch von einem fein texturierten, sandgestrahlten Hintergrund ab, wodurch ein luxuri\u00f6ser 3D-Effekt entsteht. <\/p>\n<\/li>\n<li>\n<p><b>Strahlende Details:<\/b> Der Rand des Medaillons ist mit einer pr\u00e4zisen <strong>strahlenf\u00f6rmigen Riffelung<\/strong> verziert. Dieses Detail f\u00e4ngt bei jeder Bewegung das Licht ein und reflektiert es, wodurch es den Stempel der Einzigartigkeit und Eleganz unterstreicht. <\/p>\n<\/li>\n<li>\n<p><b>Robuste Box-Kette (Venezia):<\/b> F\u00fcr maximale Sicherheit und Tragekomfort ist das Medaillon an einer robusten <strong>Box-Kette<\/strong> aufgeh\u00e4ngt. Ihre glatten, eckigen Glieder passen pr\u00e4zise ineinander, wodurch sich die Kette nicht verdreht und sehr angenehm auf der Haut liegt. <\/p>\n<\/li>\n<li>\n<p><b>Unisex-Design f\u00fcr jedermann:<\/b> Dank des ausgewogenen Designs und des Fehlens von Steinen ist diese Halskette <strong>sowohl f\u00fcr Damen als auch f\u00fcr Herren geeignet<\/strong>. Sie ist ein vielseitiges Accessoire, das sowohl Alltagsoutfits als auch festliche Kleidung geschmackvoll erg\u00e4nzt. <\/p>\n<\/li>\n<li>\n<p><b>Premium-Materialqualit\u00e4t:<\/b> Hergestellt aus <b>Chirurgenstahl 316L<\/b> mit einer hochbest\u00e4ndigen Vergoldung. Das Schmuckst\u00fcck ist 100% wasserdicht, hypoallergen und farbecht, sodass es Sie bei jeder Aktivit\u00e4t begleiten kann, ohne dass Sie sich Sorgen um sein Aussehen machen m\u00fcssen. <\/p>\n<\/li>\n<\/ul>\n<p><b>Geschenk-Tipp:<\/b><\/p>\n<p>Suchen Sie ein Geschenk f\u00fcr eine Person, die im Sternzeichen Waage (23.9. \u2013 22.10.) geboren ist? Diese Halskette ist ein pers\u00f6nlicher und dauerhafter Ausdruck der Wertsch\u00e4tzung f\u00fcr ihr Streben nach Gleichgewicht und ihre Liebe zur Gerechtigkeit. <\/p>\n","protected":false},"excerpt":{"rendered":"<p>Feiern Sie Ihre Harmonie mit der Halskette <b>Waage (Libra)<\/b>. Diese <strong>goldene Unisex-Halskette<\/strong> ziert ein rundes <strong>Medaillon mit Tierkreis-Symbol<\/strong> im modernen &#8222;Coin&#8220;-Stil. Der Anh\u00e4nger mit strahlenf\u00f6rmigem Rand und texturierter Mitte h\u00e4ngt an einer robusten <strong>Box-Kette (Venezia)<\/strong>. Hergestellt aus hochwertigem <b>Chirurgenstahl<\/b>, ist er 100% wasserdicht, hypoallergen und farbecht, geeignet f\u00fcr den t\u00e4glichen Gebrauch f\u00fcr M\u00e4nner und Frauen.   <\/p>\n","protected":false},"featured_media":4575,"comment_status":"closed","ping_status":"closed","template":"","meta":{"_monsterinsights_skip_tracking":false,"_monsterinsights_sitenote_active":false,"_monsterinsights_sitenote_note":"","_monsterinsights_sitenote_category":0,"_joinchat":[]},"product_brand":[],"product_cat":[196],"product_tag":[],"class_list":{"0":"post-4573","1":"product","2":"type-product","3":"status-publish","4":"has-post-thumbnail","6":"product_cat-halsketten","8":"first","9":"instock","10":"taxable","11":"shipping-taxable","12":"purchasable","13":"product-type-simple"},"_links":{"self":[{"href":"https:\/\/yourdailyjewellery.eu\/de\/wp-json\/wp\/v2\/product\/4573","targetHints":{"allow":["GET"]}}],"collection":[{"href":"https:\/\/yourdailyjewellery.eu\/de\/wp-json\/wp\/v2\/product"}],"about":[{"href":"https:\/\/yourdailyjewellery.eu\/de\/wp-json\/wp\/v2\/types\/product"}],"replies":[{"embeddable":true,"href":"https:\/\/yourdailyjewellery.eu\/de\/wp-json\/wp\/v2\/comments?post=4573"}],"wp:featuredmedia":[{"embeddable":true,"href":"https:\/\/yourdailyjewellery.eu\/de\/wp-json\/wp\/v2\/media\/4575"}],"wp:attachment":[{"href":"https:\/\/yourdailyjewellery.eu\/de\/wp-json\/wp\/v2\/media?parent=4573"}],"wp:term":[{"taxonomy":"product_brand","embeddable":true,"href":"https:\/\/yourdailyjewellery.eu\/de\/wp-json\/wp\/v2\/product_brand?post=4573"},{"taxonomy":"product_cat","embeddable":true,"href":"https:\/\/yourdailyjewellery.eu\/de\/wp-json\/wp\/v2\/product_cat?post=4573"},{"taxonomy":"product_tag","embeddable":true,"href":"https:\/\/yourdailyjewellery.eu\/de\/wp-json\/wp\/v2\/product_tag?post=4573"}],"curies":[{"name":"wp","href":"https:\/\/api.w.org\/{rel}","templated":true}]}}