{"id":4557,"date":"2025-12-25T19:35:35","date_gmt":"2025-12-25T18:35:35","guid":{"rendered":"https:\/\/yourdailyjewellery.eu\/shop-2\/unisex-kette-fische\/"},"modified":"2025-12-25T19:35:35","modified_gmt":"2025-12-25T18:35:35","slug":"unisex-kette-fische","status":"publish","type":"product","link":"https:\/\/yourdailyjewellery.eu\/de\/shop-2\/unisex-kette-fische\/","title":{"rendered":"Unisex-Kette Fische"},"content":{"rendered":"<h4>Halskette Fische (Pisces) \u2013 Symbol der Tr\u00e4ume und unendlichen Intuition<\/h4>\n<p>Verbinden Sie sich mit Ihrer inneren Welt und dr\u00fccken Sie Ihre sanfte Natur mit der Halskette <b>Fische<\/b> aus. Dieses fesselnde <strong>Unisex-Schmuckst\u00fcck<\/strong> ist dem letzten Tierkreiszeichen gewidmet, das vom Planeten Neptun regiert wird. Fische symbolisieren die k\u00fcnstlerische Seele, Mitgef\u00fchl und tiefe Intuition, was dieses Medaillon in seinem harmonischen Design perfekt widerspiegelt.  <\/p>\n<p><b>Warum Sie diese Tierkreis-Halskette als Ihren Talisman w\u00e4hlen sollten:<\/b><\/p>\n<ul>\n<li>\n<p><b>K\u00fcnstlerische Verarbeitung des Medaillons:<\/b> Der Anh\u00e4nger hat die Form einer massiven Goldm\u00fcnze mit reicher Textur.<\/p>\n<\/li>\n<li>\n<p><b>Symbolik im 3D-Effekt:<\/b> Das zentrale <strong>Symbol der Fische<\/strong> (zwei miteinander verbundene Fische, die in entgegengesetzte Richtungen schwimmen) ist pr\u00e4zise hochglanzpoliert und hebt sich von einem fein sandgestrahlten Hintergrund ab.<\/p>\n<\/li>\n<li>\n<p><b>Strahlenf\u00f6rmige Details:<\/b> Der Rand des Medaillons ist mit einer eleganten <strong>strahlenf\u00f6rmigen Riffelung<\/strong> verziert, die bei jeder Bewegung das Licht einf\u00e4ngt und eine strahlende Korona um das Sternzeichen-Symbol bildet.<\/p>\n<\/li>\n<li>\n<p><b>Robuste Box-Kette (Venezia):<\/b> F\u00fcr maximalen Tragekomfort ist das Medaillon an einer robusten <strong>Box-Kette<\/strong> befestigt. Ihre glatten, eckigen Glieder passen pr\u00e4zise ineinander, wodurch die Kette sehr widerstandsf\u00e4hig und angenehm zu tragen ist. <\/p>\n<\/li>\n<li>\n<p><b>Unisex-Design f\u00fcr jeden:<\/b> Dank seiner klaren Linien und des Verzichts auf Steine ist diese Halskette <strong>sowohl f\u00fcr Damen als auch f\u00fcr Herren geeignet<\/strong>. Sie ist ein universelles Accessoire, das jeden Kleidungsstil geschmackvoll erg\u00e4nzt. <\/p>\n<\/li>\n<li>\n<p><b>Premium-Chirurgenstahl:<\/b> Hergestellt aus <b>Chirurgenstahl 316L<\/b> mit einer hochbest\u00e4ndigen Vergoldung. Das Schmuckst\u00fcck ist 100% wasserdicht, hypoallergen und farbecht, sodass es Sie bei t\u00e4glichen Aktivit\u00e4ten begleiten kann, ohne seinen Glanz zu verlieren. <\/p>\n<\/li>\n<\/ul>\n<p><b>Geschenk-Tipp:<\/b><\/p>\n<p>Suchen Sie ein Geschenk f\u00fcr eine Person, die im Sternzeichen Fische (19.2. \u2013 20.3.) geboren ist? Diese Halskette ist ein pers\u00f6nlicher und dauerhafter Ausdruck der Wertsch\u00e4tzung f\u00fcr ihre reiche Fantasie und liebensw\u00fcrdige Natur. <\/p>\n","protected":false},"excerpt":{"rendered":"<p>Tauchen Sie ein in die Tiefen Ihrer Seele mit der Halskette <b>Fische (Pisces)<\/b>. Diese <strong>goldene Unisex-Halskette<\/strong> ziert ein rundes <strong>Medaillon mit Tierkreiszeichen-Symbol<\/strong> im stilvollen \u201eCoin\u201c-Design. Der Anh\u00e4nger mit strahlenf\u00f6rmigem Rand und texturierter Mitte h\u00e4ngt an einer robusten <strong>Box-Kette (Venezia)<\/strong>. Hergestellt aus hochwertigem <b>Chirurgenstahl<\/b>, ist sie 100% wasserdicht, hypoallergen und farbecht, ideal f\u00fcr den t\u00e4glichen Gebrauch f\u00fcr M\u00e4nner und Frauen.   <\/p>\n","protected":false},"featured_media":4558,"comment_status":"closed","ping_status":"closed","template":"","meta":{"_monsterinsights_skip_tracking":false,"_monsterinsights_sitenote_active":false,"_monsterinsights_sitenote_note":"","_monsterinsights_sitenote_category":0,"_joinchat":[]},"product_brand":[],"product_cat":[196],"product_tag":[],"class_list":{"0":"post-4557","1":"product","2":"type-product","3":"status-publish","4":"has-post-thumbnail","6":"product_cat-halsketten","8":"first","9":"instock","10":"taxable","11":"shipping-taxable","12":"purchasable","13":"product-type-simple"},"_links":{"self":[{"href":"https:\/\/yourdailyjewellery.eu\/de\/wp-json\/wp\/v2\/product\/4557","targetHints":{"allow":["GET"]}}],"collection":[{"href":"https:\/\/yourdailyjewellery.eu\/de\/wp-json\/wp\/v2\/product"}],"about":[{"href":"https:\/\/yourdailyjewellery.eu\/de\/wp-json\/wp\/v2\/types\/product"}],"replies":[{"embeddable":true,"href":"https:\/\/yourdailyjewellery.eu\/de\/wp-json\/wp\/v2\/comments?post=4557"}],"wp:featuredmedia":[{"embeddable":true,"href":"https:\/\/yourdailyjewellery.eu\/de\/wp-json\/wp\/v2\/media\/4558"}],"wp:attachment":[{"href":"https:\/\/yourdailyjewellery.eu\/de\/wp-json\/wp\/v2\/media?parent=4557"}],"wp:term":[{"taxonomy":"product_brand","embeddable":true,"href":"https:\/\/yourdailyjewellery.eu\/de\/wp-json\/wp\/v2\/product_brand?post=4557"},{"taxonomy":"product_cat","embeddable":true,"href":"https:\/\/yourdailyjewellery.eu\/de\/wp-json\/wp\/v2\/product_cat?post=4557"},{"taxonomy":"product_tag","embeddable":true,"href":"https:\/\/yourdailyjewellery.eu\/de\/wp-json\/wp\/v2\/product_tag?post=4557"}],"curies":[{"name":"wp","href":"https:\/\/api.w.org\/{rel}","templated":true}]}}