{"id":4496,"date":"2025-12-25T19:35:40","date_gmt":"2025-12-25T18:35:40","guid":{"rendered":"https:\/\/yourdailyjewellery.eu\/shop-2\/ring-tifani-weissgold\/"},"modified":"2025-12-25T19:35:40","modified_gmt":"2025-12-25T18:35:40","slug":"ring-tifani-weissgold","status":"publish","type":"product","link":"https:\/\/yourdailyjewellery.eu\/de\/shop-2\/ring-tifani-weissgold\/","title":{"rendered":"Ring Tifani Wei\u00dfgold"},"content":{"rendered":"<h4>Ring Tifani Wei\u00dfgold \u2013 Kunst in organischen Linien<\/h4>\n<p>Entdecken Sie die Sch\u00f6nheit in der Einfachheit mit dem Ring <b>Tifani Wei\u00dfgold<\/b>. Dieses Schmuckst\u00fcck ist eine Hommage an modernes Design, das sich von den nat\u00fcrlichen Formen des Wassers und der Bewegung inspirieren l\u00e4sst. Seine einzigartige Silhouette erinnert an zwei sich sanft begegnende Tropfen, die Ihren Finger elegant umschlie\u00dfen und Ihrer Hand einen k\u00fcnstlerischen Touch verleihen.  <\/p>\n<p><b>Warum Sie dieses minimalistische St\u00fcck lieben werden:<\/b><\/p>\n<ul>\n<li>\n<p><b>Organisches \u201eDrop\u201c-Design:<\/b> Der Ring zeichnet sich durch ein asymmetrisches, offenes Design aus, das mit glatten, abgerundeten Elementen in Tropfenform abschlie\u00dft. Diese moderne Form wirkt an der Hand sehr leicht und raffiniert. <\/p>\n<\/li>\n<li>\n<p><b>Spiegelnder Silberglanz:<\/b> Die Oberfl\u00e4che des Rings ist auf einen extrem hohen Glanz im Farbton <strong>Wei\u00dfgold<\/strong> poliert. Dank des Verzichts auf Steine kommt die Reinheit des Metalls und seine F\u00e4higkeit, Licht bei jeder Bewegung zu reflektieren, voll zur Geltung. <\/p>\n<\/li>\n<li>\n<p><b>Verstellbare Gr\u00f6\u00dfe:<\/b> Dank des durchdachten offenen Profils ist der Ring <strong>universell<\/strong>. Sie k\u00f6nnen ihn sanft weiten oder zusammendr\u00fccken, damit er perfekt an jeden Finger passt, was ihn auch zu einem gro\u00dfartigen Geschenk macht, bei dem Sie die genaue Gr\u00f6\u00dfe nicht kennen m\u00fcssen. <\/p>\n<\/li>\n<li>\n<p><b>Premium-Chirurgenstahl 316L:<\/b> Hergestellt aus hochwertigem Material, das nicht oxidiert und seinen Glanz beh\u00e4lt. Das Schmuckst\u00fcck ist 100% wasserdicht, hypoallergen und extrem kratzfest, sodass es Sie jeden Tag begleiten kann. <\/p>\n<\/li>\n<\/ul>\n<p><b>Wie tr\u00e4gt man es?<\/b><\/p>\n<ol>\n<li>\n<p><b>Clean Girl \u00c4sthetik:<\/b> Der Tifani Ring ist f\u00fcr einen minimalistischen Stil geschaffen. Tragen Sie ihn einzeln am Zeige- oder Mittelfinger, wo seine einzigartige Form am besten zur Geltung kommt. <\/p>\n<\/li>\n<li>\n<p><b>Modernes Layering:<\/b> Er passt hervorragend zu anderen glatten Ringen im Silberton. Seine organische Form bildet einen interessanten Kontrast zu traditionellen geraden Ringen. <\/p>\n<\/li>\n<\/ol>\n","protected":false},"excerpt":{"rendered":"<p>Heben Sie Ihren Minimalismus mit dem Ring <b>Tifani Wei\u00dfgold<\/b> hervor. Dieser moderne Silberring besticht durch sein <strong>organisches Tropfen-Design<\/strong> und seinen hohen Spiegelglanz. Dank des offenen Designs hat er eine <strong>verstellbare Gr\u00f6\u00dfe<\/strong> und passt sich jedem Finger an. Hergestellt aus hochwertigem <b>Chirurgenstahl<\/b>, ist er 100% wasserdicht, l\u00e4uft nicht an und ist hypoallergen \u2013 ein perfektes St\u00fcck f\u00fcr Liebhaberinnen von klarem, zeitgen\u00f6ssischem Design.   <\/p>\n","protected":false},"featured_media":4497,"comment_status":"closed","ping_status":"closed","template":"","meta":{"_monsterinsights_skip_tracking":false,"_monsterinsights_sitenote_active":false,"_monsterinsights_sitenote_note":"","_monsterinsights_sitenote_category":0,"_joinchat":[]},"product_brand":[],"product_cat":[195,191],"product_tag":[],"class_list":{"0":"post-4496","1":"product","2":"type-product","3":"status-publish","4":"has-post-thumbnail","6":"product_cat-damen-edelstahlringe","7":"product_cat-ringe","9":"first","10":"instock","11":"taxable","12":"shipping-taxable","13":"purchasable","14":"product-type-simple"},"_links":{"self":[{"href":"https:\/\/yourdailyjewellery.eu\/de\/wp-json\/wp\/v2\/product\/4496","targetHints":{"allow":["GET"]}}],"collection":[{"href":"https:\/\/yourdailyjewellery.eu\/de\/wp-json\/wp\/v2\/product"}],"about":[{"href":"https:\/\/yourdailyjewellery.eu\/de\/wp-json\/wp\/v2\/types\/product"}],"replies":[{"embeddable":true,"href":"https:\/\/yourdailyjewellery.eu\/de\/wp-json\/wp\/v2\/comments?post=4496"}],"wp:featuredmedia":[{"embeddable":true,"href":"https:\/\/yourdailyjewellery.eu\/de\/wp-json\/wp\/v2\/media\/4497"}],"wp:attachment":[{"href":"https:\/\/yourdailyjewellery.eu\/de\/wp-json\/wp\/v2\/media?parent=4496"}],"wp:term":[{"taxonomy":"product_brand","embeddable":true,"href":"https:\/\/yourdailyjewellery.eu\/de\/wp-json\/wp\/v2\/product_brand?post=4496"},{"taxonomy":"product_cat","embeddable":true,"href":"https:\/\/yourdailyjewellery.eu\/de\/wp-json\/wp\/v2\/product_cat?post=4496"},{"taxonomy":"product_tag","embeddable":true,"href":"https:\/\/yourdailyjewellery.eu\/de\/wp-json\/wp\/v2\/product_tag?post=4496"}],"curies":[{"name":"wp","href":"https:\/\/api.w.org\/{rel}","templated":true}]}}