{"id":4492,"date":"2025-12-25T19:35:40","date_gmt":"2025-12-25T18:35:40","guid":{"rendered":"https:\/\/yourdailyjewellery.eu\/shop-2\/ring-infiniti-love-white\/"},"modified":"2025-12-25T19:35:40","modified_gmt":"2025-12-25T18:35:40","slug":"ring-infiniti-love-white","status":"publish","type":"product","link":"https:\/\/yourdailyjewellery.eu\/de\/shop-2\/ring-infiniti-love-white\/","title":{"rendered":"Ring Infiniti LOVE white"},"content":{"rendered":"<h4>Ring Infiniti LOVE white \u2013 Eine unendliche Liebesgeschichte<\/h4>\n<p>Besiegeln Sie Ihre Gef\u00fchle mit einem Schmuckst\u00fcck, das keine Worte braucht. Der Ring <b>Infiniti LOVE white<\/b> ist ein z\u00e4rtlicher Ausdruck von Zuneigung, Hingabe und einer unendlichen Bindung. Sein Design, das aus einer Reihe miteinander verbundener Herzen besteht, symbolisiert die Kontinuit\u00e4t und St\u00e4rke einer Beziehung, die weder Anfang noch Ende hat.  <\/p>\n<p><b>Warum Sie diesen romantischen Ring lieben werden:<\/b><\/p>\n<ul>\n<li>\n<p><b>Design &#8222;Eternity Hearts&#8220;:<\/b> Der Ring ist auf seinem gesamten Umfang aus <strong>offenen Herzlinien<\/strong> zusammengesetzt, die nahtlos ineinander \u00fcbergehen. Dieses Motiv erzeugt einen luftigen und zarten Effekt an Ihrem Finger. <\/p>\n<\/li>\n<li>\n<p><b>Reiner Silberglanz:<\/b> Die Oberfl\u00e4che des Rings ist auf Hochglanz poliert im Farbton <strong>Wei\u00dfgold<\/strong>. Er wirkt frisch, modern und erg\u00e4nzt geschmackvoll die &#8222;Clean Girl&#8220;-\u00c4sthetik. <\/p>\n<\/li>\n<li>\n<p><b>Anpassbarer Komfort:<\/b> Dank des offenen Profils auf der R\u00fcckseite ist der Ring <strong>universell<\/strong>. Sie k\u00f6nnen ihn sanft an die Breite Ihres Fingers anpassen, was ihn zu einem perfekten Geschenk macht, bei dem Sie die genaue Gr\u00f6\u00dfe nicht kennen m\u00fcssen. <\/p>\n<\/li>\n<li>\n<p><b>Premium-Chirurgenstahl:<\/b> Hergestellt aus <b>Chirurgenstahl 316L<\/b>. Im Gegensatz zu Silber oxidiert dieses Material nicht, l\u00e4uft nicht an und beh\u00e4lt seinen Glanz auch bei Kontakt mit Wasser. Es ist 100% hypoallergen und sicher f\u00fcr empfindliche Haut.  <\/p>\n<\/li>\n<\/ul>\n<p><b>Wie tr\u00e4gt man es?<\/b><\/p>\n<ol>\n<li>\n<p><b>Symbolisches Geschenk:<\/b> Er ist die ideale Wahl als Freundschaftsring (Promise Ring) oder Liebesgeschenk, das an wichtige Momente erinnert.<\/p>\n<\/li>\n<li>\n<p><b>Alltagsminimalismus:<\/b> Dank seiner Zartheit ist er hervorragend f\u00fcr den Alltag geeignet. Er kommt allein wundersch\u00f6n zur Geltung, aber auch in Kombination mit anderen minimalistischen Ringen. <\/p>\n<\/li>\n<\/ol>\n","protected":false},"excerpt":{"rendered":"<p>Dr\u00fccken Sie Ihre Gef\u00fchle mit dem Ring <b>Infiniti LOVE white<\/b> aus. Dieser zarte Ring im Farbton <strong>Wei\u00dfgold<\/strong> ziert eine Reihe miteinander verbundener <strong>offener Herzen<\/strong>, die unendliche Liebe symbolisieren. Dank seines offenen Designs ist er <strong>gr\u00f6\u00dfenverstellbar<\/strong> und passt sich jedem Finger an. Hergestellt aus hochwertigem <b>Chirurgenstahl<\/b>, ist er 100% wasserfest, l\u00e4uft nicht an und ist hypoallergen.   <\/p>\n","protected":false},"featured_media":4493,"comment_status":"closed","ping_status":"closed","template":"","meta":{"_monsterinsights_skip_tracking":false,"_monsterinsights_sitenote_active":false,"_monsterinsights_sitenote_note":"","_monsterinsights_sitenote_category":0,"_joinchat":[]},"product_brand":[],"product_cat":[195,191],"product_tag":[],"class_list":{"0":"post-4492","1":"product","2":"type-product","3":"status-publish","4":"has-post-thumbnail","6":"product_cat-damen-edelstahlringe","7":"product_cat-ringe","9":"first","10":"instock","11":"taxable","12":"shipping-taxable","13":"purchasable","14":"product-type-simple"},"_links":{"self":[{"href":"https:\/\/yourdailyjewellery.eu\/de\/wp-json\/wp\/v2\/product\/4492","targetHints":{"allow":["GET"]}}],"collection":[{"href":"https:\/\/yourdailyjewellery.eu\/de\/wp-json\/wp\/v2\/product"}],"about":[{"href":"https:\/\/yourdailyjewellery.eu\/de\/wp-json\/wp\/v2\/types\/product"}],"replies":[{"embeddable":true,"href":"https:\/\/yourdailyjewellery.eu\/de\/wp-json\/wp\/v2\/comments?post=4492"}],"wp:featuredmedia":[{"embeddable":true,"href":"https:\/\/yourdailyjewellery.eu\/de\/wp-json\/wp\/v2\/media\/4493"}],"wp:attachment":[{"href":"https:\/\/yourdailyjewellery.eu\/de\/wp-json\/wp\/v2\/media?parent=4492"}],"wp:term":[{"taxonomy":"product_brand","embeddable":true,"href":"https:\/\/yourdailyjewellery.eu\/de\/wp-json\/wp\/v2\/product_brand?post=4492"},{"taxonomy":"product_cat","embeddable":true,"href":"https:\/\/yourdailyjewellery.eu\/de\/wp-json\/wp\/v2\/product_cat?post=4492"},{"taxonomy":"product_tag","embeddable":true,"href":"https:\/\/yourdailyjewellery.eu\/de\/wp-json\/wp\/v2\/product_tag?post=4492"}],"curies":[{"name":"wp","href":"https:\/\/api.w.org\/{rel}","templated":true}]}}