{"id":4486,"date":"2025-12-25T19:35:40","date_gmt":"2025-12-25T18:35:40","guid":{"rendered":"https:\/\/yourdailyjewellery.eu\/shop-2\/good-chain-kette\/"},"modified":"2025-12-25T19:35:40","modified_gmt":"2025-12-25T18:35:40","slug":"good-chain-kette","status":"publish","type":"product","link":"https:\/\/yourdailyjewellery.eu\/de\/shop-2\/good-chain-kette\/","title":{"rendered":"Good Chain Kette"},"content":{"rendered":"<h4>Good Chain Kette \u2013 Zeitlose St\u00e4rke und ikonischer Glanz<\/h4>\n<p>Erg\u00e4nzen Sie Ihre Sammlung um ein St\u00fcck, das nie aus der Mode kommt. Die <b>Good Chain<\/b> Kette im \u201eRope\u201c-Stil (Seil) ist die Verk\u00f6rperung traditioneller Eleganz in einer modernen, \u00e4u\u00dferst widerstandsf\u00e4higen Ausf\u00fchrung. Ihr charakteristisches spiralf\u00f6rmiges Geflecht verleiht dem Schmuckst\u00fcck Volumen und ein luxuri\u00f6ses Aussehen, das sofort ins Auge f\u00e4llt.  <\/p>\n<p><b>Warum diese gedrehte Kette ein unverzichtbares St\u00fcck in jeder Schmuckschatulle ist:<\/b><\/p>\n<ul>\n<li>\n<p><b>Ikonisches Rope-Geflecht:<\/b> Die Kette besteht aus einer Reihe ineinander verschlungener Glieder, die den Effekt eines <strong>gedrehten Seils<\/strong> erzeugen. Dieses Design sorgt daf\u00fcr, dass das Schmuckst\u00fcck am Hals nicht knickt, seine Form beh\u00e4lt und dank mehrerer Fl\u00e4chen das Licht mit au\u00dfergew\u00f6hnlicher Intensit\u00e4t reflektiert. <\/p>\n<\/li>\n<li>\n<p><b>Vielseitigkeit beim Tragen:<\/b> Die Good Chain ist so konzipiert, dass sie Ihr universelles Accessoire ist:\n    <\/p>\n<ul>\n<li><b>Einzeln:<\/b> Sie wirkt als klares und raffiniertes \u201eStatement\u201c-St\u00fcck.<\/li>\n<li><b>Mit Anh\u00e4nger:<\/b> Dank ihrer St\u00e4rke ist sie die ideale Wahl f\u00fcr massivere Medaillons oder auff\u00e4llige Buchstaben.<\/li>\n<li><b>Layering:<\/b> Sie erg\u00e4nzt hervorragend d\u00fcnnere Ketten, um einen opulenten, trendigen Look zu kreieren.<\/li>\n<\/ul>\n<\/li>\n<li>\n<p><b>Hoher Spiegelglanz:<\/b> Die Oberfl\u00e4che der Kette ist mit einer 18-kar\u00e4tigen Vergoldung versehen, die in Kombination mit der Textur des Geflechts einen tiefen und dauerhaften Goldglanz erzeugt.<\/p>\n<\/li>\n<li>\n<p><b>Premium-Chirurgenstahl:<\/b> Hergestellt aus <b>Chirurgenstahl 316L<\/b>. Sie ist 100 % wasserdicht, hypoallergen und l\u00e4uft nicht an. Dieses Schmuckst\u00fcck ist f\u00fcr den t\u00e4glichen Gebrauch ohne Kompromisse bei der Qualit\u00e4t geschaffen.  <\/p>\n<\/li>\n<\/ul>\n<p><b>F\u00fcr wen ist sie gedacht?<\/b><\/p>\n<p>F\u00fcr jede Frau, die eine hochwertige, robuste und optisch ansprechende Kette sucht, die ihr Selbstbewusstsein und ihre Eleganz in jeder Situation unterstreicht.<\/p>\n","protected":false},"excerpt":{"rendered":"<p>Unterstreichen Sie Ihren Stil mit der <b>Good Chain<\/b> Kette. Diese goldene Halskette im beliebten <strong>gedrehten \u201eRope\u201c-Stil<\/strong> zeichnet sich durch ihre St\u00e4rke und ihren au\u00dfergew\u00f6hnlichen Glanz aus. Sie ist ideal zum alleinigen Tragen oder in Kombination mit Ihrem Lieblingsanh\u00e4nger. Hergestellt aus hochwertigem <b>Chirurgenstahl<\/b>, ist sie 100 % wasserdicht, hypoallergen und farbecht \u2013 eine echte Grundlage f\u00fcr einen luxuri\u00f6sen Alltagslook.   <\/p>\n","protected":false},"featured_media":4487,"comment_status":"closed","ping_status":"closed","template":"","meta":{"_monsterinsights_skip_tracking":false,"_monsterinsights_sitenote_active":false,"_monsterinsights_sitenote_note":"","_monsterinsights_sitenote_category":0,"_joinchat":[]},"product_brand":[],"product_cat":[196],"product_tag":[],"class_list":{"0":"post-4486","1":"product","2":"type-product","3":"status-publish","4":"has-post-thumbnail","6":"product_cat-halsketten","8":"first","9":"instock","10":"taxable","11":"shipping-taxable","12":"purchasable","13":"product-type-simple"},"_links":{"self":[{"href":"https:\/\/yourdailyjewellery.eu\/de\/wp-json\/wp\/v2\/product\/4486","targetHints":{"allow":["GET"]}}],"collection":[{"href":"https:\/\/yourdailyjewellery.eu\/de\/wp-json\/wp\/v2\/product"}],"about":[{"href":"https:\/\/yourdailyjewellery.eu\/de\/wp-json\/wp\/v2\/types\/product"}],"replies":[{"embeddable":true,"href":"https:\/\/yourdailyjewellery.eu\/de\/wp-json\/wp\/v2\/comments?post=4486"}],"wp:featuredmedia":[{"embeddable":true,"href":"https:\/\/yourdailyjewellery.eu\/de\/wp-json\/wp\/v2\/media\/4487"}],"wp:attachment":[{"href":"https:\/\/yourdailyjewellery.eu\/de\/wp-json\/wp\/v2\/media?parent=4486"}],"wp:term":[{"taxonomy":"product_brand","embeddable":true,"href":"https:\/\/yourdailyjewellery.eu\/de\/wp-json\/wp\/v2\/product_brand?post=4486"},{"taxonomy":"product_cat","embeddable":true,"href":"https:\/\/yourdailyjewellery.eu\/de\/wp-json\/wp\/v2\/product_cat?post=4486"},{"taxonomy":"product_tag","embeddable":true,"href":"https:\/\/yourdailyjewellery.eu\/de\/wp-json\/wp\/v2\/product_tag?post=4486"}],"curies":[{"name":"wp","href":"https:\/\/api.w.org\/{rel}","templated":true}]}}