{"id":4484,"date":"2025-12-25T19:35:40","date_gmt":"2025-12-25T18:35:40","guid":{"rendered":"https:\/\/yourdailyjewellery.eu\/shop-2\/infiniti-love-gold-ring\/"},"modified":"2025-12-25T19:35:40","modified_gmt":"2025-12-25T18:35:40","slug":"infiniti-love-gold-ring","status":"publish","type":"product","link":"https:\/\/yourdailyjewellery.eu\/de\/shop-2\/infiniti-love-gold-ring\/","title":{"rendered":"Infiniti LOVE gold Ring"},"content":{"rendered":"<h4>Infiniti LOVE gold Ring \u2013 Symbol ewiger Verbundenheit und warmer Liebe<\/h4>\n<p>Suchen Sie ein Schmuckst\u00fcck, das Sie jeden Tag an die sch\u00f6nsten Gef\u00fchle erinnert? Der Ring <b>Infiniti LOVE gold<\/b> ist der perfekte Ausdruck von Hingabe und unendlicher Freundschaft. Sein Design, geformt aus einer durchgehenden Linie miteinander verbundener Herzen in einem strahlenden Goldton, verk\u00f6rpert die Harmonie und St\u00e4rke einer grenzenlosen Beziehung.<\/p>\n<p><b>Warum Sie diesen romantischen Talisman lieben werden:<\/b><\/p>\n<ul>\n<li>\n<p><b>Design &#8222;Eternal Love&#8220;:<\/b> Der gesamte Umfang des Rings besteht aus <strong>zarten Herzumrissen<\/strong>, die nahtlos ineinander \u00fcbergehen. Dieses Motiv erzeugt am Finger einen anmutigen Spitzen-Effekt, der sehr feminin und zart wirkt.<\/p>\n<\/li>\n<li>\n<p><b>Warmer Goldglanz:<\/b> Die Oberfl\u00e4che des Rings ist mit einer hochwertigen Vergoldung versehen, die ihm das luxuri\u00f6se Aussehen von echtem Gold verleiht. Der hohe Glanz des Schmuckst\u00fccks kommt auf jedem Hautton wundersch\u00f6n zur Geltung und verleiht Ihren H\u00e4nden sofortige Eleganz.<\/p>\n<\/li>\n<li>\n<p><b>Flexible und verstellbare Gr\u00f6\u00dfe:<\/b> Dank des offenen Profils auf der R\u00fcckseite ist der Ring <strong>universell verstellbar<\/strong>. Sie k\u00f6nnen ihn sanft an den Umfang Ihres Fingers anpassen, was ihn zu einem idealen Geschenk macht, bei dem Sie die genaue Gr\u00f6\u00dfe nicht im Voraus kennen m\u00fcssen.<\/p>\n<\/li>\n<li>\n<p><b>Premium-Chirurgenstahl 316L:<\/b> Hergestellt aus hochbest\u00e4ndigem <b>Chirurgenstahl<\/b>. Im Gegensatz zu gew\u00f6hnlichem Modeschmuck ist dieses Schmuckst\u00fcck 100% wasserdicht, hypoallergen und farbecht. Seinen strahlenden Glanz beh\u00e4lt es auch bei Kontakt mit Wasser oder Kosmetika.<\/p>\n<\/li>\n<\/ul>\n<p><b>Geschenk-Tipp:<\/b><\/p>\n<p>Dieser Ring ist eine wunderbare Art, Ihrer Partnerin, Tochter oder besten Freundin \u201eIch liebe dich\u201c zu sagen. Es ist ein langlebiges St\u00fcck, das eine tiefe Botschaft in sich tr\u00e4gt und gleichzeitig als stilvolles Accessoire f\u00fcr jeden Tag dient.<\/p>\n","protected":false},"excerpt":{"rendered":"<p>Feiern Sie die Liebe mit dem stilvollen Ring <b>Infiniti LOVE gold<\/b>. Dieser romantische Goldring ziert eine Reihe miteinander verbundener <strong>offener Herzen<\/strong>, die ein Symbol unendlicher Verbundenheit sind. Dank seines offenen Designs hat er eine <strong>verstellbare Gr\u00f6\u00dfe<\/strong> und passt sich perfekt jedem Finger an. Hergestellt aus hochwertigem <b>Chirurgenstahl<\/b>, ist er 100% wasserdicht, hypoallergen und farbecht \u2013 ein ideales Geschenk aus Liebe.<\/p>\n","protected":false},"featured_media":4485,"comment_status":"closed","ping_status":"closed","template":"","meta":{"_monsterinsights_skip_tracking":false,"_monsterinsights_sitenote_active":false,"_monsterinsights_sitenote_note":"","_monsterinsights_sitenote_category":0,"_joinchat":[]},"product_brand":[],"product_cat":[195,191],"product_tag":[],"class_list":{"0":"post-4484","1":"product","2":"type-product","3":"status-publish","4":"has-post-thumbnail","6":"product_cat-damen-edelstahlringe","7":"product_cat-ringe","9":"first","10":"instock","11":"taxable","12":"shipping-taxable","13":"purchasable","14":"product-type-simple"},"_links":{"self":[{"href":"https:\/\/yourdailyjewellery.eu\/de\/wp-json\/wp\/v2\/product\/4484","targetHints":{"allow":["GET"]}}],"collection":[{"href":"https:\/\/yourdailyjewellery.eu\/de\/wp-json\/wp\/v2\/product"}],"about":[{"href":"https:\/\/yourdailyjewellery.eu\/de\/wp-json\/wp\/v2\/types\/product"}],"replies":[{"embeddable":true,"href":"https:\/\/yourdailyjewellery.eu\/de\/wp-json\/wp\/v2\/comments?post=4484"}],"wp:featuredmedia":[{"embeddable":true,"href":"https:\/\/yourdailyjewellery.eu\/de\/wp-json\/wp\/v2\/media\/4485"}],"wp:attachment":[{"href":"https:\/\/yourdailyjewellery.eu\/de\/wp-json\/wp\/v2\/media?parent=4484"}],"wp:term":[{"taxonomy":"product_brand","embeddable":true,"href":"https:\/\/yourdailyjewellery.eu\/de\/wp-json\/wp\/v2\/product_brand?post=4484"},{"taxonomy":"product_cat","embeddable":true,"href":"https:\/\/yourdailyjewellery.eu\/de\/wp-json\/wp\/v2\/product_cat?post=4484"},{"taxonomy":"product_tag","embeddable":true,"href":"https:\/\/yourdailyjewellery.eu\/de\/wp-json\/wp\/v2\/product_tag?post=4484"}],"curies":[{"name":"wp","href":"https:\/\/api.w.org\/{rel}","templated":true}]}}