{"id":4467,"date":"2025-12-17T02:37:50","date_gmt":"2025-12-17T01:37:50","guid":{"rendered":"https:\/\/yourdailyjewellery.eu\/shop-2\/armband-sea-4\/"},"modified":"2025-12-17T02:37:50","modified_gmt":"2025-12-17T01:37:50","slug":"armband-sea-4","status":"publish","type":"product","link":"https:\/\/yourdailyjewellery.eu\/de\/shop-2\/armband-sea-4\/","title":{"rendered":"Armband Sea 4"},"content":{"rendered":"<h4>Armband Sea 4 \u2013 Sanfte Meeresbrise<\/h4>\n<p>Holen Sie sich ein St\u00fcck K\u00fcstenatmosph\u00e4re direkt zu sich mit dem Armband <b>Sea 4<\/b>. Dieses zarte Schmuckst\u00fcck ist von den Sch\u00e4tzen inspiriert, die das Meer ansp\u00fclt. Es ist die perfekte Kombination aus goldenem Glanz und beruhigendem Blau, die in der Sommersonne wundersch\u00f6n zur Geltung kommt.  <\/p>\n<p><b>Warum Sie dieses Strandschmuckst\u00fcck lieben werden:<\/b><\/p>\n<ul>\n<li>\n<p><b>Sch\u00e4tze des Meeres:<\/b> Das Armband zieren abwechselnd angeordnete Anh\u00e4nger. Drei detailreich geformte <strong>goldene Muscheln<\/strong> (Jakobsmuscheln) wechseln sich mit zwei <strong>hellblauen Steinchen<\/strong> ab. Diese Steine haben eine unregelm\u00e4\u00dfige Form und einen zarten Farbton, der an Meerschaum oder den seltenen Larimar-Stein erinnert.  <\/p>\n<\/li>\n<li>\n<p><b>Feine \u201eSatelliten\u201c-Kette:<\/b> Die Anh\u00e4nger h\u00e4ngen an einer feinen Kette, die mit winzigen <strong>goldenen K\u00fcgelchen<\/strong> (sog. \u201eSatellite-Kette\u201c) verziert ist. Dieses Detail verleiht dem Schmuckst\u00fcck Textur und macht es interessanter als eine gew\u00f6hnliche glatte Kette. <\/p>\n<\/li>\n<li>\n<p><b>Vielseitigkeit (2-in-1):<\/b> Dank der praktischen Verl\u00e4ngerungskette (Extender) k\u00f6nnen Sie die L\u00e4nge leicht anpassen. Sie k\u00f6nnen es als zartes Armband am <strong>Handgelenk<\/strong> oder als stilvolle Fu\u00dfkette am <strong>Kn\u00f6chel<\/strong> tragen. <\/p>\n<\/li>\n<li>\n<p><b>Sommerfestigkeit:<\/b> Hergestellt aus hochwertigem <b>Chirurgenstahl 316L<\/b> mit 18k Vergoldung. Es ist 100% wasserdicht. Salzwasser und Sand k\u00f6nnen ihm nichts anhaben, sodass Sie es den ganzen Urlaub \u00fcber bedenkenlos tragen k\u00f6nnen.  <\/p>\n<\/li>\n<\/ul>\n<p><b>Wie tr\u00e4gt man es?<\/b><\/p>\n<ol>\n<li>\n<p><b>Boho Beach:<\/b> Ideal zu leichten wei\u00dfen Kleidern oder geh\u00e4kelten Badeanz\u00fcgen. Es wirkt sehr nat\u00fcrlich und ungezwungen. <\/p>\n<\/li>\n<li>\n<p><b>Layering:<\/b> Dank seiner Zartheit l\u00e4sst es sich hervorragend mit anderen Armb\u00e4ndern kombinieren, zum Beispiel mit dem robusteren Modell Delfin oder Klassik.<\/p>\n<\/li>\n<\/ol>\n","protected":false},"excerpt":{"rendered":"<p>Schm\u00fccken Sie sich mit den Farben des Meeres mit dem Armband <b>Sea 4<\/b>. Dieses zarte goldene Schmuckst\u00fcck an einer Kette mit K\u00fcgelchen zieren drei <strong>goldene Muscheln<\/strong> und zwei <strong>hellblaue Steinchen<\/strong> (Imitation Naturstein). Dank der verstellbaren L\u00e4nge ist es sowohl am Handgelenk als auch am Kn\u00f6chel tragbar. Hergestellt aus hochwertigem <b>Chirurgenstahl<\/b>, ist es 100% wasserdicht, hypoallergen und farbbest\u00e4ndig.   <\/p>\n","protected":false},"featured_media":4468,"comment_status":"closed","ping_status":"closed","template":"","meta":{"_monsterinsights_skip_tracking":false,"_monsterinsights_sitenote_active":false,"_monsterinsights_sitenote_note":"","_monsterinsights_sitenote_category":0,"_joinchat":[]},"product_brand":[],"product_cat":[183,184],"product_tag":[],"class_list":{"0":"post-4467","1":"product","2":"type-product","3":"status-publish","4":"has-post-thumbnail","6":"product_cat-armbander","7":"product_cat-fuskettchen","9":"first","10":"instock","11":"taxable","12":"shipping-taxable","13":"purchasable","14":"product-type-simple"},"_links":{"self":[{"href":"https:\/\/yourdailyjewellery.eu\/de\/wp-json\/wp\/v2\/product\/4467","targetHints":{"allow":["GET"]}}],"collection":[{"href":"https:\/\/yourdailyjewellery.eu\/de\/wp-json\/wp\/v2\/product"}],"about":[{"href":"https:\/\/yourdailyjewellery.eu\/de\/wp-json\/wp\/v2\/types\/product"}],"replies":[{"embeddable":true,"href":"https:\/\/yourdailyjewellery.eu\/de\/wp-json\/wp\/v2\/comments?post=4467"}],"wp:featuredmedia":[{"embeddable":true,"href":"https:\/\/yourdailyjewellery.eu\/de\/wp-json\/wp\/v2\/media\/4468"}],"wp:attachment":[{"href":"https:\/\/yourdailyjewellery.eu\/de\/wp-json\/wp\/v2\/media?parent=4467"}],"wp:term":[{"taxonomy":"product_brand","embeddable":true,"href":"https:\/\/yourdailyjewellery.eu\/de\/wp-json\/wp\/v2\/product_brand?post=4467"},{"taxonomy":"product_cat","embeddable":true,"href":"https:\/\/yourdailyjewellery.eu\/de\/wp-json\/wp\/v2\/product_cat?post=4467"},{"taxonomy":"product_tag","embeddable":true,"href":"https:\/\/yourdailyjewellery.eu\/de\/wp-json\/wp\/v2\/product_tag?post=4467"}],"curies":[{"name":"wp","href":"https:\/\/api.w.org\/{rel}","templated":true}]}}