{"id":4451,"date":"2025-12-17T02:37:51","date_gmt":"2025-12-17T01:37:51","guid":{"rendered":"https:\/\/yourdailyjewellery.eu\/shop-2\/armband-dreams\/"},"modified":"2025-12-17T02:37:51","modified_gmt":"2025-12-17T01:37:51","slug":"armband-dreams","status":"publish","type":"product","link":"https:\/\/yourdailyjewellery.eu\/de\/shop-2\/armband-dreams\/","title":{"rendered":"Armband Dreams"},"content":{"rendered":"<h4>Armband Dreams \u2013 Ein funkelnder Traum auf Ihrer Haut<\/h4>\n<p>Verwandeln Sie den Alltag in ein M\u00e4rchen mit dem Armband <b>Dreams<\/b>. Dieses bezaubernde Schmuckst\u00fcck ist f\u00fcr Frauen konzipiert, die keine Angst haben zu strahlen. Es ist voller Licht, Reflexionen und zarter Romantik, verk\u00f6rpert durch das Schmetterlingsmotiv.  <\/p>\n<p><b>Details, die Sie ins Reich der Tr\u00e4ume entf\u00fchren:<\/b><\/p>\n<ul>\n<li>\n<p><b>Kristallschmetterling:<\/b> Das Herzst\u00fcck des Armbands ist ein wundersch\u00f6ner <strong>Schmetterlingsanh\u00e4nger<\/strong>. Seine Fl\u00fcgel bestehen aus geschliffenen <strong>klaren Kristallen<\/strong> (in Marquise- und Tropfenform), die in einem goldenen Rahmen mit feiner Perlenverzierung (Milgrain-Effekt) gefasst sind. Er wirkt gleichzeitig zart und erhaben.  <\/p>\n<\/li>\n<li>\n<p><b>Lichtregen:<\/b> Den Schmetterling begleiten seitlich vier herabh\u00e4ngende <strong>Kristalltropfen<\/strong>.\n    <\/p>\n<ul>\n<li>Die beiden \u00e4u\u00dferen Tropfen sind in einem goldenen Rahmen mit Zierrand gefasst.<\/li>\n<li>Die beiden inneren Tropfen sind frei h\u00e4ngende, geschliffene Steine, die bei Bewegung das Licht aus jedem Winkel einfangen.<\/li>\n<\/ul>\n<\/li>\n<li>\n<p><b>Universelle Sch\u00f6nheit (Hand &amp; Fu\u00df):<\/b> Dank der stabileren Gliederkette und des Verl\u00e4ngerungsmechanismus ist dieses Schmuckst\u00fcck vielseitig. Es gl\u00e4nzt als luxuri\u00f6ses Armband am <strong>Handgelenk<\/strong>, wird aber im Sommer zu einem un\u00fcbersehbaren Schmuckst\u00fcck am <strong>Fu\u00dfgelenk<\/strong>. <\/p>\n<\/li>\n<li>\n<p><b>Qualit\u00e4t ohne Kompromisse:<\/b> Hergestellt aus hochwertigem <b>Chirurgenstahl 316L<\/b> mit 18k Vergoldung. Es ist 100 % wasserdicht. Die Steine sind fest gefasst, sodass Sie keine Angst haben m\u00fcssen, diesen \u201eTraum\u201c auch im Wasser zu tragen.  <\/p>\n<\/li>\n<\/ul>\n<p><b>Wie tr\u00e4gt man es?<\/b><\/p>\n<ol>\n<li>\n<p><b>Besondere Anl\u00e4sse:<\/b> Dank des hohen Glanzes der Kristalle ist es ideal f\u00fcr Hochzeiten, Feiern oder Dates. Es verleiht selbst einfachen Kleidern einen Hauch von Luxus. <\/p>\n<\/li>\n<li>\n<p><b>Sommerglanz:<\/b> In der Sonne entfalten die Kristalle tausende von Reflexionen. Es ist das perfekte Accessoire f\u00fcr gebr\u00e4unte Haut. <\/p>\n<\/li>\n<\/ol>\n","protected":false},"excerpt":{"rendered":"<p>Erf\u00fcllen Sie sich den Traum vom perfekten Schmuckst\u00fcck mit dem Armband <b>Dreams<\/b>. Dieses reich verzierte goldene Armband tr\u00e4gt als zentrales Motiv einen <strong>Schmetterling<\/strong>, der aus <strong>klaren Kristallen<\/strong> besteht. Erg\u00e4nzt wird es durch vier herabh\u00e4ngende Kristall-<strong>Tropfen<\/strong>. Dank der verstellbaren L\u00e4nge ist es sowohl am Handgelenk als auch am Fu\u00dfgelenk tragbar. Hergestellt aus hochwertigem <b>Chirurgenstahl<\/b>, ist es 100 % wasserdicht und hypoallergen.    <\/p>\n","protected":false},"featured_media":4452,"comment_status":"closed","ping_status":"closed","template":"","meta":{"_monsterinsights_skip_tracking":false,"_monsterinsights_sitenote_active":false,"_monsterinsights_sitenote_note":"","_monsterinsights_sitenote_category":0,"_joinchat":[]},"product_brand":[],"product_cat":[183,184],"product_tag":[],"class_list":{"0":"post-4451","1":"product","2":"type-product","3":"status-publish","4":"has-post-thumbnail","6":"product_cat-armbander","7":"product_cat-fuskettchen","9":"first","10":"instock","11":"taxable","12":"shipping-taxable","13":"purchasable","14":"product-type-simple"},"_links":{"self":[{"href":"https:\/\/yourdailyjewellery.eu\/de\/wp-json\/wp\/v2\/product\/4451","targetHints":{"allow":["GET"]}}],"collection":[{"href":"https:\/\/yourdailyjewellery.eu\/de\/wp-json\/wp\/v2\/product"}],"about":[{"href":"https:\/\/yourdailyjewellery.eu\/de\/wp-json\/wp\/v2\/types\/product"}],"replies":[{"embeddable":true,"href":"https:\/\/yourdailyjewellery.eu\/de\/wp-json\/wp\/v2\/comments?post=4451"}],"wp:featuredmedia":[{"embeddable":true,"href":"https:\/\/yourdailyjewellery.eu\/de\/wp-json\/wp\/v2\/media\/4452"}],"wp:attachment":[{"href":"https:\/\/yourdailyjewellery.eu\/de\/wp-json\/wp\/v2\/media?parent=4451"}],"wp:term":[{"taxonomy":"product_brand","embeddable":true,"href":"https:\/\/yourdailyjewellery.eu\/de\/wp-json\/wp\/v2\/product_brand?post=4451"},{"taxonomy":"product_cat","embeddable":true,"href":"https:\/\/yourdailyjewellery.eu\/de\/wp-json\/wp\/v2\/product_cat?post=4451"},{"taxonomy":"product_tag","embeddable":true,"href":"https:\/\/yourdailyjewellery.eu\/de\/wp-json\/wp\/v2\/product_tag?post=4451"}],"curies":[{"name":"wp","href":"https:\/\/api.w.org\/{rel}","templated":true}]}}