{"id":4425,"date":"2025-12-25T19:35:41","date_gmt":"2025-12-25T18:35:41","guid":{"rendered":"https:\/\/yourdailyjewellery.eu\/shop-2\/aura-gold-ring\/"},"modified":"2025-12-25T19:35:41","modified_gmt":"2025-12-25T18:35:41","slug":"aura-gold-ring","status":"publish","type":"product","link":"https:\/\/yourdailyjewellery.eu\/de\/shop-2\/aura-gold-ring\/","title":{"rendered":"Aura Gold Ring"},"content":{"rendered":"<h4>Aura Gold Ring \u2013 K\u00fcnstlerischer Ausdruck des inneren Glanzes<\/h4>\n<p>Lassen Sie Ihre Pers\u00f6nlichkeit mit dem <b>Aura Gold<\/b> Ring erstrahlen. Dieses Schmuckst\u00fcck ist nicht nur ein gew\u00f6hnliches Accessoire, sondern ein faszinierender Ausdruck moderner Kunst und organischer \u00c4sthetik. Sein Design ist inspiriert von flie\u00dfenden Linien aus Energie und Licht, die sich um Ihren Finger winden und ein un\u00fcbersehbares visuelles Erlebnis schaffen.  <\/p>\n<p><b>Warum Sie diesen einzigartigen Ring lieben werden:<\/b><\/p>\n<ul>\n<li>\n<p><b>Dynamisches Wellendesign:<\/b> Der Ring zeichnet sich durch eine markante <strong>S-f\u00f6rmige Linie<\/strong> aus, die in einem organischen Rhythmus auf- und absteigt. Diese offene und luftige Form verleiht dem Schmuckst\u00fcck Leichtigkeit, trotz seiner un\u00fcbersehbaren Gr\u00f6\u00dfe. <\/p>\n<\/li>\n<li>\n<p><b>Glatter Spiegelglanz:<\/b> Die gesamte Oberfl\u00e4che des Rings ist pr\u00e4zise auf Hochglanz poliert und 18k vergoldet. Das Fehlen von Steinen l\u00e4sst die Reinheit des Metalls und seine F\u00e4higkeit, Licht aus jedem Winkel einzufangen, voll zur Geltung kommen. <\/p>\n<\/li>\n<li>\n<p><b>Flexible, anpassbare Gr\u00f6\u00dfe:<\/b> Dank des intelligenten offenen Designs ist der Ring <strong>universell<\/strong>. Sie k\u00f6nnen ihn sanft dehnen oder zusammendr\u00fccken, damit er perfekt an jeden Finger passt, was ihn auch zu einem idealen Geschenk macht, bei dem Sie die genaue Gr\u00f6\u00dfe nicht kennen m\u00fcssen. <\/p>\n<\/li>\n<li>\n<p><b>Premium-Chirurgenstahl 316L:<\/b> Hergestellt aus hochwertigstem Material, das 100% wasserdicht, hypoallergen und farbecht ist. Der Ring l\u00e4uft nicht an und beh\u00e4lt seinen goldenen Glanz auch bei t\u00e4glichem Tragen. <\/p>\n<\/li>\n<\/ul>\n<p><b>Wie tr\u00e4gt man es?<\/b><\/p>\n<ol>\n<li>\n<p><b>Statement-Piece:<\/b> Dank seines einzigartigen und hohen Profils kommt er am besten als eigenst\u00e4ndiges, dominantes Element am Mittel- oder Zeigefinger zur Geltung.<\/p>\n<\/li>\n<li>\n<p><b>Artistic Layering:<\/b> Er erg\u00e4nzt hervorragend minimalistischen Goldschmuck, dem er den n\u00f6tigen Kontrast und modernen Chic verleiht.<\/p>\n<\/li>\n<\/ol>\n","protected":false},"excerpt":{"rendered":"<p>Heben Sie sich ab mit dem <b>Aura Gold<\/b> Ring. Dieser markante Goldring besticht durch sein <strong>abstraktes Wellendesign<\/strong> und luxuri\u00f6sen Spiegelglanz. Dank des offenen Designs hat er eine <strong>anpassbare Gr\u00f6\u00dfe<\/strong> und passt sich perfekt jedem Finger an. Hergestellt aus hochwertigem <b>Chirurgenstahl<\/b>, ist er 100% wasserdicht, hypoallergen und farbecht \u2013 die perfekte Wahl f\u00fcr Liebhaberinnen von k\u00fchnem und modernem Design.   <\/p>\n","protected":false},"featured_media":4426,"comment_status":"closed","ping_status":"closed","template":"","meta":{"_monsterinsights_skip_tracking":false,"_monsterinsights_sitenote_active":false,"_monsterinsights_sitenote_note":"","_monsterinsights_sitenote_category":0,"_joinchat":[]},"product_brand":[],"product_cat":[195,191],"product_tag":[],"class_list":{"0":"post-4425","1":"product","2":"type-product","3":"status-publish","4":"has-post-thumbnail","6":"product_cat-damen-edelstahlringe","7":"product_cat-ringe","9":"first","10":"instock","11":"taxable","12":"shipping-taxable","13":"purchasable","14":"product-type-simple"},"_links":{"self":[{"href":"https:\/\/yourdailyjewellery.eu\/de\/wp-json\/wp\/v2\/product\/4425","targetHints":{"allow":["GET"]}}],"collection":[{"href":"https:\/\/yourdailyjewellery.eu\/de\/wp-json\/wp\/v2\/product"}],"about":[{"href":"https:\/\/yourdailyjewellery.eu\/de\/wp-json\/wp\/v2\/types\/product"}],"replies":[{"embeddable":true,"href":"https:\/\/yourdailyjewellery.eu\/de\/wp-json\/wp\/v2\/comments?post=4425"}],"wp:featuredmedia":[{"embeddable":true,"href":"https:\/\/yourdailyjewellery.eu\/de\/wp-json\/wp\/v2\/media\/4426"}],"wp:attachment":[{"href":"https:\/\/yourdailyjewellery.eu\/de\/wp-json\/wp\/v2\/media?parent=4425"}],"wp:term":[{"taxonomy":"product_brand","embeddable":true,"href":"https:\/\/yourdailyjewellery.eu\/de\/wp-json\/wp\/v2\/product_brand?post=4425"},{"taxonomy":"product_cat","embeddable":true,"href":"https:\/\/yourdailyjewellery.eu\/de\/wp-json\/wp\/v2\/product_cat?post=4425"},{"taxonomy":"product_tag","embeddable":true,"href":"https:\/\/yourdailyjewellery.eu\/de\/wp-json\/wp\/v2\/product_tag?post=4425"}],"curies":[{"name":"wp","href":"https:\/\/api.w.org\/{rel}","templated":true}]}}