{"id":4417,"date":"2025-12-25T19:35:42","date_gmt":"2025-12-25T18:35:42","guid":{"rendered":"https:\/\/yourdailyjewellery.eu\/shop-2\/armband-diamond-district\/"},"modified":"2025-12-25T19:35:42","modified_gmt":"2025-12-25T18:35:42","slug":"armband-diamond-district","status":"publish","type":"product","link":"https:\/\/yourdailyjewellery.eu\/de\/shop-2\/armband-diamond-district\/","title":{"rendered":"Armband Diamond District"},"content":{"rendered":"<h4>Armband Diamond District \u2013 Wo rohes Metall auf puren Luxus trifft<\/h4>\n<p>Lassen Sie sich von der pulsierenden Atmosph\u00e4re der Weltmetropolen mit dem Armband <b>Diamond District<\/b> inspirieren. Dieses au\u00dfergew\u00f6hnliche Schmuckst\u00fcck bricht mit den Konventionen klassischen Designs und schafft eine perfekte Balance zwischen industriellem Stil und einem un\u00fcbersehbaren Glamour-Effekt. Es wurde f\u00fcr die selbstbewusste Frau entworfen, die keine Angst hat, aus der Masse herauszustechen.  <\/p>\n<p><b>Warum Sie dieses kombinierte Armband lieben werden:<\/b><\/p>\n<ul>\n<li>\n<p><b>Einzigartiges Halb-Design:<\/b> Das Armband verbindet zwei unterschiedliche Welten. Eine H\u00e4lfte besteht aus einer zarten <strong>\u201eTennis\u201c-Reihe klarer Zirkone<\/strong>, w\u00e4hrend die andere H\u00e4lfte aus einer modernen <strong>Kette mit l\u00e4nglichen Gliedern<\/strong> (Paperclip Chain) besteht. <\/p>\n<\/li>\n<li>\n<p><b>Blendende Brillanz:<\/b> Die Zirkone sind im Armband dicht nebeneinander gefasst, wodurch sie das Licht aus jedem Winkel einfangen und den Effekt echter Diamanten erzeugen.<\/p>\n<\/li>\n<li>\n<p><b>Verstellbarer Komfort:<\/b> Das Armband ist mit einer praktischen <strong>Verl\u00e4ngerungskette<\/strong> und einem sicheren Karabinerverschluss ausgestattet. Dies erm\u00f6glicht es, die L\u00e4nge des Schmuckst\u00fccks genau an Ihr Handgelenk anzupassen, f\u00fcr maximalen Komfort. <\/p>\n<\/li>\n<li>\n<p><b>Premium-Chirurgenstahl 316L:<\/b> Hergestellt aus hochwertigem Material mit langlebiger Vergoldung. Das Schmuckst\u00fcck ist 100% wasserdicht, l\u00e4uft nicht an und ist hypoallergen, sodass es Sie den ganzen Tag und die ganze Nacht begleiten kann. <\/p>\n<\/li>\n<\/ul>\n<p><b>Wie tr\u00e4gt man es?<\/b><\/p>\n<ol>\n<li>\n<p><b>Modern Glamour:<\/b> Tragen Sie es einzeln als dominantes Element zu einem kleinen Schwarzen oder einem eleganten Sakko. Seine Asymmetrie verleiht dem Outfit den n\u00f6tigen Pfiff. <\/p>\n<\/li>\n<li>\n<p><b>Street Style Layering:<\/b> Es passt hervorragend zu Uhren oder anderen goldenen Armb\u00e4ndern. Dank der Kombination aus Steinen und Kette passt es sich leicht jedem Layering-Stil an. <\/p>\n<\/li>\n<\/ol>\n","protected":false},"excerpt":{"rendered":"<p>Gl\u00e4nzen Sie mit dem Armband <b>Diamond District<\/b>, das den Luxus <strong>klarer Zirkone<\/strong> mit einer modernen <strong>Gliederkette<\/strong> verbindet. Dieses asymmetrische Goldschmuckst\u00fcck bringt New Yorker K\u00fchnheit und Eleganz in Ihren Stil. Dank der Verl\u00e4ngerungskette ist es <strong>gr\u00f6\u00dfenverstellbar<\/strong>. Hergestellt aus <b>Premium-Chirurgenstahl<\/b>, ist es 100% wasserdicht, hypoallergen und farbecht \u2013 ein ideales St\u00fcck f\u00fcr Liebhaberinnen urbanen Luxus.   <\/p>\n","protected":false},"featured_media":4418,"comment_status":"closed","ping_status":"closed","template":"","meta":{"_monsterinsights_skip_tracking":false,"_monsterinsights_sitenote_active":false,"_monsterinsights_sitenote_note":"","_monsterinsights_sitenote_category":0,"_joinchat":[]},"product_brand":[],"product_cat":[183],"product_tag":[],"class_list":{"0":"post-4417","1":"product","2":"type-product","3":"status-publish","4":"has-post-thumbnail","6":"product_cat-armbander","8":"first","9":"instock","10":"taxable","11":"shipping-taxable","12":"purchasable","13":"product-type-simple"},"_links":{"self":[{"href":"https:\/\/yourdailyjewellery.eu\/de\/wp-json\/wp\/v2\/product\/4417","targetHints":{"allow":["GET"]}}],"collection":[{"href":"https:\/\/yourdailyjewellery.eu\/de\/wp-json\/wp\/v2\/product"}],"about":[{"href":"https:\/\/yourdailyjewellery.eu\/de\/wp-json\/wp\/v2\/types\/product"}],"replies":[{"embeddable":true,"href":"https:\/\/yourdailyjewellery.eu\/de\/wp-json\/wp\/v2\/comments?post=4417"}],"wp:featuredmedia":[{"embeddable":true,"href":"https:\/\/yourdailyjewellery.eu\/de\/wp-json\/wp\/v2\/media\/4418"}],"wp:attachment":[{"href":"https:\/\/yourdailyjewellery.eu\/de\/wp-json\/wp\/v2\/media?parent=4417"}],"wp:term":[{"taxonomy":"product_brand","embeddable":true,"href":"https:\/\/yourdailyjewellery.eu\/de\/wp-json\/wp\/v2\/product_brand?post=4417"},{"taxonomy":"product_cat","embeddable":true,"href":"https:\/\/yourdailyjewellery.eu\/de\/wp-json\/wp\/v2\/product_cat?post=4417"},{"taxonomy":"product_tag","embeddable":true,"href":"https:\/\/yourdailyjewellery.eu\/de\/wp-json\/wp\/v2\/product_tag?post=4417"}],"curies":[{"name":"wp","href":"https:\/\/api.w.org\/{rel}","templated":true}]}}