{"id":4271,"date":"2026-01-15T02:59:28","date_gmt":"2026-01-15T01:59:28","guid":{"rendered":"https:\/\/yourdailyjewellery.eu\/shop-2\/ring-france\/"},"modified":"2026-01-15T02:59:28","modified_gmt":"2026-01-15T01:59:28","slug":"ring-france","status":"publish","type":"product","link":"https:\/\/yourdailyjewellery.eu\/de\/shop-2\/ring-france\/","title":{"rendered":"Ring France"},"content":{"rendered":"<p data-path-to-node=\"43\"><b data-path-to-node=\"43\" data-index-in-node=\"11\">Ring France<\/b> \u2013 Pariser Eleganz in zwei Goldfarben<\/p>\n<p data-path-to-node=\"44\">Geschmack, Stil und Noblesse. <b data-path-to-node=\"44\" data-index-in-node=\"22\">Der Ring France<\/b> ist ein perfektes Beispiel moderner Schmuckkunst, die traditionelles Gelbgold mit der k\u00fchlen Eleganz von Wei\u00dfgold kombiniert. Dominant bei diesem Modell ist ein diagonales Band aus Wei\u00dfgold mit feiner Gravur, das die schwarze Fl\u00e4che des Ringkopfes durchschneidet. <\/p>\n<p data-path-to-node=\"45\">Was ihn auszeichnet:<\/p>\n<ul data-path-to-node=\"46\">\n<li>\n<p data-path-to-node=\"46,0,0\"><b data-path-to-node=\"46,0,0\" data-index-in-node=\"0\">Zweifarbiges Design:<\/b> Die Kombination aus Gelb- und Wei\u00dfgold ist ein Zeichen gehobener Klasse und l\u00e4sst sich leicht mit anderen Accessoires (Uhren, Ehering) kombinieren.<\/p>\n<\/li>\n<li>\n<p data-path-to-node=\"46,1,0\"><b data-path-to-node=\"46,1,0\" data-index-in-node=\"0\">Detaillierter Schliff:<\/b> Das mittlere Band aus Wei\u00dfgold ist mit einem feinen Muster verziert, das das Licht reflektiert.<\/p>\n<\/li>\n<li>\n<p data-path-to-node=\"46,2,0\"><b data-path-to-node=\"46,2,0\" data-index-in-node=\"0\">Ideales Gewicht:<\/b> Mit einem Gewicht von 4,3 g f\u00fchlt sich der Ring wertig an, ist aber nicht zu schwer.<\/p>\n<\/li>\n<li>\n<p data-path-to-node=\"46,3,0\"><b data-path-to-node=\"46,3,0\" data-index-in-node=\"0\">Stilvoller Kontrast:<\/b> Der dunkle Hintergrund des Ringkopfes l\u00e4sst die goldenen Details hervorstechen.<\/p>\n<\/li>\n<\/ul>\n","protected":false},"excerpt":{"rendered":"<p data-path-to-node=\"37\">Eleganter Gold-<b data-path-to-node=\"37\" data-index-in-node=\"29\">Ring Helas<\/b> mit einer Kombination aus polierter Oberfl\u00e4che und feinem Schliff. Gefertigt aus gelbem 14-kar\u00e4tigem Gold. Ein zeitloses Herrenschmuckst\u00fcck mit einem Gewicht von 2,92 g und einem rechteckigen Ringkopf.  <\/p>\n<h5 data-path-to-node=\"38\"><strong>Bitte geben Sie die Ringgr\u00f6\u00dfe im Bereich von 54 bis 76 an der Kasse ein. (Bestellhinweis) <\/strong><\/h5>\n","protected":false},"featured_media":4272,"comment_status":"closed","ping_status":"closed","template":"","meta":{"_monsterinsights_skip_tracking":false,"_monsterinsights_sitenote_active":false,"_monsterinsights_sitenote_note":"","_monsterinsights_sitenote_category":0,"_joinchat":[]},"product_brand":[],"product_cat":[193,191],"product_tag":[],"class_list":{"0":"post-4271","1":"product","2":"type-product","3":"status-publish","4":"has-post-thumbnail","6":"product_cat-herren-goldringe","7":"product_cat-ringe","9":"first","10":"instock","11":"taxable","12":"shipping-taxable","13":"purchasable","14":"product-type-simple"},"_links":{"self":[{"href":"https:\/\/yourdailyjewellery.eu\/de\/wp-json\/wp\/v2\/product\/4271","targetHints":{"allow":["GET"]}}],"collection":[{"href":"https:\/\/yourdailyjewellery.eu\/de\/wp-json\/wp\/v2\/product"}],"about":[{"href":"https:\/\/yourdailyjewellery.eu\/de\/wp-json\/wp\/v2\/types\/product"}],"replies":[{"embeddable":true,"href":"https:\/\/yourdailyjewellery.eu\/de\/wp-json\/wp\/v2\/comments?post=4271"}],"wp:featuredmedia":[{"embeddable":true,"href":"https:\/\/yourdailyjewellery.eu\/de\/wp-json\/wp\/v2\/media\/4272"}],"wp:attachment":[{"href":"https:\/\/yourdailyjewellery.eu\/de\/wp-json\/wp\/v2\/media?parent=4271"}],"wp:term":[{"taxonomy":"product_brand","embeddable":true,"href":"https:\/\/yourdailyjewellery.eu\/de\/wp-json\/wp\/v2\/product_brand?post=4271"},{"taxonomy":"product_cat","embeddable":true,"href":"https:\/\/yourdailyjewellery.eu\/de\/wp-json\/wp\/v2\/product_cat?post=4271"},{"taxonomy":"product_tag","embeddable":true,"href":"https:\/\/yourdailyjewellery.eu\/de\/wp-json\/wp\/v2\/product_tag?post=4271"}],"curies":[{"name":"wp","href":"https:\/\/api.w.org\/{rel}","templated":true}]}}