{"id":4255,"date":"2026-01-15T03:15:28","date_gmt":"2026-01-15T02:15:28","guid":{"rendered":"https:\/\/yourdailyjewellery.eu\/shop-2\/ring-denmark\/"},"modified":"2026-01-15T03:15:28","modified_gmt":"2026-01-15T02:15:28","slug":"ring-denmark","status":"publish","type":"product","link":"https:\/\/yourdailyjewellery.eu\/de\/shop-2\/ring-denmark\/","title":{"rendered":"Ring Denmark"},"content":{"rendered":"<p data-path-to-node=\"63\"><b data-path-to-node=\"63\" data-index-in-node=\"11\">Ring Denmark<\/b> \u2013 Nordischer Minimalismus in Gold<\/p>\n<p data-path-to-node=\"64\">In der Einfachheit liegt die Sch\u00f6nheit, und der <b data-path-to-node=\"64\" data-index-in-node=\"27\">Ring Denmark<\/b> ist der beste Beweis daf\u00fcr. Dieser klassische Siegelring mit ovalem Kopf setzt auf klare Linien und eine perfekte Hochglanzpolitur. Ohne unn\u00f6tige Verzierungen l\u00e4sst er die nat\u00fcrliche Sch\u00f6nheit und Farbe des gelben 14-kar\u00e4tigen Goldes zur Geltung kommen.  <\/p>\n<p data-path-to-node=\"65\">Warum Sie ihn lieben werden:<\/p>\n<ul data-path-to-node=\"66\">\n<li>\n<p data-path-to-node=\"66,0,0\"><b data-path-to-node=\"66,0,0\" data-index-in-node=\"0\">Ikonische ovale Form:<\/b> Die traditionelle Form eines \u201eSignet Rings\u201c, der seit Jahrhunderten von Gentlemen getragen wird.<\/p>\n<\/li>\n<li>\n<p data-path-to-node=\"66,1,0\"><b data-path-to-node=\"66,1,0\" data-index-in-node=\"0\">Spiegelglanz:<\/b> Die hochglanzpolierte Oberfl\u00e4che wirkt rein, elegant und luxuri\u00f6s.<\/p>\n<\/li>\n<li>\n<p data-path-to-node=\"66,2,0\"><b data-path-to-node=\"66,2,0\" data-index-in-node=\"0\">Ideal f\u00fcr Gravuren:<\/b> Die glatte Oberfl\u00e4che ist perfekt f\u00fcr das nachtr\u00e4gliche Gravieren von Initialen oder eines Familienwappens (Hinweis: Die Gravur wird vom Kunden selbst organisiert).<\/p>\n<\/li>\n<li>\n<p data-path-to-node=\"66,3,0\"><b data-path-to-node=\"66,3,0\" data-index-in-node=\"0\">Leicht und bequem:<\/b> Mit einem Gewicht von 2,70 g ist er ein dezenter Ring, den Sie am Finger kaum sp\u00fcren werden.<\/p>\n<\/li>\n<\/ul>\n","protected":false},"excerpt":{"rendered":"<p data-path-to-node=\"37\">Minimalistischer goldener <b data-path-to-node=\"67\" data-index-in-node=\"34\">Ring Denmark<\/b> im klassischen ovalen Siegelring-Design. Gefertigt aus 14-kar\u00e4tigem Gelbgold mit Hochglanzpolitur. Zeitlose Eleganz und purer Stil.  <\/p>\n<h5 data-path-to-node=\"38\"><strong>Bitte geben Sie die Ringgr\u00f6\u00dfe im Bereich von 54 bis 76 an der Kasse ein. (Bestellhinweis) <\/strong><\/h5>\n","protected":false},"featured_media":4256,"comment_status":"closed","ping_status":"closed","template":"","meta":{"_monsterinsights_skip_tracking":false,"_monsterinsights_sitenote_active":false,"_monsterinsights_sitenote_note":"","_monsterinsights_sitenote_category":0,"_joinchat":[]},"product_brand":[],"product_cat":[193,191],"product_tag":[],"class_list":{"0":"post-4255","1":"product","2":"type-product","3":"status-publish","4":"has-post-thumbnail","6":"product_cat-herren-goldringe","7":"product_cat-ringe","9":"first","10":"instock","11":"taxable","12":"shipping-taxable","13":"purchasable","14":"product-type-simple"},"_links":{"self":[{"href":"https:\/\/yourdailyjewellery.eu\/de\/wp-json\/wp\/v2\/product\/4255","targetHints":{"allow":["GET"]}}],"collection":[{"href":"https:\/\/yourdailyjewellery.eu\/de\/wp-json\/wp\/v2\/product"}],"about":[{"href":"https:\/\/yourdailyjewellery.eu\/de\/wp-json\/wp\/v2\/types\/product"}],"replies":[{"embeddable":true,"href":"https:\/\/yourdailyjewellery.eu\/de\/wp-json\/wp\/v2\/comments?post=4255"}],"wp:featuredmedia":[{"embeddable":true,"href":"https:\/\/yourdailyjewellery.eu\/de\/wp-json\/wp\/v2\/media\/4256"}],"wp:attachment":[{"href":"https:\/\/yourdailyjewellery.eu\/de\/wp-json\/wp\/v2\/media?parent=4255"}],"wp:term":[{"taxonomy":"product_brand","embeddable":true,"href":"https:\/\/yourdailyjewellery.eu\/de\/wp-json\/wp\/v2\/product_brand?post=4255"},{"taxonomy":"product_cat","embeddable":true,"href":"https:\/\/yourdailyjewellery.eu\/de\/wp-json\/wp\/v2\/product_cat?post=4255"},{"taxonomy":"product_tag","embeddable":true,"href":"https:\/\/yourdailyjewellery.eu\/de\/wp-json\/wp\/v2\/product_tag?post=4255"}],"curies":[{"name":"wp","href":"https:\/\/api.w.org\/{rel}","templated":true}]}}