{"id":4253,"date":"2026-01-15T20:33:58","date_gmt":"2026-01-15T19:33:58","guid":{"rendered":"https:\/\/yourdailyjewellery.eu\/shop-2\/ohrringe-ditta\/"},"modified":"2026-01-15T20:33:58","modified_gmt":"2026-01-15T19:33:58","slug":"ohrringe-ditta","status":"publish","type":"product","link":"https:\/\/yourdailyjewellery.eu\/de\/shop-2\/ohrringe-ditta\/","title":{"rendered":"Ohrringe Ditta"},"content":{"rendered":"<p data-path-to-node=\"4\"><b data-path-to-node=\"4\" data-index-in-node=\"11\">Ohrringe Ditta<\/b> \u2013 Goldene Tr\u00e4nen mit Diamantglanz<\/p>\n<p data-path-to-node=\"5\">Entdecken Sie die Sch\u00f6nheit klarer Linien mit den <b data-path-to-node=\"5\" data-index-in-node=\"34\">Ohrringen Ditta<\/b>. Dieses Modell repr\u00e4sentiert zeitlose Eleganz vom Typ <b data-path-to-node=\"5\" data-index-in-node=\"101\">Klassisch \u2013 H\u00e4ngend<\/b>, wobei die offene Tropfenform (Tr\u00e4ne) die Halslinie sanft verl\u00e4ngert. Die Vorderseite der Ohrringe ist mit einem pr\u00e4zisen Diamantschliff (Diamond Cut) verziert, der bei jeder Bewegung das Licht bricht und so den Glanz von Edelsteinen ersetzt.  <\/p>\n<p data-path-to-node=\"6\">Was sie besonders macht:<\/p>\n<ul data-path-to-node=\"7\">\n<li>\n<p data-path-to-node=\"7,0,0\"><b data-path-to-node=\"7,0,0\" data-index-in-node=\"0\">H\u00e4ngendes Design:<\/b> Die klassische H\u00e4ngeform wirkt luftig, feminin und zieht die Aufmerksamkeit auf das Gesicht.<\/p>\n<\/li>\n<li>\n<p data-path-to-node=\"7,1,0\"><b data-path-to-node=\"7,1,0\" data-index-in-node=\"0\">Diamantschliff:<\/b> Die texturierte Oberfl\u00e4che reflektiert das Licht ebenso intensiv wie gefasste Steine.<\/p>\n<\/li>\n<li>\n<p data-path-to-node=\"7,2,0\"><b data-path-to-node=\"7,2,0\" data-index-in-node=\"0\">Angenehmer Tragekomfort:<\/b> Mit einem Gewicht von 2,66 g sind diese h\u00e4ngenden Ohrringe ideal f\u00fcr den ganzt\u00e4gigen Gebrauch, ohne das Ohr zu belasten.<\/p>\n<\/li>\n<li>\n<p data-path-to-node=\"7,3,0\"><b data-path-to-node=\"7,3,0\" data-index-in-node=\"0\">14-kar\u00e4tiges Gold:<\/b> Hergestellt aus hochwertigem Gelbgold, das seinen Wert und seine Sch\u00f6nheit beh\u00e4lt.<\/p>\n<\/li>\n<\/ul>\n","protected":false},"excerpt":{"rendered":"<p>Funkelnde goldene <b data-path-to-node=\"7\" data-index-in-node=\"30\">Ohrringe Ditta<\/b> in offener Tropfenform mit Diamantschliff. Hergestellt aus gelbem 14-kar\u00e4tigem Gold. Ein elegantes Schmuckst\u00fcck, das dank seiner Textur wie mit Diamanten besetzt funkelt.  <\/p>\n","protected":false},"featured_media":4254,"comment_status":"closed","ping_status":"closed","template":"","meta":{"_monsterinsights_skip_tracking":false,"_monsterinsights_sitenote_active":false,"_monsterinsights_sitenote_note":"","_monsterinsights_sitenote_category":0,"_joinchat":[]},"product_brand":[],"product_cat":[173,172],"product_tag":[],"class_list":{"0":"post-4253","1":"product","2":"type-product","3":"status-publish","4":"has-post-thumbnail","6":"product_cat-goldohrringe","7":"product_cat-ohrringe","9":"first","10":"instock","11":"taxable","12":"shipping-taxable","13":"purchasable","14":"product-type-simple"},"_links":{"self":[{"href":"https:\/\/yourdailyjewellery.eu\/de\/wp-json\/wp\/v2\/product\/4253","targetHints":{"allow":["GET"]}}],"collection":[{"href":"https:\/\/yourdailyjewellery.eu\/de\/wp-json\/wp\/v2\/product"}],"about":[{"href":"https:\/\/yourdailyjewellery.eu\/de\/wp-json\/wp\/v2\/types\/product"}],"replies":[{"embeddable":true,"href":"https:\/\/yourdailyjewellery.eu\/de\/wp-json\/wp\/v2\/comments?post=4253"}],"wp:featuredmedia":[{"embeddable":true,"href":"https:\/\/yourdailyjewellery.eu\/de\/wp-json\/wp\/v2\/media\/4254"}],"wp:attachment":[{"href":"https:\/\/yourdailyjewellery.eu\/de\/wp-json\/wp\/v2\/media?parent=4253"}],"wp:term":[{"taxonomy":"product_brand","embeddable":true,"href":"https:\/\/yourdailyjewellery.eu\/de\/wp-json\/wp\/v2\/product_brand?post=4253"},{"taxonomy":"product_cat","embeddable":true,"href":"https:\/\/yourdailyjewellery.eu\/de\/wp-json\/wp\/v2\/product_cat?post=4253"},{"taxonomy":"product_tag","embeddable":true,"href":"https:\/\/yourdailyjewellery.eu\/de\/wp-json\/wp\/v2\/product_tag?post=4253"}],"curies":[{"name":"wp","href":"https:\/\/api.w.org\/{rel}","templated":true}]}}