{"id":4215,"date":"2026-01-15T21:12:51","date_gmt":"2026-01-15T20:12:51","guid":{"rendered":"https:\/\/yourdailyjewellery.eu\/shop-2\/ohrringe-paris\/"},"modified":"2026-01-15T21:12:51","modified_gmt":"2026-01-15T20:12:51","slug":"ohrringe-paris","status":"publish","type":"product","link":"https:\/\/yourdailyjewellery.eu\/de\/shop-2\/ohrringe-paris\/","title":{"rendered":"Ohrringe Paris"},"content":{"rendered":"<p data-path-to-node=\"74\"><b data-path-to-node=\"74\" data-index-in-node=\"11\">Ohrringe Paris<\/b> \u2013 Franz\u00f6sischer Charme in jedem Detail<\/p>\n<p data-path-to-node=\"75\">Eleganz inspiriert von Paris. <b data-path-to-node=\"75\" data-index-in-node=\"31\">Ohrringe Paris<\/b> sind ein raffiniertes Modell des Typs <b data-path-to-node=\"75\" data-index-in-node=\"83\">Klassisch \u2013 H\u00e4ngend<\/b>, wobei eine vertikale, mit Zirkonia besetzte Linie, die in einen gr\u00f6\u00dferen zentralen Stein m\u00fcndet, die dominierende Rolle spielt. Diese h\u00e4ngende Form verl\u00e4ngert optisch den Hals und verleiht dem Gesicht Zartheit.<\/p>\n<p data-path-to-node=\"76\">Was sie besonders macht:<\/p>\n<ul data-path-to-node=\"77\">\n<li>\n<p data-path-to-node=\"77,0,0\"><b data-path-to-node=\"77,0,0\" data-index-in-node=\"0\">H\u00e4ngender \u201eDrop\u201c-Effekt:<\/b> Die elegante l\u00e4ngliche Form ist ideal zu hochgestecktem Haar und Abendkleidern.<\/p>\n<\/li>\n<li>\n<p data-path-to-node=\"77,1,0\"><b data-path-to-node=\"77,1,0\" data-index-in-node=\"0\">Maximaler Glanz:<\/b> Die Kombination aus Pav\u00e9-Fassung und einem gr\u00f6\u00dferen Solit\u00e4rstein sorgt f\u00fcr hohe Brillanz.<\/p>\n<\/li>\n<li>\n<p data-path-to-node=\"77,2,0\"><b data-path-to-node=\"77,2,0\" data-index-in-node=\"0\">Zeitlosigkeit:<\/b> Klassisches Design, das sich f\u00fcr Hochzeiten, B\u00e4lle, aber auch zu einem eleganten Kost\u00fcm eignet.<\/p>\n<\/li>\n<li>\n<p data-path-to-node=\"77,3,0\"><b data-path-to-node=\"77,3,0\" data-index-in-node=\"0\">Qualit\u00e4t 14k Gold:<\/b> Feste Fassung der Steine in Gelbgold.<\/p>\n<\/li>\n<\/ul>\n","protected":false},"excerpt":{"rendered":"<p>Exklusive goldene <b data-path-to-node=\"78\" data-index-in-node=\"30\">Ohrringe Paris<\/b> vom Typ Klassisch \u2013 H\u00e4ngend, reich verziert mit Zirkonia. Hergestellt aus 14-kar\u00e4tigem Gelbgold. Elegantes h\u00e4ngendes Accessoire mit Pariser Noblesse.<\/p>\n","protected":false},"featured_media":4216,"comment_status":"closed","ping_status":"closed","template":"","meta":{"_monsterinsights_skip_tracking":false,"_monsterinsights_sitenote_active":false,"_monsterinsights_sitenote_note":"","_monsterinsights_sitenote_category":0,"_joinchat":[]},"product_brand":[],"product_cat":[173,172],"product_tag":[],"class_list":{"0":"post-4215","1":"product","2":"type-product","3":"status-publish","4":"has-post-thumbnail","6":"product_cat-goldohrringe","7":"product_cat-ohrringe","9":"first","10":"instock","11":"taxable","12":"shipping-taxable","13":"purchasable","14":"product-type-simple"},"_links":{"self":[{"href":"https:\/\/yourdailyjewellery.eu\/de\/wp-json\/wp\/v2\/product\/4215","targetHints":{"allow":["GET"]}}],"collection":[{"href":"https:\/\/yourdailyjewellery.eu\/de\/wp-json\/wp\/v2\/product"}],"about":[{"href":"https:\/\/yourdailyjewellery.eu\/de\/wp-json\/wp\/v2\/types\/product"}],"replies":[{"embeddable":true,"href":"https:\/\/yourdailyjewellery.eu\/de\/wp-json\/wp\/v2\/comments?post=4215"}],"wp:featuredmedia":[{"embeddable":true,"href":"https:\/\/yourdailyjewellery.eu\/de\/wp-json\/wp\/v2\/media\/4216"}],"wp:attachment":[{"href":"https:\/\/yourdailyjewellery.eu\/de\/wp-json\/wp\/v2\/media?parent=4215"}],"wp:term":[{"taxonomy":"product_brand","embeddable":true,"href":"https:\/\/yourdailyjewellery.eu\/de\/wp-json\/wp\/v2\/product_brand?post=4215"},{"taxonomy":"product_cat","embeddable":true,"href":"https:\/\/yourdailyjewellery.eu\/de\/wp-json\/wp\/v2\/product_cat?post=4215"},{"taxonomy":"product_tag","embeddable":true,"href":"https:\/\/yourdailyjewellery.eu\/de\/wp-json\/wp\/v2\/product_tag?post=4215"}],"curies":[{"name":"wp","href":"https:\/\/api.w.org\/{rel}","templated":true}]}}