{"id":4211,"date":"2026-01-15T21:17:31","date_gmt":"2026-01-15T20:17:31","guid":{"rendered":"https:\/\/yourdailyjewellery.eu\/shop-2\/ohrringe-daily-style\/"},"modified":"2026-01-15T21:17:31","modified_gmt":"2026-01-15T20:17:31","slug":"ohrringe-daily-style","status":"publish","type":"product","link":"https:\/\/yourdailyjewellery.eu\/de\/shop-2\/ohrringe-daily-style\/","title":{"rendered":"Ohrringe Daily Style"},"content":{"rendered":"<p data-path-to-node=\"84\"><b data-path-to-node=\"84\" data-index-in-node=\"11\">Ohrringe Daily Style<\/b> \u2013 Ikonisches Design f\u00fcr die moderne Frau<\/p>\n<p data-path-to-node=\"85\">F\u00fcr alle, die Trends folgen und Komfort lieben. <b data-path-to-node=\"85\" data-index-in-node=\"49\">Ohrringe Daily Style<\/b> sind stilvolle <b data-path-to-node=\"85\" data-index-in-node=\"81\">Stecker<\/b>, inspiriert vom weltbekannten Logo der verschlungenen \u201eC\u201c. Dieses Modell ist au\u00dfergew\u00f6hnlich, nicht nur durch sein Design, sondern auch durch die Farbkombination \u2013 eine H\u00e4lfte ist mit klaren Zirkonia besetzt und die andere mit kontrastierenden schwarzen Zirkonia.<\/p>\n<p data-path-to-node=\"86\">Was Sie begeistern wird:<\/p>\n<ul data-path-to-node=\"87\">\n<li>\n<p data-path-to-node=\"87,0,0\"><b data-path-to-node=\"87,0,0\" data-index-in-node=\"0\">Praktische Stecker:<\/b> Der Poussettenverschluss mit Schmetterling gew\u00e4hrleistet, dass die Ohrringe fest am Ohr sitzen und maximalen Komfort bieten.<\/p>\n<\/li>\n<li>\n<p data-path-to-node=\"87,1,0\"><b data-path-to-node=\"87,1,0\" data-index-in-node=\"0\">Modisches Design:<\/b> Eine ikonische Form, die sofort erkennbar ist und jedem Outfit einen Hauch von Luxus verleiht.<\/p>\n<\/li>\n<li>\n<p data-path-to-node=\"87,2,0\"><b data-path-to-node=\"87,2,0\" data-index-in-node=\"0\">Black &amp; White:<\/b> Der Kontrast von schwarzen und wei\u00dfen Steinen in Gelbgold wirkt sehr modern.<\/p>\n<\/li>\n<li>\n<p data-path-to-node=\"87,3,0\"><b data-path-to-node=\"87,3,0\" data-index-in-node=\"0\">Zart und leicht:<\/b> Mit einem Gewicht von 1,80 g sind sie ideal f\u00fcr den t\u00e4glichen Gebrauch (Daily Wear).<\/p>\n<\/li>\n<\/ul>\n","protected":false},"excerpt":{"rendered":"<p>Trendige goldene <b data-path-to-node=\"88\" data-index-in-node=\"26\">Ohrringe Daily Style<\/b> als Stecker in Form eines verschlungenen Logos. Besetzt mit schwarzen und wei\u00dfen Zirkonia in 14-kar\u00e4tigem Gelbgold. Stilvolle und bequeme Ohrstecker f\u00fcr Modeliebhaberinnen.<\/p>\n","protected":false},"featured_media":4212,"comment_status":"closed","ping_status":"closed","template":"","meta":{"_monsterinsights_skip_tracking":false,"_monsterinsights_sitenote_active":false,"_monsterinsights_sitenote_note":"","_monsterinsights_sitenote_category":0,"_joinchat":[]},"product_brand":[],"product_cat":[173,172],"product_tag":[],"class_list":{"0":"post-4211","1":"product","2":"type-product","3":"status-publish","4":"has-post-thumbnail","6":"product_cat-goldohrringe","7":"product_cat-ohrringe","9":"first","10":"instock","11":"taxable","12":"shipping-taxable","13":"purchasable","14":"product-type-simple"},"_links":{"self":[{"href":"https:\/\/yourdailyjewellery.eu\/de\/wp-json\/wp\/v2\/product\/4211","targetHints":{"allow":["GET"]}}],"collection":[{"href":"https:\/\/yourdailyjewellery.eu\/de\/wp-json\/wp\/v2\/product"}],"about":[{"href":"https:\/\/yourdailyjewellery.eu\/de\/wp-json\/wp\/v2\/types\/product"}],"replies":[{"embeddable":true,"href":"https:\/\/yourdailyjewellery.eu\/de\/wp-json\/wp\/v2\/comments?post=4211"}],"wp:featuredmedia":[{"embeddable":true,"href":"https:\/\/yourdailyjewellery.eu\/de\/wp-json\/wp\/v2\/media\/4212"}],"wp:attachment":[{"href":"https:\/\/yourdailyjewellery.eu\/de\/wp-json\/wp\/v2\/media?parent=4211"}],"wp:term":[{"taxonomy":"product_brand","embeddable":true,"href":"https:\/\/yourdailyjewellery.eu\/de\/wp-json\/wp\/v2\/product_brand?post=4211"},{"taxonomy":"product_cat","embeddable":true,"href":"https:\/\/yourdailyjewellery.eu\/de\/wp-json\/wp\/v2\/product_cat?post=4211"},{"taxonomy":"product_tag","embeddable":true,"href":"https:\/\/yourdailyjewellery.eu\/de\/wp-json\/wp\/v2\/product_tag?post=4211"}],"curies":[{"name":"wp","href":"https:\/\/api.w.org\/{rel}","templated":true}]}}