{"id":4207,"date":"2026-01-15T21:05:26","date_gmt":"2026-01-15T20:05:26","guid":{"rendered":"https:\/\/yourdailyjewellery.eu\/shop-2\/valentine-ohrringe\/"},"modified":"2026-01-15T21:05:26","modified_gmt":"2026-01-15T20:05:26","slug":"valentine-ohrringe","status":"publish","type":"product","link":"https:\/\/yourdailyjewellery.eu\/de\/shop-2\/valentine-ohrringe\/","title":{"rendered":"Valentine Ohrringe"},"content":{"rendered":"<p data-path-to-node=\"54\"><b data-path-to-node=\"54\" data-index-in-node=\"11\">Valentine Ohrringe<\/b> \u2013 Symbol der Liebe in Gold<\/p>\n<p data-path-to-node=\"55\">Sagen Sie es mit Schmuck. Die <b data-path-to-node=\"55\" data-index-in-node=\"21\">Valentine Ohrringe<\/b> sind die Verk\u00f6rperung der Romantik in der Ausf\u00fchrung <b data-path-to-node=\"55\" data-index-in-node=\"77\">Klassisch \u2013 H\u00e4ngend<\/b>. Das Design besteht aus einem stilisierten, an einem Patentverschluss h\u00e4ngenden Herz, geformt aus verschlungenen Linien aus Gelbgold. In der Mitte des Herzens ist ein klarer Zirkonia gefasst, der bei jeder Bewegung des h\u00e4ngenden Ohrrings sanft funkelt.  <\/p>\n<p data-path-to-node=\"56\">Warum sie das ideale Geschenk sind:<\/p>\n<ul data-path-to-node=\"57\">\n<li>\n<p data-path-to-node=\"57,0,0\"><b data-path-to-node=\"57,0,0\" data-index-in-node=\"0\">H\u00e4ngendes Herz:<\/b> Das romantische Herzmotiv in h\u00e4ngender Ausf\u00fchrung wirkt zart und elegant.<\/p>\n<\/li>\n<li>\n<p data-path-to-node=\"57,1,0\"><b data-path-to-node=\"57,1,0\" data-index-in-node=\"0\">Feines Design:<\/b> Die verschlungenen Linien verleihen dem Schmuckst\u00fcck Leichtigkeit.<\/p>\n<\/li>\n<li>\n<p data-path-to-node=\"57,2,0\"><b data-path-to-node=\"57,2,0\" data-index-in-node=\"0\">Hochwertige Verarbeitung:<\/b> Hergestellt aus 14-kar\u00e4tigem Gold mit einem Gewicht von 2,60 g.<\/p>\n<\/li>\n<li>\n<p data-path-to-node=\"57,3,0\"><b data-path-to-node=\"57,3,0\" data-index-in-node=\"0\">Liebesgeschenk:<\/b> Die perfekte Wahl f\u00fcr Jahrestage, Valentinstag oder Geburtstage.<\/p>\n<\/li>\n<\/ul>\n","protected":false},"excerpt":{"rendered":"<p>Romantische goldene <b data-path-to-node=\"58\" data-index-in-node=\"30\">Valentine Ohrringe<\/b> vom Typ Klassisch \u2013 H\u00e4ngend in Form eines verschlungenen Herzens mit Zirkonia. Hergestellt aus 14-kar\u00e4tigem Gelbgold. Ein wundersch\u00f6nes h\u00e4ngendes Schmuckst\u00fcck, das Ihre Gef\u00fchle ausdr\u00fcckt.  <\/p>\n","protected":false},"featured_media":4208,"comment_status":"closed","ping_status":"closed","template":"","meta":{"_monsterinsights_skip_tracking":false,"_monsterinsights_sitenote_active":false,"_monsterinsights_sitenote_note":"","_monsterinsights_sitenote_category":0,"_joinchat":[]},"product_brand":[],"product_cat":[173,172,249],"product_tag":[],"class_list":{"0":"post-4207","1":"product","2":"type-product","3":"status-publish","4":"has-post-thumbnail","6":"product_cat-goldohrringe","7":"product_cat-ohrringe","8":"product_cat-valentinstag-sale","10":"first","11":"instock","12":"taxable","13":"shipping-taxable","14":"purchasable","15":"product-type-simple"},"_links":{"self":[{"href":"https:\/\/yourdailyjewellery.eu\/de\/wp-json\/wp\/v2\/product\/4207","targetHints":{"allow":["GET"]}}],"collection":[{"href":"https:\/\/yourdailyjewellery.eu\/de\/wp-json\/wp\/v2\/product"}],"about":[{"href":"https:\/\/yourdailyjewellery.eu\/de\/wp-json\/wp\/v2\/types\/product"}],"replies":[{"embeddable":true,"href":"https:\/\/yourdailyjewellery.eu\/de\/wp-json\/wp\/v2\/comments?post=4207"}],"wp:featuredmedia":[{"embeddable":true,"href":"https:\/\/yourdailyjewellery.eu\/de\/wp-json\/wp\/v2\/media\/4208"}],"wp:attachment":[{"href":"https:\/\/yourdailyjewellery.eu\/de\/wp-json\/wp\/v2\/media?parent=4207"}],"wp:term":[{"taxonomy":"product_brand","embeddable":true,"href":"https:\/\/yourdailyjewellery.eu\/de\/wp-json\/wp\/v2\/product_brand?post=4207"},{"taxonomy":"product_cat","embeddable":true,"href":"https:\/\/yourdailyjewellery.eu\/de\/wp-json\/wp\/v2\/product_cat?post=4207"},{"taxonomy":"product_tag","embeddable":true,"href":"https:\/\/yourdailyjewellery.eu\/de\/wp-json\/wp\/v2\/product_tag?post=4207"}],"curies":[{"name":"wp","href":"https:\/\/api.w.org\/{rel}","templated":true}]}}