{"id":4117,"date":"2026-01-15T21:40:17","date_gmt":"2026-01-15T20:40:17","guid":{"rendered":"https:\/\/yourdailyjewellery.eu\/shop-2\/daily-gold-ohrringe\/"},"modified":"2026-01-15T21:40:17","modified_gmt":"2026-01-15T20:40:17","slug":"daily-gold-ohrringe","status":"publish","type":"product","link":"https:\/\/yourdailyjewellery.eu\/de\/shop-2\/daily-gold-ohrringe\/","title":{"rendered":"Daily Gold Ohrringe"},"content":{"rendered":"<p data-path-to-node=\"53\"><b data-path-to-node=\"53\" data-index-in-node=\"11\">Daily Gold Ohrringe<\/b> \u2013 Minimalistische Perfektion f\u00fcr jeden Tag<\/p>\n<p data-path-to-node=\"54\">In der Einfachheit liegt die gr\u00f6\u00dfte Kraft. Die <b data-path-to-node=\"54\" data-index-in-node=\"38\">Daily Gold Ohrringe<\/b> sind klassische goldene <b data-path-to-node=\"54\" data-index-in-node=\"76\">Ohrstecker<\/b> in Form glatter Halbkugeln. Dieses minimalistische Design ist die absolute Grundlage jeder Schmuckschatulle. Dank des hohen Glanzes von Gelbgold wirken sie elegant und gepflegt, sind aber gleichzeitig diskret und passend zu jedem Outfit und f\u00fcr jede Gelegenheit.<\/p>\n<p data-path-to-node=\"55\">Hauptmerkmale:<\/p>\n<ul data-path-to-node=\"56\">\n<li>\n<p data-path-to-node=\"56,0,0\"><b data-path-to-node=\"56,0,0\" data-index-in-node=\"0\">Klares Design:<\/b> Glatte, spiegelpolierte Oberfl\u00e4che ohne Steine und Muster.<\/p>\n<\/li>\n<li>\n<p data-path-to-node=\"56,1,0\"><b data-path-to-node=\"56,1,0\" data-index-in-node=\"0\">Maximaler Komfort:<\/b> Die Halbkugelform ist praktisch, verf\u00e4ngt sich nirgends und l\u00e4sst sich bequem tragen.<\/p>\n<\/li>\n<li>\n<p data-path-to-node=\"56,2,0\"><b data-path-to-node=\"56,2,0\" data-index-in-node=\"0\">Vielseitigkeit:<\/b> Passt zu Jeans, ins Fitnessstudio, aber auch als zweites oder drittes Paar Ohrringe bei mehreren Ohrl\u00f6chern.<\/p>\n<\/li>\n<li>\n<p data-path-to-node=\"56,3,0\"><b data-path-to-node=\"56,3,0\" data-index-in-node=\"0\">14-kar\u00e4tiges Gold:<\/b> Eine Investition in hochwertiges Material, das die Haut nicht reizt.<\/p>\n<\/li>\n<\/ul>\n","protected":false},"excerpt":{"rendered":"<p data-path-to-node=\"7\">Minimalistische goldene <b data-path-to-node=\"57\" data-index-in-node=\"34\">Daily Gold Ohrstecker<\/b> in Form einer glatten Halbkugel. Hergestellt aus poliertem 14-kar\u00e4tigem Gelbgold. Ein zeitloser Klassiker und ein unverzichtbares Schmuckst\u00fcck f\u00fcr jede Frau.<\/p>\n<p data-path-to-node=\"8\">\n","protected":false},"featured_media":4118,"comment_status":"closed","ping_status":"closed","template":"","meta":{"_monsterinsights_skip_tracking":false,"_monsterinsights_sitenote_active":false,"_monsterinsights_sitenote_note":"","_monsterinsights_sitenote_category":0,"_joinchat":[]},"product_brand":[],"product_cat":[173,172],"product_tag":[],"class_list":{"0":"post-4117","1":"product","2":"type-product","3":"status-publish","4":"has-post-thumbnail","6":"product_cat-goldohrringe","7":"product_cat-ohrringe","9":"first","10":"instock","11":"taxable","12":"shipping-taxable","13":"purchasable","14":"product-type-simple"},"_links":{"self":[{"href":"https:\/\/yourdailyjewellery.eu\/de\/wp-json\/wp\/v2\/product\/4117","targetHints":{"allow":["GET"]}}],"collection":[{"href":"https:\/\/yourdailyjewellery.eu\/de\/wp-json\/wp\/v2\/product"}],"about":[{"href":"https:\/\/yourdailyjewellery.eu\/de\/wp-json\/wp\/v2\/types\/product"}],"replies":[{"embeddable":true,"href":"https:\/\/yourdailyjewellery.eu\/de\/wp-json\/wp\/v2\/comments?post=4117"}],"wp:featuredmedia":[{"embeddable":true,"href":"https:\/\/yourdailyjewellery.eu\/de\/wp-json\/wp\/v2\/media\/4118"}],"wp:attachment":[{"href":"https:\/\/yourdailyjewellery.eu\/de\/wp-json\/wp\/v2\/media?parent=4117"}],"wp:term":[{"taxonomy":"product_brand","embeddable":true,"href":"https:\/\/yourdailyjewellery.eu\/de\/wp-json\/wp\/v2\/product_brand?post=4117"},{"taxonomy":"product_cat","embeddable":true,"href":"https:\/\/yourdailyjewellery.eu\/de\/wp-json\/wp\/v2\/product_cat?post=4117"},{"taxonomy":"product_tag","embeddable":true,"href":"https:\/\/yourdailyjewellery.eu\/de\/wp-json\/wp\/v2\/product_tag?post=4117"}],"curies":[{"name":"wp","href":"https:\/\/api.w.org\/{rel}","templated":true}]}}