{"id":5434,"date":"2024-02-20T11:02:43","date_gmt":"2024-02-20T10:02:43","guid":{"rendered":"https:\/\/yourdailyjewellery.eu\/ueber-uns\/"},"modified":"2026-01-20T23:03:45","modified_gmt":"2026-01-20T22:03:45","slug":"ueber-uns","status":"publish","type":"page","link":"https:\/\/yourdailyjewellery.eu\/de\/ueber-uns\/","title":{"rendered":"\u00dcber uns"},"content":{"rendered":"\t\t<div data-elementor-type=\"wp-page\" data-elementor-id=\"5434\" class=\"elementor elementor-5434 elementor-2448\">\n\t\t\t\t<div class=\"elementor-element elementor-element-4080c79 e-con-full e-flex e-con e-parent\" data-id=\"4080c79\" data-element_type=\"container\">\n\t\t\t\t<div class=\"elementor-element elementor-element-b18d456 elementor-widget elementor-widget-image\" data-id=\"b18d456\" data-element_type=\"widget\" data-widget_type=\"image.default\">\n\t\t\t\t\t\t\t\t\t\t\t\t\t\t\t<img fetchpriority=\"high\" decoding=\"async\" width=\"1920\" height=\"560\" src=\"https:\/\/yourdailyjewellery.eu\/wp-content\/uploads\/2026\/01\/Category-banner.jpg\" class=\"attachment-full size-full wp-image-5385\" alt=\"Kollektion wasserfester Schmuckst\u00fccke aus vergoldetem Chirurgenstahl f\u00fcr den Alltag - YourDailyJewellery.eu\" srcset=\"https:\/\/yourdailyjewellery.eu\/wp-content\/uploads\/2026\/01\/Category-banner.jpg 1920w, https:\/\/yourdailyjewellery.eu\/wp-content\/uploads\/2026\/01\/Category-banner-300x88.jpg 300w, https:\/\/yourdailyjewellery.eu\/wp-content\/uploads\/2026\/01\/Category-banner-1024x299.jpg 1024w, https:\/\/yourdailyjewellery.eu\/wp-content\/uploads\/2026\/01\/Category-banner-768x224.jpg 768w, https:\/\/yourdailyjewellery.eu\/wp-content\/uploads\/2026\/01\/Category-banner-1536x448.jpg 1536w, https:\/\/yourdailyjewellery.eu\/wp-content\/uploads\/2026\/01\/Category-banner-600x175.jpg 600w, https:\/\/yourdailyjewellery.eu\/wp-content\/uploads\/2026\/01\/Category-banner-90x26.jpg 90w\" sizes=\"(max-width: 1920px) 100vw, 1920px\" \/>\t\t\t\t\t\t\t\t\t\t\t\t\t\t\t<\/div>\n\t\t\t\t<\/div>\n\t\t<div class=\"elementor-element elementor-element-f68ab67 e-flex e-con-boxed e-con e-parent\" data-id=\"f68ab67\" data-element_type=\"container\">\n\t\t\t\t\t<div class=\"e-con-inner\">\n\t\t<div class=\"elementor-element elementor-element-498964d e-con-full e-flex e-con e-child\" data-id=\"498964d\" data-element_type=\"container\">\n\t\t\t\t<div class=\"elementor-element elementor-element-e542c28 top-white-bg elementor-widget elementor-widget-djewno-custom-title\" data-id=\"e542c28\" data-element_type=\"widget\" data-widget_type=\"djewno-custom-title.default\">\n\t\t\t\t<div class=\"elementor-widget-container\">\n\t\t\t\t\t<div class=\"klb-custom-title\"><h4 class=\"entry-subtitle text-12 font-semibold uppercase text-gray-500 tracking-wide mb-10 sm-mb-20\">O n\u00e1s - Your Daily Jewellery<\/h4><h1 class=\"entry-title max-992\">\u0160perky, ktor\u00e9 \u017eij\u00fa s vami. Ka\u017ed\u00fd de\u0148, kdeko\u013evek v Eur\u00f3pe.\n<\/h1><\/div>\t\t\t\t<\/div>\n\t\t\t\t<\/div>\n\t\t\t\t<\/div>\n\t\t\t\t\t<\/div>\n\t\t\t\t<\/div>\n\t\t<div class=\"elementor-element elementor-element-a877f27 e-flex e-con-boxed e-con e-parent\" data-id=\"a877f27\" data-element_type=\"container\">\n\t\t\t\t\t<div class=\"e-con-inner\">\n\t\t<div class=\"elementor-element elementor-element-908d2cf e-con-full e-flex e-con e-child\" data-id=\"908d2cf\" data-element_type=\"container\">\n\t\t\t\t<div class=\"elementor-element elementor-element-c9a6ffb elementor-widget elementor-widget-heading\" data-id=\"c9a6ffb\" data-element_type=\"widget\" data-widget_type=\"heading.default\">\n\t\t\t\t\t<p class=\"elementor-heading-title elementor-size-default\">Willkommen in der Welt von YourDailyJewellery, wo wir glauben, dass Luxus nicht nur besonderen Anl\u00e4ssen vorbehalten sein muss. Wir sind ein europ\u00e4ischer Schmuck-E-Shop, der aus einer einfachen \u00dcberzeugung heraus entstanden ist: Jede Frau und jeder Mann verdient es, sich besonders zu f\u00fchlen, sei es bei einem Gesch\u00e4ftstermin, einem Kaffee mit Freunden oder im Alltag zu Hause. <\/p>\t\t\t\t<\/div>\n\t\t\t\t<\/div>\n\t\t<div class=\"elementor-element elementor-element-18cd324 e-con-full e-flex e-con e-child\" data-id=\"18cd324\" data-element_type=\"container\">\n\t\t\t\t<div class=\"elementor-element elementor-element-cda6d37 elementor-widget elementor-widget-heading\" data-id=\"cda6d37\" data-element_type=\"widget\" data-widget_type=\"heading.default\">\n\t\t\t\t\t<p class=\"elementor-heading-title elementor-size-default\">Unser Ziel ist es nicht nur, Accessoires zu verkaufen. Unser Ziel ist es, Ihnen Schmuck zu bringen, der ein Teil von Ihnen wird \u2013 St\u00fccke, die Sie vor dem Duschen nicht ablegen m\u00fcssen, die nach einem Monat Tragen ihren Glanz nicht verlieren und die Ihre Pers\u00f6nlichkeit perfekt unterstreichen. \n<\/p>\t\t\t\t<\/div>\n\t\t\t\t<\/div>\n\t\t\t\t\t<\/div>\n\t\t\t\t<\/div>\n\t\t<div class=\"elementor-element elementor-element-261faac e-flex e-con-boxed e-con e-parent\" data-id=\"261faac\" data-element_type=\"container\">\n\t\t\t\t\t<div class=\"e-con-inner\">\n\t\t<div class=\"elementor-element elementor-element-9b1d9e5 e-con-full e-flex e-con e-child\" data-id=\"9b1d9e5\" data-element_type=\"container\">\n\t\t\t\t<div class=\"elementor-element elementor-element-14e774d elementor-widget__width-initial elementor-widget elementor-widget-djewno-custom-title\" data-id=\"14e774d\" data-element_type=\"widget\" data-widget_type=\"djewno-custom-title.default\">\n\t\t\t\t<div class=\"elementor-widget-container\">\n\t\t\t\t\t<div class=\"text-block\"><h4 class=\"entry-subtitle text-12 font-bold text-gray-400 uppercase mb-10 sm-mb-18\">D\u00f4vera<\/h4><h3 class=\"entry-title text-22 sm-text-36 font-medium mb-10 sm-mb-28\">30 rokov sk\u00fasenost\u00ed a v\u00e1\u0161ne pre detail\u200b<\/h3><div class=\"entry-excerpt text-14 text-gray-600 mb-20 sm-mb-42\"><p>Hoci sa trendy v m\u00f3de menia r\u00fdchlos\u0165ou svetla, sk\u00fasenosti s\u00fa nenahradite\u013en\u00e9. N\u00e1\u0161 t\u00edm sa pohybuje vo svete \u0161perkov a m\u00f3dy u\u017e viac ako 30 rokov. T\u00e1to dek\u00e1da n\u00e1m dala neocenite\u013en\u00e9 know-how:\u200b\n<\/p><\/div><!-- entry-excerpt --><\/div><!-- text-block -->\t\t\t\t<\/div>\n\t\t\t\t<\/div>\n\t\t\t\t<div class=\"elementor-element elementor-element-74810f9 elementor-widget__width-initial elementor-widget elementor-widget-heading\" data-id=\"74810f9\" data-element_type=\"widget\" data-widget_type=\"heading.default\">\n\t\t\t\t\t<p class=\"elementor-heading-title elementor-size-default\">Wir k\u00f6nnen echte Qualit\u00e4t von billigen Imitationen unterscheiden.\n<p>\nWir verstehen, was eine moderne Frau braucht \u2013 Sch\u00f6nheit verbunden mit Praktikabilit\u00e4t.\n\nWir haben starke Beziehungen zu Lieferanten aufgebaut, wodurch wir Ihnen Premium-Designs zu fairen Preisen anbieten k\u00f6nnen.\n<\/p>\t\t\t\t<\/div>\n\t\t\t\t<div class=\"elementor-element elementor-element-b9f4085 elementor-widget elementor-widget-text-editor\" data-id=\"b9f4085\" data-element_type=\"widget\" data-widget_type=\"text-editor.default\">\n\t\t\t\t\t\t\t\t\t<ul><li><p data-path-to-node=\"10,0,0\">Wir k\u00f6nnen echte Qualit\u00e4t von billigen Imitationen unterscheiden.<\/p><\/li><li><p data-path-to-node=\"10,1,0\">Wir verstehen, was moderne Frauen und M\u00e4nner brauchen \u2013 Sch\u00f6nheit verbunden mit Praktikabilit\u00e4t.<\/p><\/li><li><p data-path-to-node=\"10,2,0\">Wir haben starke Beziehungen zu Lieferanten aufgebaut, wodurch wir Ihnen Premium-Designs zu fairen Preisen anbieten k\u00f6nnen.<\/p><\/li><\/ul>\t\t\t\t\t\t\t\t<\/div>\n\t\t\t\t<\/div>\n\t\t<div class=\"elementor-element elementor-element-fdd2e08 e-con-full e-flex e-con e-child\" data-id=\"fdd2e08\" data-element_type=\"container\">\n\t\t\t\t<div class=\"elementor-element elementor-element-af0adab elementor-widget__width-initial elementor-widget elementor-widget-image\" data-id=\"af0adab\" data-element_type=\"widget\" data-widget_type=\"image.default\">\n\t\t\t\t\t\t\t\t\t\t\t\t\t\t\t<img decoding=\"async\" width=\"1000\" height=\"1000\" src=\"https:\/\/yourdailyjewellery.eu\/wp-content\/uploads\/2025\/12\/Retiazky-banner-top-RIGHT2.jpg\" class=\"attachment-full size-full wp-image-5441\" alt=\"Goldener Damenring aus Chirurgenstahl mit organischem Wellendesign an der Hand\" srcset=\"https:\/\/yourdailyjewellery.eu\/wp-content\/uploads\/2025\/12\/Retiazky-banner-top-RIGHT2.jpg 1000w, https:\/\/yourdailyjewellery.eu\/wp-content\/uploads\/2025\/12\/Retiazky-banner-top-RIGHT2-300x300.jpg 300w, https:\/\/yourdailyjewellery.eu\/wp-content\/uploads\/2025\/12\/Retiazky-banner-top-RIGHT2-150x150.jpg 150w, https:\/\/yourdailyjewellery.eu\/wp-content\/uploads\/2025\/12\/Retiazky-banner-top-RIGHT2-768x768.jpg 768w, https:\/\/yourdailyjewellery.eu\/wp-content\/uploads\/2025\/12\/Retiazky-banner-top-RIGHT2-450x450.jpg 450w, https:\/\/yourdailyjewellery.eu\/wp-content\/uploads\/2025\/12\/Retiazky-banner-top-RIGHT2-600x600.jpg 600w, https:\/\/yourdailyjewellery.eu\/wp-content\/uploads\/2025\/12\/Retiazky-banner-top-RIGHT2-54x54.jpg 54w\" sizes=\"(max-width: 1000px) 100vw, 1000px\" \/>\t\t\t\t\t\t\t\t\t\t\t\t\t\t\t<\/div>\n\t\t\t\t<\/div>\n\t\t<div class=\"elementor-element elementor-element-775988d e-con-full e-flex e-con e-child\" data-id=\"775988d\" data-element_type=\"container\">\n\t\t\t\t<div class=\"elementor-element elementor-element-2c723a3 elementor-widget__width-initial elementor-widget elementor-widget-heading\" data-id=\"2c723a3\" data-element_type=\"widget\" data-widget_type=\"heading.default\">\n\t\t\t\t\t<p class=\"elementor-heading-title elementor-size-default\">Von einer kleinen lokalen Initiative sind wir zu einem internationalen H\u00e4ndler herangewachsen, der heute mit Freude Pakete voller Freude an Kunden in mehreren L\u00e4ndern der Europ\u00e4ischen Union liefert.\n<\/p>\t\t\t\t<\/div>\n\t\t\t\t<div class=\"elementor-element elementor-element-84e163e elementor-widget__width-initial elementor-widget elementor-widget-image\" data-id=\"84e163e\" data-element_type=\"widget\" data-widget_type=\"image.default\">\n\t\t\t\t\t\t\t\t\t\t\t\t\t\t\t<img decoding=\"async\" width=\"800\" height=\"800\" src=\"https:\/\/yourdailyjewellery.eu\/wp-content\/uploads\/2025\/12\/182-detail-twisted-rope-chain-texture-gold.jpg\" class=\"attachment-full size-full wp-image-4488\" alt=\"Detaillierte Ansicht der Struktur einer gedrehten Goldkette, die an ein Seil erinnert\" srcset=\"https:\/\/yourdailyjewellery.eu\/wp-content\/uploads\/2025\/12\/182-detail-twisted-rope-chain-texture-gold.jpg 800w, https:\/\/yourdailyjewellery.eu\/wp-content\/uploads\/2025\/12\/182-detail-twisted-rope-chain-texture-gold-300x300.jpg 300w, https:\/\/yourdailyjewellery.eu\/wp-content\/uploads\/2025\/12\/182-detail-twisted-rope-chain-texture-gold-150x150.jpg 150w, https:\/\/yourdailyjewellery.eu\/wp-content\/uploads\/2025\/12\/182-detail-twisted-rope-chain-texture-gold-768x768.jpg 768w, https:\/\/yourdailyjewellery.eu\/wp-content\/uploads\/2025\/12\/182-detail-twisted-rope-chain-texture-gold-450x450.jpg 450w, https:\/\/yourdailyjewellery.eu\/wp-content\/uploads\/2025\/12\/182-detail-twisted-rope-chain-texture-gold-600x600.jpg 600w, https:\/\/yourdailyjewellery.eu\/wp-content\/uploads\/2025\/12\/182-detail-twisted-rope-chain-texture-gold-54x54.jpg 54w\" sizes=\"(max-width: 800px) 100vw, 800px\" \/>\t\t\t\t\t\t\t\t\t\t\t\t\t\t\t<\/div>\n\t\t\t\t<\/div>\n\t\t\t\t\t<\/div>\n\t\t\t\t<\/div>\n\t\t<div class=\"elementor-element elementor-element-140112f e-flex e-con-boxed e-con e-parent\" data-id=\"140112f\" data-element_type=\"container\">\n\t\t\t\t\t<div class=\"e-con-inner\">\n\t\t<div class=\"elementor-element elementor-element-6b0b62c e-con-full e-flex e-con e-child\" data-id=\"6b0b62c\" data-element_type=\"container\">\n\t\t\t\t<div class=\"elementor-element elementor-element-b495afe elementor-widget__width-initial elementor-widget elementor-widget-image\" data-id=\"b495afe\" data-element_type=\"widget\" data-widget_type=\"image.default\">\n\t\t\t\t\t\t\t\t\t\t\t\t\t\t\t<img loading=\"lazy\" decoding=\"async\" width=\"1000\" height=\"1000\" src=\"https:\/\/yourdailyjewellery.eu\/wp-content\/uploads\/2025\/12\/177-gold-upper-arm-cuff-bracelet-boho-summer.jpg\" class=\"attachment-full size-full wp-image-4531\" alt=\"Ma\u00dfe des Oberarmreifs\" srcset=\"https:\/\/yourdailyjewellery.eu\/wp-content\/uploads\/2025\/12\/177-gold-upper-arm-cuff-bracelet-boho-summer.jpg 1000w, https:\/\/yourdailyjewellery.eu\/wp-content\/uploads\/2025\/12\/177-gold-upper-arm-cuff-bracelet-boho-summer-300x300.jpg 300w, https:\/\/yourdailyjewellery.eu\/wp-content\/uploads\/2025\/12\/177-gold-upper-arm-cuff-bracelet-boho-summer-150x150.jpg 150w, https:\/\/yourdailyjewellery.eu\/wp-content\/uploads\/2025\/12\/177-gold-upper-arm-cuff-bracelet-boho-summer-768x768.jpg 768w, https:\/\/yourdailyjewellery.eu\/wp-content\/uploads\/2025\/12\/177-gold-upper-arm-cuff-bracelet-boho-summer-450x450.jpg 450w, https:\/\/yourdailyjewellery.eu\/wp-content\/uploads\/2025\/12\/177-gold-upper-arm-cuff-bracelet-boho-summer-600x600.jpg 600w, https:\/\/yourdailyjewellery.eu\/wp-content\/uploads\/2025\/12\/177-gold-upper-arm-cuff-bracelet-boho-summer-54x54.jpg 54w\" sizes=\"(max-width: 1000px) 100vw, 1000px\" \/>\t\t\t\t\t\t\t\t\t\t\t\t\t\t\t<\/div>\n\t\t\t\t<\/div>\n\t\t<div class=\"elementor-element elementor-element-833a9df e-con-full e-flex e-con e-child\" data-id=\"833a9df\" data-element_type=\"container\">\n\t\t\t\t<div class=\"elementor-element elementor-element-207c3df elementor-widget__width-initial elementor-widget elementor-widget-djewno-custom-title\" data-id=\"207c3df\" data-element_type=\"widget\" data-widget_type=\"djewno-custom-title.default\">\n\t\t\t\t<div class=\"elementor-widget-container\">\n\t\t\t\t\t<div class=\"text-block\"><h4 class=\"entry-subtitle text-12 font-bold text-gray-400 uppercase mb-10 sm-mb-18\">Du Kan Vara Drabbad<\/h4><h3 class=\"entry-title text-22 sm-text-36 font-medium mb-10 sm-mb-28\">YourDailyJewellery \u2013 Viac ne\u017e len obchod<\/h3><div class=\"entry-excerpt text-14 text-gray-600 mb-20 sm-mb-42\"><p>\n<\/p><\/div><!-- entry-excerpt --><\/div><!-- text-block -->\t\t\t\t<\/div>\n\t\t\t\t<\/div>\n\t\t\t\t<div class=\"elementor-element elementor-element-5a45e8b elementor-widget elementor-widget-text-editor\" data-id=\"5a45e8b\" data-element_type=\"widget\" data-widget_type=\"text-editor.default\">\n\t\t\t\t\t\t\t\t\t<ul><li data-path-to-node=\"19\">Unsere Gemeinschaft ist nicht durch Grenzen eingeschr\u00e4nkt. Ob Sie in Bratislava, Prag, Wien oder irgendwo in der EU sind, die Liebe zum Detail verbindet uns. <\/li><li data-path-to-node=\"20\">In unserem Angebot finden Sie alles von minimalistischen Ketten und zarten Armb\u00e4ndern \u00fcber markante \u201eStatement\u201c-Ringe bis hin zu symbolischem Schmuck mit Schutzmotiven.<\/li><\/ul><p data-path-to-node=\"21\">Vielen Dank, dass Sie Teil unserer Geschichte sind. Wir hoffen, dass unser Schmuck Ihnen jeden Tag Freude bereitet \u2013 genau wie es unser Name verspricht. <\/p>\t\t\t\t\t\t\t\t<\/div>\n\t\t\t\t<\/div>\n\t\t\t\t\t<\/div>\n\t\t\t\t<\/div>\n\t\t\t\t<\/div>\n\t\t","protected":false},"excerpt":{"rendered":"<p>O n\u00e1s &#8211; Your Daily Jewellery \u0160perky, ktor\u00e9 \u017eij\u00fa s vami. Ka\u017ed\u00fd de\u0148, kdeko\u013evek v Eur\u00f3pe. Willkommen in der Welt von YourDailyJewellery, wo wir glauben, dass Luxus nicht nur besonderen Anl\u00e4ssen vorbehalten sein muss. Wir sind ein europ\u00e4ischer Schmuck-E-Shop, der aus einer einfachen \u00dcberzeugung heraus entstanden ist: Jede Frau und jeder Mann verdient es, sich<\/p>\n<div class=\"klb-readmore button link bordered uppercase\"><a class=\"btn btn-primary link\" href=\"https:\/\/yourdailyjewellery.eu\/de\/ueber-uns\/\">Read More <i class=\"klbth-icon-right-arrow\"><\/i><\/a><\/div>\n","protected":false},"author":1,"featured_media":0,"parent":0,"menu_order":0,"comment_status":"closed","ping_status":"closed","template":"","meta":{"_monsterinsights_skip_tracking":false,"_monsterinsights_sitenote_active":false,"_monsterinsights_sitenote_note":"","_monsterinsights_sitenote_category":0,"_joinchat":[],"footnotes":""},"class_list":["post-5434","page","type-page","status-publish","hentry"],"_links":{"self":[{"href":"https:\/\/yourdailyjewellery.eu\/de\/wp-json\/wp\/v2\/pages\/5434","targetHints":{"allow":["GET"]}}],"collection":[{"href":"https:\/\/yourdailyjewellery.eu\/de\/wp-json\/wp\/v2\/pages"}],"about":[{"href":"https:\/\/yourdailyjewellery.eu\/de\/wp-json\/wp\/v2\/types\/page"}],"author":[{"embeddable":true,"href":"https:\/\/yourdailyjewellery.eu\/de\/wp-json\/wp\/v2\/users\/1"}],"replies":[{"embeddable":true,"href":"https:\/\/yourdailyjewellery.eu\/de\/wp-json\/wp\/v2\/comments?post=5434"}],"version-history":[{"count":1,"href":"https:\/\/yourdailyjewellery.eu\/de\/wp-json\/wp\/v2\/pages\/5434\/revisions"}],"predecessor-version":[{"id":5442,"href":"https:\/\/yourdailyjewellery.eu\/de\/wp-json\/wp\/v2\/pages\/5434\/revisions\/5442"}],"wp:attachment":[{"href":"https:\/\/yourdailyjewellery.eu\/de\/wp-json\/wp\/v2\/media?parent=5434"}],"curies":[{"name":"wp","href":"https:\/\/api.w.org\/{rel}","templated":true}]}}